{"id":126,"date":"2021-06-28T14:10:38","date_gmt":"2021-06-28T14:10:38","guid":{"rendered":"https:\/\/monimoto.com\/it\/?page_id=126"},"modified":"2024-04-02T10:48:04","modified_gmt":"2024-04-02T10:48:04","slug":"dichiarazione-di-conformita","status":"publish","type":"page","link":"https:\/\/monimoto.com\/it\/dichiarazione-di-conformita\/","title":{"rendered":"Dichiarazione di conformit\u00e0"},"content":{"rendered":"<p><a href=\"\/uploads\/mm5-ce-declaration.pdf\" target=\"\u201d_blank\u201d\" rel=\"noopener\">Declaration of Conformity (MM5)<\/a><br \/>\n<a href=\"\/uploads\/mm6-ce-declaration.pdf\" target=\"\u201d_blank\u201d\" rel=\"noopener\">Declaration of Conformity (MM6)<\/a><br \/>\n<a href=\"\/uploads\/RF_067_02_EC_Declaration_of_Conformity_(RED).pdf\" target=\"\u201d_blank\u201d\" rel=\"noopener\">Dichiarazione di conformit\u00e0 (Monimoto 7)<\/a><br \/>\n<a href=\"\/uploads\/key4-doc.pdf\" target=\"\u201d_blank\u201d\" rel=\"noopener\">Dichiarazione di conformit\u00e0 (Key Fob 4)<\/a><br \/>\n<a href=\"https:\/\/monimoto.com\/media\/Declaration-of-Conformity_Monimoto9.pdf\" target=\"_blank\" rel=\"noopener\">Dichiarazione di conformit\u00e0 (Monimoto 9)<\/a><\/p>\n","protected":false},"excerpt":{"rendered":"<p>Declaration of Conformity (MM5) Declaration of Conformity (MM6) Dichiarazione di conformit\u00e0 (Monimoto 7) Dichiarazione di conformit\u00e0 (Key Fob 4) Dichiarazione di conformit\u00e0 (Monimoto 9)<\/p>\n","protected":false},"author":1,"featured_media":0,"parent":0,"menu_order":0,"comment_status":"closed","ping_status":"closed","template":"","meta":{"_acf_changed":false,"footnotes":""},"class_list":["post-126","page","type-page","status-publish","hentry"],"acf":[],"yoast_head":"<!-- This site is optimized with the Yoast SEO plugin v27.4 - https:\/\/yoast.com\/product\/yoast-seo-wordpress\/ -->\n<title>Dichiarazione di conformit\u00e0 - Monimoto Italia<\/title>\n<meta name=\"robots\" content=\"index, follow, max-snippet:-1, max-image-preview:large, max-video-preview:-1\" \/>\n<link rel=\"canonical\" href=\"https:\/\/monimoto.com\/it\/dichiarazione-di-conformita\/\" \/>\n<meta name=\"twitter:card\" content=\"summary_large_image\" \/>\n<meta name=\"twitter:title\" content=\"Dichiarazione di conformit\u00e0 - Monimoto Italia\" \/>\n<meta name=\"twitter:description\" content=\"Declaration of Conformity (MM5) Declaration of Conformity (MM6) Dichiarazione di conformit\u00e0 (Monimoto 7) Dichiarazione di conformit\u00e0 (Key Fob 4) Dichiarazione di conformit\u00e0 (Monimoto 9)\" \/>\n<meta name=\"twitter:label1\" content=\"Est. reading time\" \/>\n\t<meta name=\"twitter:data1\" content=\"1 minute\" \/>\n<script type=\"application\/ld+json\" class=\"yoast-schema-graph\">{\"@context\":\"https:\\\/\\\/schema.org\",\"@graph\":[{\"@type\":\"WebPage\",\"@id\":\"https:\\\/\\\/monimoto.com\\\/it\\\/dichiarazione-di-conformita\\\/\",\"url\":\"https:\\\/\\\/monimoto.com\\\/it\\\/dichiarazione-di-conformita\\\/\",\"name\":\"Dichiarazione di conformit\u00e0 - Monimoto Italia\",\"isPartOf\":{\"@id\":\"https:\\\/\\\/monimoto.com\\\/it\\\/#website\"},\"datePublished\":\"2021-06-28T14:10:38+00:00\",\"dateModified\":\"2024-04-02T10:48:04+00:00\",\"breadcrumb\":{\"@id\":\"https:\\\/\\\/monimoto.com\\\/it\\\/dichiarazione-di-conformita\\\/#breadcrumb\"},\"inLanguage\":\"en-US\",\"potentialAction\":[{\"@type\":\"ReadAction\",\"target\":[\"https:\\\/\\\/monimoto.com\\\/it\\\/dichiarazione-di-conformita\\\/\"]}]},{\"@type\":\"BreadcrumbList\",\"@id\":\"https:\\\/\\\/monimoto.com\\\/it\\\/dichiarazione-di-conformita\\\/#breadcrumb\",\"itemListElement\":[{\"@type\":\"ListItem\",\"position\":1,\"name\":\"Home\",\"item\":\"https:\\\/\\\/monimoto.com\\\/it\\\/\"},{\"@type\":\"ListItem\",\"position\":2,\"name\":\"Dichiarazione di conformit\u00e0\"}]},{\"@type\":\"WebSite\",\"@id\":\"https:\\\/\\\/monimoto.com\\\/it\\\/#website\",\"url\":\"https:\\\/\\\/monimoto.com\\\/it\\\/\",\"name\":\"Monimoto Italia\",\"description\":\"Il tracker intelligente per motociclette\",\"potentialAction\":[{\"@type\":\"SearchAction\",\"target\":{\"@type\":\"EntryPoint\",\"urlTemplate\":\"https:\\\/\\\/monimoto.com\\\/it\\\/?s={search_term_string}\"},\"query-input\":{\"@type\":\"PropertyValueSpecification\",\"valueRequired\":true,\"valueName\":\"search_term_string\"}}],\"inLanguage\":\"en-US\"}]}<\/script>\n<!-- \/ Yoast SEO plugin. -->","yoast_head_json":{"title":"Dichiarazione di conformit\u00e0 - Monimoto Italia","robots":{"index":"index","follow":"follow","max-snippet":"max-snippet:-1","max-image-preview":"max-image-preview:large","max-video-preview":"max-video-preview:-1"},"canonical":"https:\/\/monimoto.com\/it\/dichiarazione-di-conformita\/","twitter_card":"summary_large_image","twitter_title":"Dichiarazione di conformit\u00e0 - Monimoto Italia","twitter_description":"Declaration of Conformity (MM5) Declaration of Conformity (MM6) Dichiarazione di conformit\u00e0 (Monimoto 7) Dichiarazione di conformit\u00e0 (Key Fob 4) Dichiarazione di conformit\u00e0 (Monimoto 9)","twitter_misc":{"Est. reading time":"1 minute"},"schema":{"@context":"https:\/\/schema.org","@graph":[{"@type":"WebPage","@id":"https:\/\/monimoto.com\/it\/dichiarazione-di-conformita\/","url":"https:\/\/monimoto.com\/it\/dichiarazione-di-conformita\/","name":"Dichiarazione di conformit\u00e0 - Monimoto Italia","isPartOf":{"@id":"https:\/\/monimoto.com\/it\/#website"},"datePublished":"2021-06-28T14:10:38+00:00","dateModified":"2024-04-02T10:48:04+00:00","breadcrumb":{"@id":"https:\/\/monimoto.com\/it\/dichiarazione-di-conformita\/#breadcrumb"},"inLanguage":"en-US","potentialAction":[{"@type":"ReadAction","target":["https:\/\/monimoto.com\/it\/dichiarazione-di-conformita\/"]}]},{"@type":"BreadcrumbList","@id":"https:\/\/monimoto.com\/it\/dichiarazione-di-conformita\/#breadcrumb","itemListElement":[{"@type":"ListItem","position":1,"name":"Home","item":"https:\/\/monimoto.com\/it\/"},{"@type":"ListItem","position":2,"name":"Dichiarazione di conformit\u00e0"}]},{"@type":"WebSite","@id":"https:\/\/monimoto.com\/it\/#website","url":"https:\/\/monimoto.com\/it\/","name":"Monimoto Italia","description":"Il tracker intelligente per motociclette","potentialAction":[{"@type":"SearchAction","target":{"@type":"EntryPoint","urlTemplate":"https:\/\/monimoto.com\/it\/?s={search_term_string}"},"query-input":{"@type":"PropertyValueSpecification","valueRequired":true,"valueName":"search_term_string"}}],"inLanguage":"en-US"}]}},"_links":{"self":[{"href":"https:\/\/monimoto.com\/it\/wp-json\/wp\/v2\/pages\/126","targetHints":{"allow":["GET"]}}],"collection":[{"href":"https:\/\/monimoto.com\/it\/wp-json\/wp\/v2\/pages"}],"about":[{"href":"https:\/\/monimoto.com\/it\/wp-json\/wp\/v2\/types\/page"}],"author":[{"embeddable":true,"href":"https:\/\/monimoto.com\/it\/wp-json\/wp\/v2\/users\/1"}],"replies":[{"embeddable":true,"href":"https:\/\/monimoto.com\/it\/wp-json\/wp\/v2\/comments?post=126"}],"version-history":[{"count":5,"href":"https:\/\/monimoto.com\/it\/wp-json\/wp\/v2\/pages\/126\/revisions"}],"predecessor-version":[{"id":473,"href":"https:\/\/monimoto.com\/it\/wp-json\/wp\/v2\/pages\/126\/revisions\/473"}],"wp:attachment":[{"href":"https:\/\/monimoto.com\/it\/wp-json\/wp\/v2\/media?parent=126"}],"curies":[{"name":"wp","href":"https:\/\/api.w.org\/{rel}","templated":true}]}}