{"id":620234,"date":"2024-02-21T14:48:59","date_gmt":"2024-02-21T12:48:59","guid":{"rendered":"https:\/\/monimoto.com\/fr\/?post_type=product&#038;p=620234"},"modified":"2026-03-06T14:32:54","modified_gmt":"2026-03-06T12:32:54","slug":"traceur-monimoto-9","status":"publish","type":"product","link":"https:\/\/monimoto.com\/fr\/produit\/traceur-monimoto-9\/","title":{"rendered":"Traceur Monimoto 9"},"content":{"rendered":"","protected":false},"excerpt":{"rendered":"<p>39\u20ac\/an abonnement carte SIM<br \/>\n<strong>Les 2 premiers mois sont offerts<\/strong><\/p>\n","protected":false},"featured_media":53063,"template":"","meta":{"_acf_changed":false},"product_brand":[],"product_cat":[18],"product_tag":[],"class_list":{"0":"post-620234","1":"product","2":"type-product","3":"status-publish","4":"has-post-thumbnail","6":"product_cat-traceurs","8":"first","9":"instock","10":"taxable","11":"shipping-taxable","12":"purchasable","13":"product-type-simple"},"bundled_by":[],"bundle_stock_status":"instock","bundle_stock_quantity":null,"bundle_virtual":false,"bundle_layout":"","bundle_add_to_cart_form_location":"","bundle_editable_in_cart":false,"bundle_sold_individually_context":"","bundle_item_grouping":"","bundle_min_size":"","bundle_max_size":"","bundle_price":[],"bundled_items":[],"bundle_sell_ids":[],"acf":[],"yoast_head":"<!-- This site is optimized with the Yoast SEO plugin v27.4 - https:\/\/yoast.com\/product\/yoast-seo-wordpress\/ -->\n<title>Traceur Monimoto 9 - Monimoto France<\/title>\n<meta name=\"description\" content=\"Le Traceur Monimoto 9 - syst\u00e8me de tra\u00e7age GPS intelligent et sans fil pour motos et scooters. Utilise un r\u00e9seau LTE-M qui fonctionne globalement.\" \/>\n<meta name=\"robots\" content=\"index, follow, max-snippet:-1, max-image-preview:large, max-video-preview:-1\" \/>\n<link rel=\"canonical\" href=\"https:\/\/monimoto.com\/fr\/produit\/traceur-monimoto-9\/\" \/>\n<meta name=\"twitter:card\" content=\"summary_large_image\" \/>\n<meta name=\"twitter:title\" content=\"Traceur Monimoto 9 - Monimoto France\" \/>\n<meta name=\"twitter:description\" content=\"Le Traceur Monimoto 9 - syst\u00e8me de tra\u00e7age GPS intelligent et sans fil pour motos et scooters. Utilise un r\u00e9seau LTE-M qui fonctionne globalement.\" \/>\n<meta name=\"twitter:label1\" content=\"Prix\" \/>\n\t<meta name=\"twitter:data1\" content=\"&euro;169.00\" \/>\n\t<meta name=\"twitter:label2\" content=\"Availability\" \/>\n\t<meta name=\"twitter:data2\" content=\"In stock\" \/>\n<script type=\"application\/ld+json\" class=\"yoast-schema-graph\">{\"@context\":\"https:\\\/\\\/schema.org\",\"@graph\":[{\"@type\":[\"WebPage\",\"ItemPage\"],\"@id\":\"https:\\\/\\\/monimoto.com\\\/fr\\\/produit\\\/traceur-monimoto-9\\\/\",\"url\":\"https:\\\/\\\/monimoto.com\\\/fr\\\/produit\\\/traceur-monimoto-9\\\/\",\"name\":\"Traceur Monimoto 9 - Monimoto France\",\"isPartOf\":{\"@id\":\"https:\\\/\\\/monimoto.com\\\/fr\\\/#website\"},\"primaryImageOfPage\":{\"@id\":\"https:\\\/\\\/monimoto.com\\\/fr\\\/produit\\\/traceur-monimoto-9\\\/#primaryimage\"},\"image\":{\"@id\":\"https:\\\/\\\/monimoto.com\\\/fr\\\/produit\\\/traceur-monimoto-9\\\/#primaryimage\"},\"thumbnailUrl\":\"https:\\\/\\\/monimoto.com\\\/media\\\/MM9_badges.jpg\",\"datePublished\":\"2024-02-21T12:48:59+00:00\",\"dateModified\":\"2026-03-06T12:32:54+00:00\",\"description\":\"Le Traceur Monimoto 9 - syst\u00e8me de tra\u00e7age GPS intelligent et sans fil pour motos et scooters. Utilise un r\u00e9seau LTE-M qui fonctionne globalement.\",\"breadcrumb\":{\"@id\":\"https:\\\/\\\/monimoto.com\\\/fr\\\/produit\\\/traceur-monimoto-9\\\/#breadcrumb\"},\"inLanguage\":\"fr-FR\",\"potentialAction\":[{\"@type\":\"ReadAction\",\"target\":[\"https:\\\/\\\/monimoto.com\\\/fr\\\/produit\\\/traceur-monimoto-9\\\/\"]}]},{\"@type\":\"ImageObject\",\"inLanguage\":\"fr-FR\",\"@id\":\"https:\\\/\\\/monimoto.com\\\/fr\\\/produit\\\/traceur-monimoto-9\\\/#primaryimage\",\"url\":\"https:\\\/\\\/monimoto.com\\\/media\\\/MM9_badges.jpg\",\"contentUrl\":\"https:\\\/\\\/monimoto.com\\\/media\\\/MM9_badges.jpg\"},{\"@type\":\"BreadcrumbList\",\"@id\":\"https:\\\/\\\/monimoto.com\\\/fr\\\/produit\\\/traceur-monimoto-9\\\/#breadcrumb\",\"itemListElement\":[{\"@type\":\"ListItem\",\"position\":1,\"name\":\"Home\",\"item\":\"https:\\\/\\\/monimoto.com\\\/fr\\\/\"},{\"@type\":\"ListItem\",\"position\":2,\"name\":\"Boutique\",\"item\":\"https:\\\/\\\/monimoto.com\\\/fr\\\/boutique\\\/\"},{\"@type\":\"ListItem\",\"position\":3,\"name\":\"Traceur Monimoto 9\"}]},{\"@type\":\"WebSite\",\"@id\":\"https:\\\/\\\/monimoto.com\\\/fr\\\/#website\",\"url\":\"https:\\\/\\\/monimoto.com\\\/fr\\\/\",\"name\":\"Monimoto France\",\"description\":\"\",\"publisher\":{\"@id\":\"https:\\\/\\\/monimoto.com\\\/fr\\\/#organization\"},\"potentialAction\":[{\"@type\":\"SearchAction\",\"target\":{\"@type\":\"EntryPoint\",\"urlTemplate\":\"https:\\\/\\\/monimoto.com\\\/fr\\\/?s={search_term_string}\"},\"query-input\":{\"@type\":\"PropertyValueSpecification\",\"valueRequired\":true,\"valueName\":\"search_term_string\"}}],\"inLanguage\":\"fr-FR\"},{\"@type\":\"Organization\",\"@id\":\"https:\\\/\\\/monimoto.com\\\/fr\\\/#organization\",\"name\":\"Monimoto\",\"url\":\"https:\\\/\\\/monimoto.com\\\/fr\\\/\",\"logo\":{\"@type\":\"ImageObject\",\"inLanguage\":\"fr-FR\",\"@id\":\"https:\\\/\\\/monimoto.com\\\/fr\\\/#\\\/schema\\\/logo\\\/image\\\/\",\"url\":\"https:\\\/\\\/monimoto.com\\\/media\\\/monimoto-1000x500-1.png\",\"contentUrl\":\"https:\\\/\\\/monimoto.com\\\/media\\\/monimoto-1000x500-1.png\",\"width\":1000,\"height\":500,\"caption\":\"Monimoto\"},\"image\":{\"@id\":\"https:\\\/\\\/monimoto.com\\\/fr\\\/#\\\/schema\\\/logo\\\/image\\\/\"}}]}<\/script>\n<meta property=\"product:price:amount\" content=\"169.00\" \/>\n<meta property=\"product:price:currency\" content=\"EUR\" \/>\n<meta property=\"og:availability\" content=\"instock\" \/>\n<meta property=\"product:availability\" content=\"instock\" \/>\n<meta property=\"product:retailer_item_id\" content=\"MM9U-4\" \/>\n<meta property=\"product:condition\" content=\"new\" \/>\n<!-- \/ Yoast SEO plugin. -->","yoast_head_json":{"title":"Traceur Monimoto 9 - Monimoto France","description":"Le Traceur Monimoto 9 - syst\u00e8me de tra\u00e7age GPS intelligent et sans fil pour motos et scooters. Utilise un r\u00e9seau LTE-M qui fonctionne globalement.","robots":{"index":"index","follow":"follow","max-snippet":"max-snippet:-1","max-image-preview":"max-image-preview:large","max-video-preview":"max-video-preview:-1"},"canonical":"https:\/\/monimoto.com\/fr\/produit\/traceur-monimoto-9\/","twitter_card":"summary_large_image","twitter_title":"Traceur Monimoto 9 - Monimoto France","twitter_description":"Le Traceur Monimoto 9 - syst\u00e8me de tra\u00e7age GPS intelligent et sans fil pour motos et scooters. Utilise un r\u00e9seau LTE-M qui fonctionne globalement.","twitter_misc":{"Prix":"&euro;169.00","Availability":"In stock"},"schema":{"@context":"https:\/\/schema.org","@graph":[{"@type":["WebPage","ItemPage"],"@id":"https:\/\/monimoto.com\/fr\/produit\/traceur-monimoto-9\/","url":"https:\/\/monimoto.com\/fr\/produit\/traceur-monimoto-9\/","name":"Traceur Monimoto 9 - Monimoto France","isPartOf":{"@id":"https:\/\/monimoto.com\/fr\/#website"},"primaryImageOfPage":{"@id":"https:\/\/monimoto.com\/fr\/produit\/traceur-monimoto-9\/#primaryimage"},"image":{"@id":"https:\/\/monimoto.com\/fr\/produit\/traceur-monimoto-9\/#primaryimage"},"thumbnailUrl":"https:\/\/monimoto.com\/media\/MM9_badges.jpg","datePublished":"2024-02-21T12:48:59+00:00","dateModified":"2026-03-06T12:32:54+00:00","description":"Le Traceur Monimoto 9 - syst\u00e8me de tra\u00e7age GPS intelligent et sans fil pour motos et scooters. Utilise un r\u00e9seau LTE-M qui fonctionne globalement.","breadcrumb":{"@id":"https:\/\/monimoto.com\/fr\/produit\/traceur-monimoto-9\/#breadcrumb"},"inLanguage":"fr-FR","potentialAction":[{"@type":"ReadAction","target":["https:\/\/monimoto.com\/fr\/produit\/traceur-monimoto-9\/"]}]},{"@type":"ImageObject","inLanguage":"fr-FR","@id":"https:\/\/monimoto.com\/fr\/produit\/traceur-monimoto-9\/#primaryimage","url":"https:\/\/monimoto.com\/media\/MM9_badges.jpg","contentUrl":"https:\/\/monimoto.com\/media\/MM9_badges.jpg"},{"@type":"BreadcrumbList","@id":"https:\/\/monimoto.com\/fr\/produit\/traceur-monimoto-9\/#breadcrumb","itemListElement":[{"@type":"ListItem","position":1,"name":"Home","item":"https:\/\/monimoto.com\/fr\/"},{"@type":"ListItem","position":2,"name":"Boutique","item":"https:\/\/monimoto.com\/fr\/boutique\/"},{"@type":"ListItem","position":3,"name":"Traceur Monimoto 9"}]},{"@type":"WebSite","@id":"https:\/\/monimoto.com\/fr\/#website","url":"https:\/\/monimoto.com\/fr\/","name":"Monimoto France","description":"","publisher":{"@id":"https:\/\/monimoto.com\/fr\/#organization"},"potentialAction":[{"@type":"SearchAction","target":{"@type":"EntryPoint","urlTemplate":"https:\/\/monimoto.com\/fr\/?s={search_term_string}"},"query-input":{"@type":"PropertyValueSpecification","valueRequired":true,"valueName":"search_term_string"}}],"inLanguage":"fr-FR"},{"@type":"Organization","@id":"https:\/\/monimoto.com\/fr\/#organization","name":"Monimoto","url":"https:\/\/monimoto.com\/fr\/","logo":{"@type":"ImageObject","inLanguage":"fr-FR","@id":"https:\/\/monimoto.com\/fr\/#\/schema\/logo\/image\/","url":"https:\/\/monimoto.com\/media\/monimoto-1000x500-1.png","contentUrl":"https:\/\/monimoto.com\/media\/monimoto-1000x500-1.png","width":1000,"height":500,"caption":"Monimoto"},"image":{"@id":"https:\/\/monimoto.com\/fr\/#\/schema\/logo\/image\/"}}]},"product_price_amount":"169.00","product_price_currency":"EUR","og_availability":"instock","product_availability":"instock","product_retailer_item_id":"MM9U-4","product_condition":"new"},"_links":{"self":[{"href":"https:\/\/monimoto.com\/fr\/wp-json\/wp\/v2\/product\/620234","targetHints":{"allow":["GET"]}}],"collection":[{"href":"https:\/\/monimoto.com\/fr\/wp-json\/wp\/v2\/product"}],"about":[{"href":"https:\/\/monimoto.com\/fr\/wp-json\/wp\/v2\/types\/product"}],"wp:featuredmedia":[{"embeddable":true,"href":"https:\/\/monimoto.com\/fr\/wp-json\/"}],"wp:attachment":[{"href":"https:\/\/monimoto.com\/fr\/wp-json\/wp\/v2\/media?parent=620234"}],"wp:term":[{"taxonomy":"product_brand","embeddable":true,"href":"https:\/\/monimoto.com\/fr\/wp-json\/wp\/v2\/product_brand?post=620234"},{"taxonomy":"product_cat","embeddable":true,"href":"https:\/\/monimoto.com\/fr\/wp-json\/wp\/v2\/product_cat?post=620234"},{"taxonomy":"product_tag","embeddable":true,"href":"https:\/\/monimoto.com\/fr\/wp-json\/wp\/v2\/product_tag?post=620234"}],"curies":[{"name":"wp","href":"https:\/\/api.w.org\/{rel}","templated":true}]}}