{"id":621639,"date":"2025-05-22T10:01:29","date_gmt":"2025-05-22T07:01:29","guid":{"rendered":"https:\/\/monimoto.com\/fr\/?page_id=621639"},"modified":"2026-02-02T14:10:13","modified_gmt":"2026-02-02T12:10:13","slug":"traceur-gps-engin-de-chantier","status":"publish","type":"page","link":"https:\/\/monimoto.com\/fr\/traceur-gps-engin-de-chantier\/","title":{"rendered":"Traceur GPS pour engin de chantier"},"content":{"rendered":"","protected":false},"excerpt":{"rendered":"","protected":false},"author":48,"featured_media":0,"parent":0,"menu_order":0,"comment_status":"closed","ping_status":"closed","template":"","meta":{"_acf_changed":false,"footnotes":""},"class_list":["post-621639","page","type-page","status-publish","hentry"],"acf":[],"yoast_head":"<!-- This site is optimized with the Yoast SEO plugin v27.4 - https:\/\/yoast.com\/product\/yoast-seo-wordpress\/ -->\n<title>Traceur GPS pour engin de chantier - Monimoto France<\/title>\n<meta name=\"description\" content=\"Prot\u00e9gez vos machines lourdes avec un traceur GPS Monimoto pour \u00e9quipement. Optez pour un traceur GPS engin de chantier afin de pr\u00e9venir le vol d&#039;\u00e9quipement.\" \/>\n<meta name=\"robots\" content=\"index, follow, max-snippet:-1, max-image-preview:large, max-video-preview:-1\" \/>\n<link rel=\"canonical\" href=\"https:\/\/monimoto.com\/fr\/traceur-gps-engin-de-chantier\/\" \/>\n<meta name=\"twitter:card\" content=\"summary_large_image\" \/>\n<meta name=\"twitter:title\" content=\"Traceur GPS pour engin de chantier - Monimoto France\" \/>\n<meta name=\"twitter:description\" content=\"Prot\u00e9gez vos machines lourdes avec un traceur GPS Monimoto pour \u00e9quipement. Optez pour un traceur GPS engin de chantier afin de pr\u00e9venir le vol d&#039;\u00e9quipement.\" \/>\n<script type=\"application\/ld+json\" class=\"yoast-schema-graph\">{\"@context\":\"https:\\\/\\\/schema.org\",\"@graph\":[{\"@type\":\"WebPage\",\"@id\":\"https:\\\/\\\/monimoto.com\\\/fr\\\/traceur-gps-engin-de-chantier\\\/\",\"url\":\"https:\\\/\\\/monimoto.com\\\/fr\\\/traceur-gps-engin-de-chantier\\\/\",\"name\":\"Traceur GPS pour engin de chantier - Monimoto France\",\"isPartOf\":{\"@id\":\"https:\\\/\\\/monimoto.com\\\/fr\\\/#website\"},\"datePublished\":\"2025-05-22T07:01:29+00:00\",\"dateModified\":\"2026-02-02T12:10:13+00:00\",\"description\":\"Prot\u00e9gez vos machines lourdes avec un traceur GPS Monimoto pour \u00e9quipement. Optez pour un traceur GPS engin de chantier afin de pr\u00e9venir le vol d'\u00e9quipement.\",\"breadcrumb\":{\"@id\":\"https:\\\/\\\/monimoto.com\\\/fr\\\/traceur-gps-engin-de-chantier\\\/#breadcrumb\"},\"inLanguage\":\"fr-FR\",\"potentialAction\":[{\"@type\":\"ReadAction\",\"target\":[\"https:\\\/\\\/monimoto.com\\\/fr\\\/traceur-gps-engin-de-chantier\\\/\"]}]},{\"@type\":\"BreadcrumbList\",\"@id\":\"https:\\\/\\\/monimoto.com\\\/fr\\\/traceur-gps-engin-de-chantier\\\/#breadcrumb\",\"itemListElement\":[{\"@type\":\"ListItem\",\"position\":1,\"name\":\"Home\",\"item\":\"https:\\\/\\\/monimoto.com\\\/fr\\\/\"},{\"@type\":\"ListItem\",\"position\":2,\"name\":\"Traceur GPS pour engin de chantier\"}]},{\"@type\":\"WebSite\",\"@id\":\"https:\\\/\\\/monimoto.com\\\/fr\\\/#website\",\"url\":\"https:\\\/\\\/monimoto.com\\\/fr\\\/\",\"name\":\"Monimoto France\",\"description\":\"\",\"publisher\":{\"@id\":\"https:\\\/\\\/monimoto.com\\\/fr\\\/#organization\"},\"potentialAction\":[{\"@type\":\"SearchAction\",\"target\":{\"@type\":\"EntryPoint\",\"urlTemplate\":\"https:\\\/\\\/monimoto.com\\\/fr\\\/?s={search_term_string}\"},\"query-input\":{\"@type\":\"PropertyValueSpecification\",\"valueRequired\":true,\"valueName\":\"search_term_string\"}}],\"inLanguage\":\"fr-FR\"},{\"@type\":\"Organization\",\"@id\":\"https:\\\/\\\/monimoto.com\\\/fr\\\/#organization\",\"name\":\"Monimoto\",\"url\":\"https:\\\/\\\/monimoto.com\\\/fr\\\/\",\"logo\":{\"@type\":\"ImageObject\",\"inLanguage\":\"fr-FR\",\"@id\":\"https:\\\/\\\/monimoto.com\\\/fr\\\/#\\\/schema\\\/logo\\\/image\\\/\",\"url\":\"https:\\\/\\\/monimoto.com\\\/media\\\/monimoto-1000x500-1.png\",\"contentUrl\":\"https:\\\/\\\/monimoto.com\\\/media\\\/monimoto-1000x500-1.png\",\"width\":1000,\"height\":500,\"caption\":\"Monimoto\"},\"image\":{\"@id\":\"https:\\\/\\\/monimoto.com\\\/fr\\\/#\\\/schema\\\/logo\\\/image\\\/\"}}]}<\/script>\n<!-- \/ Yoast SEO plugin. -->","yoast_head_json":{"title":"Traceur GPS pour engin de chantier - Monimoto France","description":"Prot\u00e9gez vos machines lourdes avec un traceur GPS Monimoto pour \u00e9quipement. Optez pour un traceur GPS engin de chantier afin de pr\u00e9venir le vol d'\u00e9quipement.","robots":{"index":"index","follow":"follow","max-snippet":"max-snippet:-1","max-image-preview":"max-image-preview:large","max-video-preview":"max-video-preview:-1"},"canonical":"https:\/\/monimoto.com\/fr\/traceur-gps-engin-de-chantier\/","twitter_card":"summary_large_image","twitter_title":"Traceur GPS pour engin de chantier - Monimoto France","twitter_description":"Prot\u00e9gez vos machines lourdes avec un traceur GPS Monimoto pour \u00e9quipement. Optez pour un traceur GPS engin de chantier afin de pr\u00e9venir le vol d'\u00e9quipement.","schema":{"@context":"https:\/\/schema.org","@graph":[{"@type":"WebPage","@id":"https:\/\/monimoto.com\/fr\/traceur-gps-engin-de-chantier\/","url":"https:\/\/monimoto.com\/fr\/traceur-gps-engin-de-chantier\/","name":"Traceur GPS pour engin de chantier - Monimoto France","isPartOf":{"@id":"https:\/\/monimoto.com\/fr\/#website"},"datePublished":"2025-05-22T07:01:29+00:00","dateModified":"2026-02-02T12:10:13+00:00","description":"Prot\u00e9gez vos machines lourdes avec un traceur GPS Monimoto pour \u00e9quipement. Optez pour un traceur GPS engin de chantier afin de pr\u00e9venir le vol d'\u00e9quipement.","breadcrumb":{"@id":"https:\/\/monimoto.com\/fr\/traceur-gps-engin-de-chantier\/#breadcrumb"},"inLanguage":"fr-FR","potentialAction":[{"@type":"ReadAction","target":["https:\/\/monimoto.com\/fr\/traceur-gps-engin-de-chantier\/"]}]},{"@type":"BreadcrumbList","@id":"https:\/\/monimoto.com\/fr\/traceur-gps-engin-de-chantier\/#breadcrumb","itemListElement":[{"@type":"ListItem","position":1,"name":"Home","item":"https:\/\/monimoto.com\/fr\/"},{"@type":"ListItem","position":2,"name":"Traceur GPS pour engin de chantier"}]},{"@type":"WebSite","@id":"https:\/\/monimoto.com\/fr\/#website","url":"https:\/\/monimoto.com\/fr\/","name":"Monimoto France","description":"","publisher":{"@id":"https:\/\/monimoto.com\/fr\/#organization"},"potentialAction":[{"@type":"SearchAction","target":{"@type":"EntryPoint","urlTemplate":"https:\/\/monimoto.com\/fr\/?s={search_term_string}"},"query-input":{"@type":"PropertyValueSpecification","valueRequired":true,"valueName":"search_term_string"}}],"inLanguage":"fr-FR"},{"@type":"Organization","@id":"https:\/\/monimoto.com\/fr\/#organization","name":"Monimoto","url":"https:\/\/monimoto.com\/fr\/","logo":{"@type":"ImageObject","inLanguage":"fr-FR","@id":"https:\/\/monimoto.com\/fr\/#\/schema\/logo\/image\/","url":"https:\/\/monimoto.com\/media\/monimoto-1000x500-1.png","contentUrl":"https:\/\/monimoto.com\/media\/monimoto-1000x500-1.png","width":1000,"height":500,"caption":"Monimoto"},"image":{"@id":"https:\/\/monimoto.com\/fr\/#\/schema\/logo\/image\/"}}]}},"_links":{"self":[{"href":"https:\/\/monimoto.com\/fr\/wp-json\/wp\/v2\/pages\/621639","targetHints":{"allow":["GET"]}}],"collection":[{"href":"https:\/\/monimoto.com\/fr\/wp-json\/wp\/v2\/pages"}],"about":[{"href":"https:\/\/monimoto.com\/fr\/wp-json\/wp\/v2\/types\/page"}],"author":[{"embeddable":true,"href":"https:\/\/monimoto.com\/fr\/wp-json\/wp\/v2\/users\/48"}],"replies":[{"embeddable":true,"href":"https:\/\/monimoto.com\/fr\/wp-json\/wp\/v2\/comments?post=621639"}],"version-history":[{"count":11,"href":"https:\/\/monimoto.com\/fr\/wp-json\/wp\/v2\/pages\/621639\/revisions"}],"predecessor-version":[{"id":622181,"href":"https:\/\/monimoto.com\/fr\/wp-json\/wp\/v2\/pages\/621639\/revisions\/622181"}],"wp:attachment":[{"href":"https:\/\/monimoto.com\/fr\/wp-json\/wp\/v2\/media?parent=621639"}],"curies":[{"name":"wp","href":"https:\/\/api.w.org\/{rel}","templated":true}]}}