{"id":614407,"date":"2022-01-17T15:18:16","date_gmt":"2022-01-17T13:18:16","guid":{"rendered":"https:\/\/monimoto.com\/fr\/?page_id=614407"},"modified":"2025-12-04T14:45:07","modified_gmt":"2025-12-04T12:45:07","slug":"systeme-dalarme-moto-avec-gps","status":"publish","type":"page","link":"https:\/\/monimoto.com\/fr\/systeme-dalarme-moto-avec-gps\/","title":{"rendered":"Syst\u00e8me d\u2019alarme moto avec GPS"},"content":{"rendered":"","protected":false},"excerpt":{"rendered":"","protected":false},"author":1,"featured_media":0,"parent":0,"menu_order":0,"comment_status":"closed","ping_status":"closed","template":"","meta":{"_acf_changed":false,"footnotes":""},"class_list":["post-614407","page","type-page","status-publish","hentry"],"acf":[],"yoast_head":"<!-- This site is optimized with the Yoast SEO plugin v27.3 - https:\/\/yoast.com\/product\/yoast-seo-wordpress\/ -->\n<title>Alarme moto connect\u00e9e avec GPS - Monimoto FR<\/title>\n<meta name=\"description\" content=\"Alarme moto connect\u00e9e Monimoto avec syst\u00e8me GPS : la meilleure protection antivol pour moto, dispositif de s\u00e9curit\u00e9 avec alarme moto SRA.\" \/>\n<meta name=\"robots\" content=\"index, follow, max-snippet:-1, max-image-preview:large, max-video-preview:-1\" \/>\n<link rel=\"canonical\" href=\"https:\/\/monimoto.com\/fr\/systeme-dalarme-moto-avec-gps\/\" \/>\n<meta name=\"twitter:card\" content=\"summary_large_image\" \/>\n<meta name=\"twitter:title\" content=\"Alarme moto connect\u00e9e avec GPS - Monimoto FR\" \/>\n<meta name=\"twitter:description\" content=\"Alarme moto connect\u00e9e Monimoto avec syst\u00e8me GPS : la meilleure protection antivol pour moto, dispositif de s\u00e9curit\u00e9 avec alarme moto SRA.\" \/>\n<script type=\"application\/ld+json\" class=\"yoast-schema-graph\">{\"@context\":\"https:\\\/\\\/schema.org\",\"@graph\":[{\"@type\":\"WebPage\",\"@id\":\"https:\\\/\\\/monimoto.com\\\/fr\\\/systeme-dalarme-moto-avec-gps\\\/\",\"url\":\"https:\\\/\\\/monimoto.com\\\/fr\\\/systeme-dalarme-moto-avec-gps\\\/\",\"name\":\"Alarme moto connect\u00e9e avec GPS - Monimoto FR\",\"isPartOf\":{\"@id\":\"https:\\\/\\\/monimoto.com\\\/fr\\\/#website\"},\"datePublished\":\"2022-01-17T13:18:16+00:00\",\"dateModified\":\"2025-12-04T12:45:07+00:00\",\"description\":\"Alarme moto connect\u00e9e Monimoto avec syst\u00e8me GPS : la meilleure protection antivol pour moto, dispositif de s\u00e9curit\u00e9 avec alarme moto SRA.\",\"breadcrumb\":{\"@id\":\"https:\\\/\\\/monimoto.com\\\/fr\\\/systeme-dalarme-moto-avec-gps\\\/#breadcrumb\"},\"inLanguage\":\"fr-FR\",\"potentialAction\":[{\"@type\":\"ReadAction\",\"target\":[\"https:\\\/\\\/monimoto.com\\\/fr\\\/systeme-dalarme-moto-avec-gps\\\/\"]}]},{\"@type\":\"BreadcrumbList\",\"@id\":\"https:\\\/\\\/monimoto.com\\\/fr\\\/systeme-dalarme-moto-avec-gps\\\/#breadcrumb\",\"itemListElement\":[{\"@type\":\"ListItem\",\"position\":1,\"name\":\"Home\",\"item\":\"https:\\\/\\\/monimoto.com\\\/fr\\\/\"},{\"@type\":\"ListItem\",\"position\":2,\"name\":\"Syst\u00e8me d\u2019alarme moto avec GPS\"}]},{\"@type\":\"WebSite\",\"@id\":\"https:\\\/\\\/monimoto.com\\\/fr\\\/#website\",\"url\":\"https:\\\/\\\/monimoto.com\\\/fr\\\/\",\"name\":\"Monimoto France\",\"description\":\"\",\"publisher\":{\"@id\":\"https:\\\/\\\/monimoto.com\\\/fr\\\/#organization\"},\"potentialAction\":[{\"@type\":\"SearchAction\",\"target\":{\"@type\":\"EntryPoint\",\"urlTemplate\":\"https:\\\/\\\/monimoto.com\\\/fr\\\/?s={search_term_string}\"},\"query-input\":{\"@type\":\"PropertyValueSpecification\",\"valueRequired\":true,\"valueName\":\"search_term_string\"}}],\"inLanguage\":\"fr-FR\"},{\"@type\":\"Organization\",\"@id\":\"https:\\\/\\\/monimoto.com\\\/fr\\\/#organization\",\"name\":\"Monimoto\",\"url\":\"https:\\\/\\\/monimoto.com\\\/fr\\\/\",\"logo\":{\"@type\":\"ImageObject\",\"inLanguage\":\"fr-FR\",\"@id\":\"https:\\\/\\\/monimoto.com\\\/fr\\\/#\\\/schema\\\/logo\\\/image\\\/\",\"url\":\"https:\\\/\\\/monimoto.com\\\/media\\\/monimoto-1000x500-1.png\",\"contentUrl\":\"https:\\\/\\\/monimoto.com\\\/media\\\/monimoto-1000x500-1.png\",\"width\":1000,\"height\":500,\"caption\":\"Monimoto\"},\"image\":{\"@id\":\"https:\\\/\\\/monimoto.com\\\/fr\\\/#\\\/schema\\\/logo\\\/image\\\/\"}}]}<\/script>\n<!-- \/ Yoast SEO plugin. -->","yoast_head_json":{"title":"Alarme moto connect\u00e9e avec GPS - Monimoto FR","description":"Alarme moto connect\u00e9e Monimoto avec syst\u00e8me GPS : la meilleure protection antivol pour moto, dispositif de s\u00e9curit\u00e9 avec alarme moto SRA.","robots":{"index":"index","follow":"follow","max-snippet":"max-snippet:-1","max-image-preview":"max-image-preview:large","max-video-preview":"max-video-preview:-1"},"canonical":"https:\/\/monimoto.com\/fr\/systeme-dalarme-moto-avec-gps\/","twitter_card":"summary_large_image","twitter_title":"Alarme moto connect\u00e9e avec GPS - Monimoto FR","twitter_description":"Alarme moto connect\u00e9e Monimoto avec syst\u00e8me GPS : la meilleure protection antivol pour moto, dispositif de s\u00e9curit\u00e9 avec alarme moto SRA.","schema":{"@context":"https:\/\/schema.org","@graph":[{"@type":"WebPage","@id":"https:\/\/monimoto.com\/fr\/systeme-dalarme-moto-avec-gps\/","url":"https:\/\/monimoto.com\/fr\/systeme-dalarme-moto-avec-gps\/","name":"Alarme moto connect\u00e9e avec GPS - Monimoto FR","isPartOf":{"@id":"https:\/\/monimoto.com\/fr\/#website"},"datePublished":"2022-01-17T13:18:16+00:00","dateModified":"2025-12-04T12:45:07+00:00","description":"Alarme moto connect\u00e9e Monimoto avec syst\u00e8me GPS : la meilleure protection antivol pour moto, dispositif de s\u00e9curit\u00e9 avec alarme moto SRA.","breadcrumb":{"@id":"https:\/\/monimoto.com\/fr\/systeme-dalarme-moto-avec-gps\/#breadcrumb"},"inLanguage":"fr-FR","potentialAction":[{"@type":"ReadAction","target":["https:\/\/monimoto.com\/fr\/systeme-dalarme-moto-avec-gps\/"]}]},{"@type":"BreadcrumbList","@id":"https:\/\/monimoto.com\/fr\/systeme-dalarme-moto-avec-gps\/#breadcrumb","itemListElement":[{"@type":"ListItem","position":1,"name":"Home","item":"https:\/\/monimoto.com\/fr\/"},{"@type":"ListItem","position":2,"name":"Syst\u00e8me d\u2019alarme moto avec GPS"}]},{"@type":"WebSite","@id":"https:\/\/monimoto.com\/fr\/#website","url":"https:\/\/monimoto.com\/fr\/","name":"Monimoto France","description":"","publisher":{"@id":"https:\/\/monimoto.com\/fr\/#organization"},"potentialAction":[{"@type":"SearchAction","target":{"@type":"EntryPoint","urlTemplate":"https:\/\/monimoto.com\/fr\/?s={search_term_string}"},"query-input":{"@type":"PropertyValueSpecification","valueRequired":true,"valueName":"search_term_string"}}],"inLanguage":"fr-FR"},{"@type":"Organization","@id":"https:\/\/monimoto.com\/fr\/#organization","name":"Monimoto","url":"https:\/\/monimoto.com\/fr\/","logo":{"@type":"ImageObject","inLanguage":"fr-FR","@id":"https:\/\/monimoto.com\/fr\/#\/schema\/logo\/image\/","url":"https:\/\/monimoto.com\/media\/monimoto-1000x500-1.png","contentUrl":"https:\/\/monimoto.com\/media\/monimoto-1000x500-1.png","width":1000,"height":500,"caption":"Monimoto"},"image":{"@id":"https:\/\/monimoto.com\/fr\/#\/schema\/logo\/image\/"}}]}},"_links":{"self":[{"href":"https:\/\/monimoto.com\/fr\/wp-json\/wp\/v2\/pages\/614407","targetHints":{"allow":["GET"]}}],"collection":[{"href":"https:\/\/monimoto.com\/fr\/wp-json\/wp\/v2\/pages"}],"about":[{"href":"https:\/\/monimoto.com\/fr\/wp-json\/wp\/v2\/types\/page"}],"author":[{"embeddable":true,"href":"https:\/\/monimoto.com\/fr\/wp-json\/wp\/v2\/users\/1"}],"replies":[{"embeddable":true,"href":"https:\/\/monimoto.com\/fr\/wp-json\/wp\/v2\/comments?post=614407"}],"version-history":[{"count":20,"href":"https:\/\/monimoto.com\/fr\/wp-json\/wp\/v2\/pages\/614407\/revisions"}],"predecessor-version":[{"id":622091,"href":"https:\/\/monimoto.com\/fr\/wp-json\/wp\/v2\/pages\/614407\/revisions\/622091"}],"wp:attachment":[{"href":"https:\/\/monimoto.com\/fr\/wp-json\/wp\/v2\/media?parent=614407"}],"curies":[{"name":"wp","href":"https:\/\/api.w.org\/{rel}","templated":true}]}}