{"id":609264,"date":"2020-05-19T12:31:45","date_gmt":"2020-05-19T09:31:45","guid":{"rendered":"https:\/\/monimoto.com\/fr\/?page_id=609264"},"modified":"2024-02-19T10:34:04","modified_gmt":"2024-02-19T08:34:04","slug":"comparaison-monimoto-vs-georide-2","status":"publish","type":"page","link":"https:\/\/monimoto.com\/fr\/comparaison-monimoto-vs-georide-3\/","title":{"rendered":"Comparison Monimoto vs. Georide"},"content":{"rendered":"","protected":false},"excerpt":{"rendered":"","protected":false},"author":1,"featured_media":0,"parent":0,"menu_order":0,"comment_status":"closed","ping_status":"closed","template":"monimoto-comparison-page.php","meta":{"_acf_changed":false,"footnotes":""},"class_list":["post-609264","page","type-page","status-publish","hentry"],"acf":[],"yoast_head":"<!-- This site is optimized with the Yoast SEO plugin v27.3 - https:\/\/yoast.com\/product\/yoast-seo-wordpress\/ -->\n<title>Comparison Monimoto vs. Georide - Monimoto France<\/title>\n<meta name=\"description\" content=\"Vous h\u00e9sitez entre Monimoto et Georide 2? Jetez un \u0153il \u00e0 notre tableau de comparaison Monimoto vs. Georide 2.\" \/>\n<meta name=\"robots\" content=\"index, follow, max-snippet:-1, max-image-preview:large, max-video-preview:-1\" \/>\n<link rel=\"canonical\" href=\"https:\/\/monimoto.com\/fr\/comparaison-monimoto-vs-georide-3\/\" \/>\n<meta name=\"twitter:card\" content=\"summary_large_image\" \/>\n<meta name=\"twitter:title\" content=\"Comparison Monimoto vs. Georide - Monimoto France\" \/>\n<meta name=\"twitter:description\" content=\"Vous h\u00e9sitez entre Monimoto et Georide 2? Jetez un \u0153il \u00e0 notre tableau de comparaison Monimoto vs. Georide 2.\" \/>\n<script type=\"application\/ld+json\" class=\"yoast-schema-graph\">{\"@context\":\"https:\\\/\\\/schema.org\",\"@graph\":[{\"@type\":\"WebPage\",\"@id\":\"https:\\\/\\\/monimoto.com\\\/fr\\\/comparaison-monimoto-vs-georide-3\\\/\",\"url\":\"https:\\\/\\\/monimoto.com\\\/fr\\\/comparaison-monimoto-vs-georide-3\\\/\",\"name\":\"Comparison Monimoto vs. Georide - Monimoto France\",\"isPartOf\":{\"@id\":\"https:\\\/\\\/monimoto.com\\\/fr\\\/#website\"},\"datePublished\":\"2020-05-19T09:31:45+00:00\",\"dateModified\":\"2024-02-19T08:34:04+00:00\",\"description\":\"Vous h\u00e9sitez entre Monimoto et Georide 2? Jetez un \u0153il \u00e0 notre tableau de comparaison Monimoto vs. Georide 2.\",\"breadcrumb\":{\"@id\":\"https:\\\/\\\/monimoto.com\\\/fr\\\/comparaison-monimoto-vs-georide-3\\\/#breadcrumb\"},\"inLanguage\":\"fr-FR\",\"potentialAction\":[{\"@type\":\"ReadAction\",\"target\":[\"https:\\\/\\\/monimoto.com\\\/fr\\\/comparaison-monimoto-vs-georide-3\\\/\"]}]},{\"@type\":\"BreadcrumbList\",\"@id\":\"https:\\\/\\\/monimoto.com\\\/fr\\\/comparaison-monimoto-vs-georide-3\\\/#breadcrumb\",\"itemListElement\":[{\"@type\":\"ListItem\",\"position\":1,\"name\":\"Home\",\"item\":\"https:\\\/\\\/monimoto.com\\\/fr\\\/\"},{\"@type\":\"ListItem\",\"position\":2,\"name\":\"Comparison Monimoto vs. Georide\"}]},{\"@type\":\"WebSite\",\"@id\":\"https:\\\/\\\/monimoto.com\\\/fr\\\/#website\",\"url\":\"https:\\\/\\\/monimoto.com\\\/fr\\\/\",\"name\":\"Monimoto France\",\"description\":\"\",\"publisher\":{\"@id\":\"https:\\\/\\\/monimoto.com\\\/fr\\\/#organization\"},\"potentialAction\":[{\"@type\":\"SearchAction\",\"target\":{\"@type\":\"EntryPoint\",\"urlTemplate\":\"https:\\\/\\\/monimoto.com\\\/fr\\\/?s={search_term_string}\"},\"query-input\":{\"@type\":\"PropertyValueSpecification\",\"valueRequired\":true,\"valueName\":\"search_term_string\"}}],\"inLanguage\":\"fr-FR\"},{\"@type\":\"Organization\",\"@id\":\"https:\\\/\\\/monimoto.com\\\/fr\\\/#organization\",\"name\":\"Monimoto\",\"url\":\"https:\\\/\\\/monimoto.com\\\/fr\\\/\",\"logo\":{\"@type\":\"ImageObject\",\"inLanguage\":\"fr-FR\",\"@id\":\"https:\\\/\\\/monimoto.com\\\/fr\\\/#\\\/schema\\\/logo\\\/image\\\/\",\"url\":\"https:\\\/\\\/monimoto.com\\\/media\\\/monimoto-1000x500-1.png\",\"contentUrl\":\"https:\\\/\\\/monimoto.com\\\/media\\\/monimoto-1000x500-1.png\",\"width\":1000,\"height\":500,\"caption\":\"Monimoto\"},\"image\":{\"@id\":\"https:\\\/\\\/monimoto.com\\\/fr\\\/#\\\/schema\\\/logo\\\/image\\\/\"}}]}<\/script>\n<!-- \/ Yoast SEO plugin. -->","yoast_head_json":{"title":"Comparison Monimoto vs. Georide - Monimoto France","description":"Vous h\u00e9sitez entre Monimoto et Georide 2? Jetez un \u0153il \u00e0 notre tableau de comparaison Monimoto vs. Georide 2.","robots":{"index":"index","follow":"follow","max-snippet":"max-snippet:-1","max-image-preview":"max-image-preview:large","max-video-preview":"max-video-preview:-1"},"canonical":"https:\/\/monimoto.com\/fr\/comparaison-monimoto-vs-georide-3\/","twitter_card":"summary_large_image","twitter_title":"Comparison Monimoto vs. Georide - Monimoto France","twitter_description":"Vous h\u00e9sitez entre Monimoto et Georide 2? Jetez un \u0153il \u00e0 notre tableau de comparaison Monimoto vs. Georide 2.","schema":{"@context":"https:\/\/schema.org","@graph":[{"@type":"WebPage","@id":"https:\/\/monimoto.com\/fr\/comparaison-monimoto-vs-georide-3\/","url":"https:\/\/monimoto.com\/fr\/comparaison-monimoto-vs-georide-3\/","name":"Comparison Monimoto vs. Georide - Monimoto France","isPartOf":{"@id":"https:\/\/monimoto.com\/fr\/#website"},"datePublished":"2020-05-19T09:31:45+00:00","dateModified":"2024-02-19T08:34:04+00:00","description":"Vous h\u00e9sitez entre Monimoto et Georide 2? Jetez un \u0153il \u00e0 notre tableau de comparaison Monimoto vs. Georide 2.","breadcrumb":{"@id":"https:\/\/monimoto.com\/fr\/comparaison-monimoto-vs-georide-3\/#breadcrumb"},"inLanguage":"fr-FR","potentialAction":[{"@type":"ReadAction","target":["https:\/\/monimoto.com\/fr\/comparaison-monimoto-vs-georide-3\/"]}]},{"@type":"BreadcrumbList","@id":"https:\/\/monimoto.com\/fr\/comparaison-monimoto-vs-georide-3\/#breadcrumb","itemListElement":[{"@type":"ListItem","position":1,"name":"Home","item":"https:\/\/monimoto.com\/fr\/"},{"@type":"ListItem","position":2,"name":"Comparison Monimoto vs. Georide"}]},{"@type":"WebSite","@id":"https:\/\/monimoto.com\/fr\/#website","url":"https:\/\/monimoto.com\/fr\/","name":"Monimoto France","description":"","publisher":{"@id":"https:\/\/monimoto.com\/fr\/#organization"},"potentialAction":[{"@type":"SearchAction","target":{"@type":"EntryPoint","urlTemplate":"https:\/\/monimoto.com\/fr\/?s={search_term_string}"},"query-input":{"@type":"PropertyValueSpecification","valueRequired":true,"valueName":"search_term_string"}}],"inLanguage":"fr-FR"},{"@type":"Organization","@id":"https:\/\/monimoto.com\/fr\/#organization","name":"Monimoto","url":"https:\/\/monimoto.com\/fr\/","logo":{"@type":"ImageObject","inLanguage":"fr-FR","@id":"https:\/\/monimoto.com\/fr\/#\/schema\/logo\/image\/","url":"https:\/\/monimoto.com\/media\/monimoto-1000x500-1.png","contentUrl":"https:\/\/monimoto.com\/media\/monimoto-1000x500-1.png","width":1000,"height":500,"caption":"Monimoto"},"image":{"@id":"https:\/\/monimoto.com\/fr\/#\/schema\/logo\/image\/"}}]}},"_links":{"self":[{"href":"https:\/\/monimoto.com\/fr\/wp-json\/wp\/v2\/pages\/609264","targetHints":{"allow":["GET"]}}],"collection":[{"href":"https:\/\/monimoto.com\/fr\/wp-json\/wp\/v2\/pages"}],"about":[{"href":"https:\/\/monimoto.com\/fr\/wp-json\/wp\/v2\/types\/page"}],"author":[{"embeddable":true,"href":"https:\/\/monimoto.com\/fr\/wp-json\/wp\/v2\/users\/1"}],"replies":[{"embeddable":true,"href":"https:\/\/monimoto.com\/fr\/wp-json\/wp\/v2\/comments?post=609264"}],"version-history":[{"count":28,"href":"https:\/\/monimoto.com\/fr\/wp-json\/wp\/v2\/pages\/609264\/revisions"}],"predecessor-version":[{"id":619944,"href":"https:\/\/monimoto.com\/fr\/wp-json\/wp\/v2\/pages\/609264\/revisions\/619944"}],"wp:attachment":[{"href":"https:\/\/monimoto.com\/fr\/wp-json\/wp\/v2\/media?parent=609264"}],"curies":[{"name":"wp","href":"https:\/\/api.w.org\/{rel}","templated":true}]}}