{"id":48,"date":"2019-08-29T15:25:31","date_gmt":"2019-08-29T12:25:31","guid":{"rendered":"https:\/\/monimoto.com\/fr\/anti-theft-gps-tracker-for-motorcycles\/"},"modified":"2026-02-27T10:30:38","modified_gmt":"2026-02-27T08:30:38","slug":"traceur-gps-moto-autonome","status":"publish","type":"page","link":"https:\/\/monimoto.com\/fr\/","title":{"rendered":"Le Traceur GPS Moto Autonome"},"content":{"rendered":"","protected":false},"excerpt":{"rendered":"","protected":false},"author":1,"featured_media":37861,"parent":0,"menu_order":0,"comment_status":"closed","ping_status":"closed","template":"","meta":{"_acf_changed":false,"footnotes":""},"class_list":["post-48","page","type-page","status-publish","has-post-thumbnail","hentry"],"acf":[],"yoast_head":"<!-- This site is optimized with the Yoast SEO plugin v27.3 - https:\/\/yoast.com\/product\/yoast-seo-wordpress\/ -->\n<title>Le Traceur GPS Moto Autonome - Monimoto FR<\/title>\n<meta name=\"description\" content=\"Traceur GPS anti-vol sans fil pour motos et scooters, qui appelle votre t\u00e9l\u00e9phone et envoie les coordonn\u00e9es GPS en cas de vol de votre moto.\" \/>\n<meta name=\"robots\" content=\"index, follow, max-snippet:-1, max-image-preview:large, max-video-preview:-1\" \/>\n<link rel=\"canonical\" href=\"https:\/\/monimoto.com\/fr\/\" \/>\n<meta name=\"twitter:card\" content=\"summary_large_image\" \/>\n<meta name=\"twitter:title\" content=\"Le Traceur GPS Moto Autonome - Monimoto FR\" \/>\n<meta name=\"twitter:description\" content=\"Traceur GPS anti-vol sans fil pour motos et scooters, qui appelle votre t\u00e9l\u00e9phone et envoie les coordonn\u00e9es GPS en cas de vol de votre moto.\" \/>\n<meta name=\"twitter:label1\" content=\"Dur\u00e9e de lecture estim\u00e9e\" \/>\n\t<meta name=\"twitter:data1\" content=\"1 minute\" \/>\n<script type=\"application\/ld+json\" class=\"yoast-schema-graph\">{\"@context\":\"https:\\\/\\\/schema.org\",\"@graph\":[{\"@type\":\"WebPage\",\"@id\":\"https:\\\/\\\/monimoto.com\\\/fr\\\/\",\"url\":\"https:\\\/\\\/monimoto.com\\\/fr\\\/\",\"name\":\"Le Traceur GPS Moto Autonome - Monimoto FR\",\"isPartOf\":{\"@id\":\"https:\\\/\\\/monimoto.com\\\/fr\\\/#website\"},\"primaryImageOfPage\":{\"@id\":\"https:\\\/\\\/monimoto.com\\\/fr\\\/#primaryimage\"},\"image\":{\"@id\":\"https:\\\/\\\/monimoto.com\\\/fr\\\/#primaryimage\"},\"thumbnailUrl\":\"https:\\\/\\\/monimoto.com\\\/media\\\/Monimoto_7_share_FR.jpg\",\"datePublished\":\"2019-08-29T12:25:31+00:00\",\"dateModified\":\"2026-02-27T08:30:38+00:00\",\"description\":\"Traceur GPS anti-vol sans fil pour motos et scooters, qui appelle votre t\u00e9l\u00e9phone et envoie les coordonn\u00e9es GPS en cas de vol de votre moto.\",\"breadcrumb\":{\"@id\":\"https:\\\/\\\/monimoto.com\\\/fr\\\/#breadcrumb\"},\"inLanguage\":\"fr-FR\",\"potentialAction\":[{\"@type\":\"ReadAction\",\"target\":[\"https:\\\/\\\/monimoto.com\\\/fr\\\/\"]}]},{\"@type\":\"ImageObject\",\"inLanguage\":\"fr-FR\",\"@id\":\"https:\\\/\\\/monimoto.com\\\/fr\\\/#primaryimage\",\"url\":\"https:\\\/\\\/monimoto.com\\\/media\\\/Monimoto_7_share_FR.jpg\",\"contentUrl\":\"https:\\\/\\\/monimoto.com\\\/media\\\/Monimoto_7_share_FR.jpg\"},{\"@type\":\"BreadcrumbList\",\"@id\":\"https:\\\/\\\/monimoto.com\\\/fr\\\/#breadcrumb\",\"itemListElement\":[{\"@type\":\"ListItem\",\"position\":1,\"name\":\"Home\",\"item\":\"https:\\\/\\\/monimoto.com\\\/fr\\\/\"},{\"@type\":\"ListItem\",\"position\":2,\"name\":\"Le Traceur GPS Moto Autonome\"}]},{\"@type\":\"WebSite\",\"@id\":\"https:\\\/\\\/monimoto.com\\\/fr\\\/#website\",\"url\":\"https:\\\/\\\/monimoto.com\\\/fr\\\/\",\"name\":\"Monimoto France\",\"description\":\"\",\"publisher\":{\"@id\":\"https:\\\/\\\/monimoto.com\\\/fr\\\/#organization\"},\"potentialAction\":[{\"@type\":\"SearchAction\",\"target\":{\"@type\":\"EntryPoint\",\"urlTemplate\":\"https:\\\/\\\/monimoto.com\\\/fr\\\/?s={search_term_string}\"},\"query-input\":{\"@type\":\"PropertyValueSpecification\",\"valueRequired\":true,\"valueName\":\"search_term_string\"}}],\"inLanguage\":\"fr-FR\"},{\"@type\":\"Organization\",\"@id\":\"https:\\\/\\\/monimoto.com\\\/fr\\\/#organization\",\"name\":\"Monimoto\",\"url\":\"https:\\\/\\\/monimoto.com\\\/fr\\\/\",\"logo\":{\"@type\":\"ImageObject\",\"inLanguage\":\"fr-FR\",\"@id\":\"https:\\\/\\\/monimoto.com\\\/fr\\\/#\\\/schema\\\/logo\\\/image\\\/\",\"url\":\"https:\\\/\\\/monimoto.com\\\/media\\\/monimoto-1000x500-1.png\",\"contentUrl\":\"https:\\\/\\\/monimoto.com\\\/media\\\/monimoto-1000x500-1.png\",\"width\":1000,\"height\":500,\"caption\":\"Monimoto\"},\"image\":{\"@id\":\"https:\\\/\\\/monimoto.com\\\/fr\\\/#\\\/schema\\\/logo\\\/image\\\/\"}}]}<\/script>\n<!-- \/ Yoast SEO plugin. -->","yoast_head_json":{"title":"Le Traceur GPS Moto Autonome - Monimoto FR","description":"Traceur GPS anti-vol sans fil pour motos et scooters, qui appelle votre t\u00e9l\u00e9phone et envoie les coordonn\u00e9es GPS en cas de vol de votre moto.","robots":{"index":"index","follow":"follow","max-snippet":"max-snippet:-1","max-image-preview":"max-image-preview:large","max-video-preview":"max-video-preview:-1"},"canonical":"https:\/\/monimoto.com\/fr\/","twitter_card":"summary_large_image","twitter_title":"Le Traceur GPS Moto Autonome - Monimoto FR","twitter_description":"Traceur GPS anti-vol sans fil pour motos et scooters, qui appelle votre t\u00e9l\u00e9phone et envoie les coordonn\u00e9es GPS en cas de vol de votre moto.","twitter_misc":{"Dur\u00e9e de lecture estim\u00e9e":"1 minute"},"schema":{"@context":"https:\/\/schema.org","@graph":[{"@type":"WebPage","@id":"https:\/\/monimoto.com\/fr\/","url":"https:\/\/monimoto.com\/fr\/","name":"Le Traceur GPS Moto Autonome - Monimoto FR","isPartOf":{"@id":"https:\/\/monimoto.com\/fr\/#website"},"primaryImageOfPage":{"@id":"https:\/\/monimoto.com\/fr\/#primaryimage"},"image":{"@id":"https:\/\/monimoto.com\/fr\/#primaryimage"},"thumbnailUrl":"https:\/\/monimoto.com\/media\/Monimoto_7_share_FR.jpg","datePublished":"2019-08-29T12:25:31+00:00","dateModified":"2026-02-27T08:30:38+00:00","description":"Traceur GPS anti-vol sans fil pour motos et scooters, qui appelle votre t\u00e9l\u00e9phone et envoie les coordonn\u00e9es GPS en cas de vol de votre moto.","breadcrumb":{"@id":"https:\/\/monimoto.com\/fr\/#breadcrumb"},"inLanguage":"fr-FR","potentialAction":[{"@type":"ReadAction","target":["https:\/\/monimoto.com\/fr\/"]}]},{"@type":"ImageObject","inLanguage":"fr-FR","@id":"https:\/\/monimoto.com\/fr\/#primaryimage","url":"https:\/\/monimoto.com\/media\/Monimoto_7_share_FR.jpg","contentUrl":"https:\/\/monimoto.com\/media\/Monimoto_7_share_FR.jpg"},{"@type":"BreadcrumbList","@id":"https:\/\/monimoto.com\/fr\/#breadcrumb","itemListElement":[{"@type":"ListItem","position":1,"name":"Home","item":"https:\/\/monimoto.com\/fr\/"},{"@type":"ListItem","position":2,"name":"Le Traceur GPS Moto Autonome"}]},{"@type":"WebSite","@id":"https:\/\/monimoto.com\/fr\/#website","url":"https:\/\/monimoto.com\/fr\/","name":"Monimoto France","description":"","publisher":{"@id":"https:\/\/monimoto.com\/fr\/#organization"},"potentialAction":[{"@type":"SearchAction","target":{"@type":"EntryPoint","urlTemplate":"https:\/\/monimoto.com\/fr\/?s={search_term_string}"},"query-input":{"@type":"PropertyValueSpecification","valueRequired":true,"valueName":"search_term_string"}}],"inLanguage":"fr-FR"},{"@type":"Organization","@id":"https:\/\/monimoto.com\/fr\/#organization","name":"Monimoto","url":"https:\/\/monimoto.com\/fr\/","logo":{"@type":"ImageObject","inLanguage":"fr-FR","@id":"https:\/\/monimoto.com\/fr\/#\/schema\/logo\/image\/","url":"https:\/\/monimoto.com\/media\/monimoto-1000x500-1.png","contentUrl":"https:\/\/monimoto.com\/media\/monimoto-1000x500-1.png","width":1000,"height":500,"caption":"Monimoto"},"image":{"@id":"https:\/\/monimoto.com\/fr\/#\/schema\/logo\/image\/"}}]}},"_links":{"self":[{"href":"https:\/\/monimoto.com\/fr\/wp-json\/wp\/v2\/pages\/48","targetHints":{"allow":["GET"]}}],"collection":[{"href":"https:\/\/monimoto.com\/fr\/wp-json\/wp\/v2\/pages"}],"about":[{"href":"https:\/\/monimoto.com\/fr\/wp-json\/wp\/v2\/types\/page"}],"author":[{"embeddable":true,"href":"https:\/\/monimoto.com\/fr\/wp-json\/wp\/v2\/users\/1"}],"replies":[{"embeddable":true,"href":"https:\/\/monimoto.com\/fr\/wp-json\/wp\/v2\/comments?post=48"}],"version-history":[{"count":154,"href":"https:\/\/monimoto.com\/fr\/wp-json\/wp\/v2\/pages\/48\/revisions"}],"predecessor-version":[{"id":622228,"href":"https:\/\/monimoto.com\/fr\/wp-json\/wp\/v2\/pages\/48\/revisions\/622228"}],"wp:featuredmedia":[{"embeddable":true,"href":"https:\/\/monimoto.com\/fr\/wp-json\/"}],"wp:attachment":[{"href":"https:\/\/monimoto.com\/fr\/wp-json\/wp\/v2\/media?parent=48"}],"curies":[{"name":"wp","href":"https:\/\/api.w.org\/{rel}","templated":true}]}}