{"id":47,"date":"2019-09-18T20:33:51","date_gmt":"2019-09-18T17:33:51","guid":{"rendered":"https:\/\/monimoto.com\/fr\/features\/"},"modified":"2026-03-26T10:19:52","modified_gmt":"2026-03-26T08:19:52","slug":"les-fonctionnalites","status":"publish","type":"page","link":"https:\/\/monimoto.com\/fr\/les-fonctionnalites\/","title":{"rendered":"Les fonctionnalit\u00e9s"},"content":{"rendered":"","protected":false},"excerpt":{"rendered":"","protected":false},"author":1,"featured_media":37861,"parent":0,"menu_order":0,"comment_status":"closed","ping_status":"closed","template":"","meta":{"_acf_changed":false,"footnotes":""},"class_list":["post-47","page","type-page","status-publish","has-post-thumbnail","hentry"],"acf":[],"yoast_head":"<!-- This site is optimized with the Yoast SEO plugin v27.4 - https:\/\/yoast.com\/product\/yoast-seo-wordpress\/ -->\n<title>Les fonctionnalit\u00e9s - Monimoto France<\/title>\n<meta name=\"description\" content=\"Traceur GPS sans fil, aliment\u00e9 par batterie et anti-vol qui appelle votre t\u00e9l\u00e9phone si votre moto est d\u00e9plac\u00e9e ou vol\u00e9e. En savoir plus..\" \/>\n<meta name=\"robots\" content=\"index, follow, max-snippet:-1, max-image-preview:large, max-video-preview:-1\" \/>\n<link rel=\"canonical\" href=\"https:\/\/monimoto.com\/fr\/les-fonctionnalites\/\" \/>\n<meta name=\"twitter:card\" content=\"summary_large_image\" \/>\n<meta name=\"twitter:title\" content=\"Les fonctionnalit\u00e9s - Monimoto France\" \/>\n<meta name=\"twitter:description\" content=\"Traceur GPS sans fil, aliment\u00e9 par batterie et anti-vol qui appelle votre t\u00e9l\u00e9phone si votre moto est d\u00e9plac\u00e9e ou vol\u00e9e. En savoir plus..\" \/>\n<meta name=\"twitter:label1\" content=\"Dur\u00e9e de lecture estim\u00e9e\" \/>\n\t<meta name=\"twitter:data1\" content=\"1 minute\" \/>\n<script type=\"application\/ld+json\" class=\"yoast-schema-graph\">{\"@context\":\"https:\\\/\\\/schema.org\",\"@graph\":[{\"@type\":\"WebPage\",\"@id\":\"https:\\\/\\\/monimoto.com\\\/fr\\\/les-fonctionnalites\\\/\",\"url\":\"https:\\\/\\\/monimoto.com\\\/fr\\\/les-fonctionnalites\\\/\",\"name\":\"Les fonctionnalit\u00e9s - Monimoto France\",\"isPartOf\":{\"@id\":\"https:\\\/\\\/monimoto.com\\\/fr\\\/#website\"},\"primaryImageOfPage\":{\"@id\":\"https:\\\/\\\/monimoto.com\\\/fr\\\/les-fonctionnalites\\\/#primaryimage\"},\"image\":{\"@id\":\"https:\\\/\\\/monimoto.com\\\/fr\\\/les-fonctionnalites\\\/#primaryimage\"},\"thumbnailUrl\":\"https:\\\/\\\/monimoto.com\\\/media\\\/Monimoto_7_share_FR.jpg\",\"datePublished\":\"2019-09-18T17:33:51+00:00\",\"dateModified\":\"2026-03-26T08:19:52+00:00\",\"description\":\"Traceur GPS sans fil, aliment\u00e9 par batterie et anti-vol qui appelle votre t\u00e9l\u00e9phone si votre moto est d\u00e9plac\u00e9e ou vol\u00e9e. En savoir plus..\",\"breadcrumb\":{\"@id\":\"https:\\\/\\\/monimoto.com\\\/fr\\\/les-fonctionnalites\\\/#breadcrumb\"},\"inLanguage\":\"fr-FR\",\"potentialAction\":[{\"@type\":\"ReadAction\",\"target\":[\"https:\\\/\\\/monimoto.com\\\/fr\\\/les-fonctionnalites\\\/\"]}]},{\"@type\":\"ImageObject\",\"inLanguage\":\"fr-FR\",\"@id\":\"https:\\\/\\\/monimoto.com\\\/fr\\\/les-fonctionnalites\\\/#primaryimage\",\"url\":\"https:\\\/\\\/monimoto.com\\\/media\\\/Monimoto_7_share_FR.jpg\",\"contentUrl\":\"https:\\\/\\\/monimoto.com\\\/media\\\/Monimoto_7_share_FR.jpg\"},{\"@type\":\"BreadcrumbList\",\"@id\":\"https:\\\/\\\/monimoto.com\\\/fr\\\/les-fonctionnalites\\\/#breadcrumb\",\"itemListElement\":[{\"@type\":\"ListItem\",\"position\":1,\"name\":\"Home\",\"item\":\"https:\\\/\\\/monimoto.com\\\/fr\\\/\"},{\"@type\":\"ListItem\",\"position\":2,\"name\":\"Les fonctionnalit\u00e9s\"}]},{\"@type\":\"WebSite\",\"@id\":\"https:\\\/\\\/monimoto.com\\\/fr\\\/#website\",\"url\":\"https:\\\/\\\/monimoto.com\\\/fr\\\/\",\"name\":\"Monimoto France\",\"description\":\"\",\"publisher\":{\"@id\":\"https:\\\/\\\/monimoto.com\\\/fr\\\/#organization\"},\"potentialAction\":[{\"@type\":\"SearchAction\",\"target\":{\"@type\":\"EntryPoint\",\"urlTemplate\":\"https:\\\/\\\/monimoto.com\\\/fr\\\/?s={search_term_string}\"},\"query-input\":{\"@type\":\"PropertyValueSpecification\",\"valueRequired\":true,\"valueName\":\"search_term_string\"}}],\"inLanguage\":\"fr-FR\"},{\"@type\":\"Organization\",\"@id\":\"https:\\\/\\\/monimoto.com\\\/fr\\\/#organization\",\"name\":\"Monimoto\",\"url\":\"https:\\\/\\\/monimoto.com\\\/fr\\\/\",\"logo\":{\"@type\":\"ImageObject\",\"inLanguage\":\"fr-FR\",\"@id\":\"https:\\\/\\\/monimoto.com\\\/fr\\\/#\\\/schema\\\/logo\\\/image\\\/\",\"url\":\"https:\\\/\\\/monimoto.com\\\/media\\\/monimoto-1000x500-1.png\",\"contentUrl\":\"https:\\\/\\\/monimoto.com\\\/media\\\/monimoto-1000x500-1.png\",\"width\":1000,\"height\":500,\"caption\":\"Monimoto\"},\"image\":{\"@id\":\"https:\\\/\\\/monimoto.com\\\/fr\\\/#\\\/schema\\\/logo\\\/image\\\/\"}}]}<\/script>\n<!-- \/ Yoast SEO plugin. -->","yoast_head_json":{"title":"Les fonctionnalit\u00e9s - Monimoto France","description":"Traceur GPS sans fil, aliment\u00e9 par batterie et anti-vol qui appelle votre t\u00e9l\u00e9phone si votre moto est d\u00e9plac\u00e9e ou vol\u00e9e. En savoir plus..","robots":{"index":"index","follow":"follow","max-snippet":"max-snippet:-1","max-image-preview":"max-image-preview:large","max-video-preview":"max-video-preview:-1"},"canonical":"https:\/\/monimoto.com\/fr\/les-fonctionnalites\/","twitter_card":"summary_large_image","twitter_title":"Les fonctionnalit\u00e9s - Monimoto France","twitter_description":"Traceur GPS sans fil, aliment\u00e9 par batterie et anti-vol qui appelle votre t\u00e9l\u00e9phone si votre moto est d\u00e9plac\u00e9e ou vol\u00e9e. En savoir plus..","twitter_misc":{"Dur\u00e9e de lecture estim\u00e9e":"1 minute"},"schema":{"@context":"https:\/\/schema.org","@graph":[{"@type":"WebPage","@id":"https:\/\/monimoto.com\/fr\/les-fonctionnalites\/","url":"https:\/\/monimoto.com\/fr\/les-fonctionnalites\/","name":"Les fonctionnalit\u00e9s - Monimoto France","isPartOf":{"@id":"https:\/\/monimoto.com\/fr\/#website"},"primaryImageOfPage":{"@id":"https:\/\/monimoto.com\/fr\/les-fonctionnalites\/#primaryimage"},"image":{"@id":"https:\/\/monimoto.com\/fr\/les-fonctionnalites\/#primaryimage"},"thumbnailUrl":"https:\/\/monimoto.com\/media\/Monimoto_7_share_FR.jpg","datePublished":"2019-09-18T17:33:51+00:00","dateModified":"2026-03-26T08:19:52+00:00","description":"Traceur GPS sans fil, aliment\u00e9 par batterie et anti-vol qui appelle votre t\u00e9l\u00e9phone si votre moto est d\u00e9plac\u00e9e ou vol\u00e9e. En savoir plus..","breadcrumb":{"@id":"https:\/\/monimoto.com\/fr\/les-fonctionnalites\/#breadcrumb"},"inLanguage":"fr-FR","potentialAction":[{"@type":"ReadAction","target":["https:\/\/monimoto.com\/fr\/les-fonctionnalites\/"]}]},{"@type":"ImageObject","inLanguage":"fr-FR","@id":"https:\/\/monimoto.com\/fr\/les-fonctionnalites\/#primaryimage","url":"https:\/\/monimoto.com\/media\/Monimoto_7_share_FR.jpg","contentUrl":"https:\/\/monimoto.com\/media\/Monimoto_7_share_FR.jpg"},{"@type":"BreadcrumbList","@id":"https:\/\/monimoto.com\/fr\/les-fonctionnalites\/#breadcrumb","itemListElement":[{"@type":"ListItem","position":1,"name":"Home","item":"https:\/\/monimoto.com\/fr\/"},{"@type":"ListItem","position":2,"name":"Les fonctionnalit\u00e9s"}]},{"@type":"WebSite","@id":"https:\/\/monimoto.com\/fr\/#website","url":"https:\/\/monimoto.com\/fr\/","name":"Monimoto France","description":"","publisher":{"@id":"https:\/\/monimoto.com\/fr\/#organization"},"potentialAction":[{"@type":"SearchAction","target":{"@type":"EntryPoint","urlTemplate":"https:\/\/monimoto.com\/fr\/?s={search_term_string}"},"query-input":{"@type":"PropertyValueSpecification","valueRequired":true,"valueName":"search_term_string"}}],"inLanguage":"fr-FR"},{"@type":"Organization","@id":"https:\/\/monimoto.com\/fr\/#organization","name":"Monimoto","url":"https:\/\/monimoto.com\/fr\/","logo":{"@type":"ImageObject","inLanguage":"fr-FR","@id":"https:\/\/monimoto.com\/fr\/#\/schema\/logo\/image\/","url":"https:\/\/monimoto.com\/media\/monimoto-1000x500-1.png","contentUrl":"https:\/\/monimoto.com\/media\/monimoto-1000x500-1.png","width":1000,"height":500,"caption":"Monimoto"},"image":{"@id":"https:\/\/monimoto.com\/fr\/#\/schema\/logo\/image\/"}}]}},"_links":{"self":[{"href":"https:\/\/monimoto.com\/fr\/wp-json\/wp\/v2\/pages\/47","targetHints":{"allow":["GET"]}}],"collection":[{"href":"https:\/\/monimoto.com\/fr\/wp-json\/wp\/v2\/pages"}],"about":[{"href":"https:\/\/monimoto.com\/fr\/wp-json\/wp\/v2\/types\/page"}],"author":[{"embeddable":true,"href":"https:\/\/monimoto.com\/fr\/wp-json\/wp\/v2\/users\/1"}],"replies":[{"embeddable":true,"href":"https:\/\/monimoto.com\/fr\/wp-json\/wp\/v2\/comments?post=47"}],"version-history":[{"count":15,"href":"https:\/\/monimoto.com\/fr\/wp-json\/wp\/v2\/pages\/47\/revisions"}],"predecessor-version":[{"id":622308,"href":"https:\/\/monimoto.com\/fr\/wp-json\/wp\/v2\/pages\/47\/revisions\/622308"}],"wp:featuredmedia":[{"embeddable":true,"href":"https:\/\/monimoto.com\/fr\/wp-json\/"}],"wp:attachment":[{"href":"https:\/\/monimoto.com\/fr\/wp-json\/wp\/v2\/media?parent=47"}],"curies":[{"name":"wp","href":"https:\/\/api.w.org\/{rel}","templated":true}]}}