{"id":45,"date":"2019-09-18T20:34:22","date_gmt":"2019-09-18T17:34:22","guid":{"rendered":"https:\/\/monimoto.com\/fr\/reviews\/"},"modified":"2024-12-12T11:47:12","modified_gmt":"2024-12-12T09:47:12","slug":"les-avis","status":"publish","type":"page","link":"https:\/\/monimoto.com\/fr\/les-avis\/","title":{"rendered":"TRACEUR GPS MOTO AVIS"},"content":{"rendered":"","protected":false},"excerpt":{"rendered":"","protected":false},"author":1,"featured_media":37861,"parent":0,"menu_order":0,"comment_status":"closed","ping_status":"closed","template":"","meta":{"_acf_changed":false,"footnotes":""},"class_list":["post-45","page","type-page","status-publish","has-post-thumbnail","hentry"],"acf":[],"yoast_head":"<!-- This site is optimized with the Yoast SEO plugin v27.4 - https:\/\/yoast.com\/product\/yoast-seo-wordpress\/ -->\n<title>TRACEUR GPS MOTO AVIS - Monimoto France<\/title>\n<meta name=\"description\" content=\"D\u00e9couvrez ce que nos clients disent de Monimoto Tracker et de ses fonctionnalit\u00e9s ou partagez avec nous votre opinion et vos impressions personnelles.\" \/>\n<meta name=\"robots\" content=\"index, follow, max-snippet:-1, max-image-preview:large, max-video-preview:-1\" \/>\n<link rel=\"canonical\" href=\"https:\/\/monimoto.com\/fr\/les-avis\/\" \/>\n<meta name=\"twitter:card\" content=\"summary_large_image\" \/>\n<meta name=\"twitter:title\" content=\"TRACEUR GPS MOTO AVIS - Monimoto France\" \/>\n<meta name=\"twitter:description\" content=\"D\u00e9couvrez ce que nos clients disent de Monimoto Tracker et de ses fonctionnalit\u00e9s ou partagez avec nous votre opinion et vos impressions personnelles.\" \/>\n<meta name=\"twitter:label1\" content=\"Dur\u00e9e de lecture estim\u00e9e\" \/>\n\t<meta name=\"twitter:data1\" content=\"1 minute\" \/>\n<script type=\"application\/ld+json\" class=\"yoast-schema-graph\">{\"@context\":\"https:\\\/\\\/schema.org\",\"@graph\":[{\"@type\":\"WebPage\",\"@id\":\"https:\\\/\\\/monimoto.com\\\/fr\\\/les-avis\\\/\",\"url\":\"https:\\\/\\\/monimoto.com\\\/fr\\\/les-avis\\\/\",\"name\":\"TRACEUR GPS MOTO AVIS - Monimoto France\",\"isPartOf\":{\"@id\":\"https:\\\/\\\/monimoto.com\\\/fr\\\/#website\"},\"primaryImageOfPage\":{\"@id\":\"https:\\\/\\\/monimoto.com\\\/fr\\\/les-avis\\\/#primaryimage\"},\"image\":{\"@id\":\"https:\\\/\\\/monimoto.com\\\/fr\\\/les-avis\\\/#primaryimage\"},\"thumbnailUrl\":\"https:\\\/\\\/monimoto.com\\\/media\\\/Monimoto_7_share_FR.jpg\",\"datePublished\":\"2019-09-18T17:34:22+00:00\",\"dateModified\":\"2024-12-12T09:47:12+00:00\",\"description\":\"D\u00e9couvrez ce que nos clients disent de Monimoto Tracker et de ses fonctionnalit\u00e9s ou partagez avec nous votre opinion et vos impressions personnelles.\",\"breadcrumb\":{\"@id\":\"https:\\\/\\\/monimoto.com\\\/fr\\\/les-avis\\\/#breadcrumb\"},\"inLanguage\":\"fr-FR\",\"potentialAction\":[{\"@type\":\"ReadAction\",\"target\":[\"https:\\\/\\\/monimoto.com\\\/fr\\\/les-avis\\\/\"]}]},{\"@type\":\"ImageObject\",\"inLanguage\":\"fr-FR\",\"@id\":\"https:\\\/\\\/monimoto.com\\\/fr\\\/les-avis\\\/#primaryimage\",\"url\":\"https:\\\/\\\/monimoto.com\\\/media\\\/Monimoto_7_share_FR.jpg\",\"contentUrl\":\"https:\\\/\\\/monimoto.com\\\/media\\\/Monimoto_7_share_FR.jpg\"},{\"@type\":\"BreadcrumbList\",\"@id\":\"https:\\\/\\\/monimoto.com\\\/fr\\\/les-avis\\\/#breadcrumb\",\"itemListElement\":[{\"@type\":\"ListItem\",\"position\":1,\"name\":\"Home\",\"item\":\"https:\\\/\\\/monimoto.com\\\/fr\\\/\"},{\"@type\":\"ListItem\",\"position\":2,\"name\":\"TRACEUR GPS MOTO AVIS\"}]},{\"@type\":\"WebSite\",\"@id\":\"https:\\\/\\\/monimoto.com\\\/fr\\\/#website\",\"url\":\"https:\\\/\\\/monimoto.com\\\/fr\\\/\",\"name\":\"Monimoto France\",\"description\":\"\",\"publisher\":{\"@id\":\"https:\\\/\\\/monimoto.com\\\/fr\\\/#organization\"},\"potentialAction\":[{\"@type\":\"SearchAction\",\"target\":{\"@type\":\"EntryPoint\",\"urlTemplate\":\"https:\\\/\\\/monimoto.com\\\/fr\\\/?s={search_term_string}\"},\"query-input\":{\"@type\":\"PropertyValueSpecification\",\"valueRequired\":true,\"valueName\":\"search_term_string\"}}],\"inLanguage\":\"fr-FR\"},{\"@type\":\"Organization\",\"@id\":\"https:\\\/\\\/monimoto.com\\\/fr\\\/#organization\",\"name\":\"Monimoto\",\"url\":\"https:\\\/\\\/monimoto.com\\\/fr\\\/\",\"logo\":{\"@type\":\"ImageObject\",\"inLanguage\":\"fr-FR\",\"@id\":\"https:\\\/\\\/monimoto.com\\\/fr\\\/#\\\/schema\\\/logo\\\/image\\\/\",\"url\":\"https:\\\/\\\/monimoto.com\\\/media\\\/monimoto-1000x500-1.png\",\"contentUrl\":\"https:\\\/\\\/monimoto.com\\\/media\\\/monimoto-1000x500-1.png\",\"width\":1000,\"height\":500,\"caption\":\"Monimoto\"},\"image\":{\"@id\":\"https:\\\/\\\/monimoto.com\\\/fr\\\/#\\\/schema\\\/logo\\\/image\\\/\"}}]}<\/script>\n<!-- \/ Yoast SEO plugin. -->","yoast_head_json":{"title":"TRACEUR GPS MOTO AVIS - Monimoto France","description":"D\u00e9couvrez ce que nos clients disent de Monimoto Tracker et de ses fonctionnalit\u00e9s ou partagez avec nous votre opinion et vos impressions personnelles.","robots":{"index":"index","follow":"follow","max-snippet":"max-snippet:-1","max-image-preview":"max-image-preview:large","max-video-preview":"max-video-preview:-1"},"canonical":"https:\/\/monimoto.com\/fr\/les-avis\/","twitter_card":"summary_large_image","twitter_title":"TRACEUR GPS MOTO AVIS - Monimoto France","twitter_description":"D\u00e9couvrez ce que nos clients disent de Monimoto Tracker et de ses fonctionnalit\u00e9s ou partagez avec nous votre opinion et vos impressions personnelles.","twitter_misc":{"Dur\u00e9e de lecture estim\u00e9e":"1 minute"},"schema":{"@context":"https:\/\/schema.org","@graph":[{"@type":"WebPage","@id":"https:\/\/monimoto.com\/fr\/les-avis\/","url":"https:\/\/monimoto.com\/fr\/les-avis\/","name":"TRACEUR GPS MOTO AVIS - Monimoto France","isPartOf":{"@id":"https:\/\/monimoto.com\/fr\/#website"},"primaryImageOfPage":{"@id":"https:\/\/monimoto.com\/fr\/les-avis\/#primaryimage"},"image":{"@id":"https:\/\/monimoto.com\/fr\/les-avis\/#primaryimage"},"thumbnailUrl":"https:\/\/monimoto.com\/media\/Monimoto_7_share_FR.jpg","datePublished":"2019-09-18T17:34:22+00:00","dateModified":"2024-12-12T09:47:12+00:00","description":"D\u00e9couvrez ce que nos clients disent de Monimoto Tracker et de ses fonctionnalit\u00e9s ou partagez avec nous votre opinion et vos impressions personnelles.","breadcrumb":{"@id":"https:\/\/monimoto.com\/fr\/les-avis\/#breadcrumb"},"inLanguage":"fr-FR","potentialAction":[{"@type":"ReadAction","target":["https:\/\/monimoto.com\/fr\/les-avis\/"]}]},{"@type":"ImageObject","inLanguage":"fr-FR","@id":"https:\/\/monimoto.com\/fr\/les-avis\/#primaryimage","url":"https:\/\/monimoto.com\/media\/Monimoto_7_share_FR.jpg","contentUrl":"https:\/\/monimoto.com\/media\/Monimoto_7_share_FR.jpg"},{"@type":"BreadcrumbList","@id":"https:\/\/monimoto.com\/fr\/les-avis\/#breadcrumb","itemListElement":[{"@type":"ListItem","position":1,"name":"Home","item":"https:\/\/monimoto.com\/fr\/"},{"@type":"ListItem","position":2,"name":"TRACEUR GPS MOTO AVIS"}]},{"@type":"WebSite","@id":"https:\/\/monimoto.com\/fr\/#website","url":"https:\/\/monimoto.com\/fr\/","name":"Monimoto France","description":"","publisher":{"@id":"https:\/\/monimoto.com\/fr\/#organization"},"potentialAction":[{"@type":"SearchAction","target":{"@type":"EntryPoint","urlTemplate":"https:\/\/monimoto.com\/fr\/?s={search_term_string}"},"query-input":{"@type":"PropertyValueSpecification","valueRequired":true,"valueName":"search_term_string"}}],"inLanguage":"fr-FR"},{"@type":"Organization","@id":"https:\/\/monimoto.com\/fr\/#organization","name":"Monimoto","url":"https:\/\/monimoto.com\/fr\/","logo":{"@type":"ImageObject","inLanguage":"fr-FR","@id":"https:\/\/monimoto.com\/fr\/#\/schema\/logo\/image\/","url":"https:\/\/monimoto.com\/media\/monimoto-1000x500-1.png","contentUrl":"https:\/\/monimoto.com\/media\/monimoto-1000x500-1.png","width":1000,"height":500,"caption":"Monimoto"},"image":{"@id":"https:\/\/monimoto.com\/fr\/#\/schema\/logo\/image\/"}}]}},"_links":{"self":[{"href":"https:\/\/monimoto.com\/fr\/wp-json\/wp\/v2\/pages\/45","targetHints":{"allow":["GET"]}}],"collection":[{"href":"https:\/\/monimoto.com\/fr\/wp-json\/wp\/v2\/pages"}],"about":[{"href":"https:\/\/monimoto.com\/fr\/wp-json\/wp\/v2\/types\/page"}],"author":[{"embeddable":true,"href":"https:\/\/monimoto.com\/fr\/wp-json\/wp\/v2\/users\/1"}],"replies":[{"embeddable":true,"href":"https:\/\/monimoto.com\/fr\/wp-json\/wp\/v2\/comments?post=45"}],"version-history":[{"count":40,"href":"https:\/\/monimoto.com\/fr\/wp-json\/wp\/v2\/pages\/45\/revisions"}],"predecessor-version":[{"id":621325,"href":"https:\/\/monimoto.com\/fr\/wp-json\/wp\/v2\/pages\/45\/revisions\/621325"}],"wp:featuredmedia":[{"embeddable":true,"href":"https:\/\/monimoto.com\/fr\/wp-json\/"}],"wp:attachment":[{"href":"https:\/\/monimoto.com\/fr\/wp-json\/wp\/v2\/media?parent=45"}],"curies":[{"name":"wp","href":"https:\/\/api.w.org\/{rel}","templated":true}]}}