{"id":43,"date":"2019-09-18T20:38:22","date_gmt":"2019-09-18T17:38:22","guid":{"rendered":"https:\/\/monimoto.com\/fr\/about-us\/"},"modified":"2025-02-18T14:54:17","modified_gmt":"2025-02-18T12:54:17","slug":"a-propos","status":"publish","type":"page","link":"https:\/\/monimoto.com\/fr\/a-propos\/","title":{"rendered":"\u00c0 Propos"},"content":{"rendered":"<p>Depuis 2013, notre \u00e9quipe de bikers passionn\u00e9s, qui faisait alors partie d\u2019une autre soci\u00e9t\u00e9, a cr\u00e9\u00e9 et d\u00e9velopp\u00e9 sa propre solution en mati\u00e8re d&rsquo;antivol moto.<\/p>\n<p>Profitant du savoir faire acquis pendant 3 ans, nous avons cr\u00e9\u00e9 une entreprise sp\u00e9cialis\u00e9e, Monimoto. Nous avons alors consacr\u00e9 toutes nos ressources pour cr\u00e9er ce que nous avions r\u00eav\u00e9. Forts de notre expertise technologique, nous avons d\u00e9velopp\u00e9 le GPS autonome et aliment\u00e9 par batterie, comme notre produit star.<\/p>\n<p>Nous pensons que la protection des deux roues doit \u00eatre simple et abordable pour tout motard et scoot\u00e9riste. Nous nous effor\u00e7ons d&rsquo;offrir un moyen pratique d&rsquo;installer et d&rsquo;utiliser un syst\u00e8me d&rsquo;alarme et de suivi pour moto.<\/p>\n","protected":false},"excerpt":{"rendered":"<p>Depuis 2013, notre \u00e9quipe de bikers passionn\u00e9s, qui faisait alors partie d\u2019une autre soci\u00e9t\u00e9, a cr\u00e9\u00e9 et d\u00e9velopp\u00e9 sa propre solution en mati\u00e8re d&rsquo;antivol moto. Profitant du savoir faire acquis pendant 3 ans, nous avons cr\u00e9\u00e9 une entreprise sp\u00e9cialis\u00e9e, Monimoto. Nous avons alors consacr\u00e9 toutes nos ressources pour cr\u00e9er ce que nous avions r\u00eav\u00e9. Forts <a href=\"https:\/\/monimoto.com\/fr\/a-propos\/\" class=\"more-link\">&#8230;<span class=\"screen-reader-text\">  \u00c0 Propos<\/span><\/a><\/p>\n","protected":false},"author":1,"featured_media":735,"parent":0,"menu_order":0,"comment_status":"closed","ping_status":"closed","template":"","meta":{"_acf_changed":false,"footnotes":""},"class_list":["post-43","page","type-page","status-publish","has-post-thumbnail","hentry"],"acf":[],"yoast_head":"<!-- This site is optimized with the Yoast SEO plugin v27.4 - https:\/\/yoast.com\/product\/yoast-seo-wordpress\/ -->\n<title>\u00c0 Propos - Monimoto France<\/title>\n<meta name=\"description\" content=\"Depuis 2013, notre \u00e9quipe de bikers passionn\u00e9s, a cr\u00e9\u00e9 et d\u00e9velopp\u00e9 sa propre solution en mati\u00e8re d&#039;antivol moto: Monimoto.\" \/>\n<meta name=\"robots\" content=\"index, follow, max-snippet:-1, max-image-preview:large, max-video-preview:-1\" \/>\n<link rel=\"canonical\" href=\"https:\/\/monimoto.com\/fr\/a-propos\/\" \/>\n<meta name=\"twitter:card\" content=\"summary_large_image\" \/>\n<meta name=\"twitter:title\" content=\"\u00c0 Propos - Monimoto France\" \/>\n<meta name=\"twitter:description\" content=\"Depuis 2013, notre \u00e9quipe de bikers passionn\u00e9s, a cr\u00e9\u00e9 et d\u00e9velopp\u00e9 sa propre solution en mati\u00e8re d&#039;antivol moto: Monimoto.\" \/>\n<meta name=\"twitter:label1\" content=\"Dur\u00e9e de lecture estim\u00e9e\" \/>\n\t<meta name=\"twitter:data1\" content=\"1 minute\" \/>\n<script type=\"application\/ld+json\" class=\"yoast-schema-graph\">{\"@context\":\"https:\\\/\\\/schema.org\",\"@graph\":[{\"@type\":\"WebPage\",\"@id\":\"https:\\\/\\\/monimoto.com\\\/fr\\\/a-propos\\\/\",\"url\":\"https:\\\/\\\/monimoto.com\\\/fr\\\/a-propos\\\/\",\"name\":\"\u00c0 Propos - Monimoto France\",\"isPartOf\":{\"@id\":\"https:\\\/\\\/monimoto.com\\\/fr\\\/#website\"},\"primaryImageOfPage\":{\"@id\":\"https:\\\/\\\/monimoto.com\\\/fr\\\/a-propos\\\/#primaryimage\"},\"image\":{\"@id\":\"https:\\\/\\\/monimoto.com\\\/fr\\\/a-propos\\\/#primaryimage\"},\"thumbnailUrl\":\"https:\\\/\\\/monimoto.com\\\/media\\\/monimoto-fb-share-image.jpg\",\"datePublished\":\"2019-09-18T17:38:22+00:00\",\"dateModified\":\"2025-02-18T12:54:17+00:00\",\"description\":\"Depuis 2013, notre \u00e9quipe de bikers passionn\u00e9s, a cr\u00e9\u00e9 et d\u00e9velopp\u00e9 sa propre solution en mati\u00e8re d'antivol moto: Monimoto.\",\"breadcrumb\":{\"@id\":\"https:\\\/\\\/monimoto.com\\\/fr\\\/a-propos\\\/#breadcrumb\"},\"inLanguage\":\"fr-FR\",\"potentialAction\":[{\"@type\":\"ReadAction\",\"target\":[\"https:\\\/\\\/monimoto.com\\\/fr\\\/a-propos\\\/\"]}]},{\"@type\":\"ImageObject\",\"inLanguage\":\"fr-FR\",\"@id\":\"https:\\\/\\\/monimoto.com\\\/fr\\\/a-propos\\\/#primaryimage\",\"url\":\"https:\\\/\\\/monimoto.com\\\/media\\\/monimoto-fb-share-image.jpg\",\"contentUrl\":\"https:\\\/\\\/monimoto.com\\\/media\\\/monimoto-fb-share-image.jpg\"},{\"@type\":\"BreadcrumbList\",\"@id\":\"https:\\\/\\\/monimoto.com\\\/fr\\\/a-propos\\\/#breadcrumb\",\"itemListElement\":[{\"@type\":\"ListItem\",\"position\":1,\"name\":\"Home\",\"item\":\"https:\\\/\\\/monimoto.com\\\/fr\\\/\"},{\"@type\":\"ListItem\",\"position\":2,\"name\":\"\u00c0 Propos\"}]},{\"@type\":\"WebSite\",\"@id\":\"https:\\\/\\\/monimoto.com\\\/fr\\\/#website\",\"url\":\"https:\\\/\\\/monimoto.com\\\/fr\\\/\",\"name\":\"Monimoto France\",\"description\":\"\",\"publisher\":{\"@id\":\"https:\\\/\\\/monimoto.com\\\/fr\\\/#organization\"},\"potentialAction\":[{\"@type\":\"SearchAction\",\"target\":{\"@type\":\"EntryPoint\",\"urlTemplate\":\"https:\\\/\\\/monimoto.com\\\/fr\\\/?s={search_term_string}\"},\"query-input\":{\"@type\":\"PropertyValueSpecification\",\"valueRequired\":true,\"valueName\":\"search_term_string\"}}],\"inLanguage\":\"fr-FR\"},{\"@type\":\"Organization\",\"@id\":\"https:\\\/\\\/monimoto.com\\\/fr\\\/#organization\",\"name\":\"Monimoto\",\"url\":\"https:\\\/\\\/monimoto.com\\\/fr\\\/\",\"logo\":{\"@type\":\"ImageObject\",\"inLanguage\":\"fr-FR\",\"@id\":\"https:\\\/\\\/monimoto.com\\\/fr\\\/#\\\/schema\\\/logo\\\/image\\\/\",\"url\":\"https:\\\/\\\/monimoto.com\\\/media\\\/monimoto-1000x500-1.png\",\"contentUrl\":\"https:\\\/\\\/monimoto.com\\\/media\\\/monimoto-1000x500-1.png\",\"width\":1000,\"height\":500,\"caption\":\"Monimoto\"},\"image\":{\"@id\":\"https:\\\/\\\/monimoto.com\\\/fr\\\/#\\\/schema\\\/logo\\\/image\\\/\"}}]}<\/script>\n<!-- \/ Yoast SEO plugin. -->","yoast_head_json":{"title":"\u00c0 Propos - Monimoto France","description":"Depuis 2013, notre \u00e9quipe de bikers passionn\u00e9s, a cr\u00e9\u00e9 et d\u00e9velopp\u00e9 sa propre solution en mati\u00e8re d'antivol moto: Monimoto.","robots":{"index":"index","follow":"follow","max-snippet":"max-snippet:-1","max-image-preview":"max-image-preview:large","max-video-preview":"max-video-preview:-1"},"canonical":"https:\/\/monimoto.com\/fr\/a-propos\/","twitter_card":"summary_large_image","twitter_title":"\u00c0 Propos - Monimoto France","twitter_description":"Depuis 2013, notre \u00e9quipe de bikers passionn\u00e9s, a cr\u00e9\u00e9 et d\u00e9velopp\u00e9 sa propre solution en mati\u00e8re d'antivol moto: Monimoto.","twitter_misc":{"Dur\u00e9e de lecture estim\u00e9e":"1 minute"},"schema":{"@context":"https:\/\/schema.org","@graph":[{"@type":"WebPage","@id":"https:\/\/monimoto.com\/fr\/a-propos\/","url":"https:\/\/monimoto.com\/fr\/a-propos\/","name":"\u00c0 Propos - Monimoto France","isPartOf":{"@id":"https:\/\/monimoto.com\/fr\/#website"},"primaryImageOfPage":{"@id":"https:\/\/monimoto.com\/fr\/a-propos\/#primaryimage"},"image":{"@id":"https:\/\/monimoto.com\/fr\/a-propos\/#primaryimage"},"thumbnailUrl":"https:\/\/monimoto.com\/media\/monimoto-fb-share-image.jpg","datePublished":"2019-09-18T17:38:22+00:00","dateModified":"2025-02-18T12:54:17+00:00","description":"Depuis 2013, notre \u00e9quipe de bikers passionn\u00e9s, a cr\u00e9\u00e9 et d\u00e9velopp\u00e9 sa propre solution en mati\u00e8re d'antivol moto: Monimoto.","breadcrumb":{"@id":"https:\/\/monimoto.com\/fr\/a-propos\/#breadcrumb"},"inLanguage":"fr-FR","potentialAction":[{"@type":"ReadAction","target":["https:\/\/monimoto.com\/fr\/a-propos\/"]}]},{"@type":"ImageObject","inLanguage":"fr-FR","@id":"https:\/\/monimoto.com\/fr\/a-propos\/#primaryimage","url":"https:\/\/monimoto.com\/media\/monimoto-fb-share-image.jpg","contentUrl":"https:\/\/monimoto.com\/media\/monimoto-fb-share-image.jpg"},{"@type":"BreadcrumbList","@id":"https:\/\/monimoto.com\/fr\/a-propos\/#breadcrumb","itemListElement":[{"@type":"ListItem","position":1,"name":"Home","item":"https:\/\/monimoto.com\/fr\/"},{"@type":"ListItem","position":2,"name":"\u00c0 Propos"}]},{"@type":"WebSite","@id":"https:\/\/monimoto.com\/fr\/#website","url":"https:\/\/monimoto.com\/fr\/","name":"Monimoto France","description":"","publisher":{"@id":"https:\/\/monimoto.com\/fr\/#organization"},"potentialAction":[{"@type":"SearchAction","target":{"@type":"EntryPoint","urlTemplate":"https:\/\/monimoto.com\/fr\/?s={search_term_string}"},"query-input":{"@type":"PropertyValueSpecification","valueRequired":true,"valueName":"search_term_string"}}],"inLanguage":"fr-FR"},{"@type":"Organization","@id":"https:\/\/monimoto.com\/fr\/#organization","name":"Monimoto","url":"https:\/\/monimoto.com\/fr\/","logo":{"@type":"ImageObject","inLanguage":"fr-FR","@id":"https:\/\/monimoto.com\/fr\/#\/schema\/logo\/image\/","url":"https:\/\/monimoto.com\/media\/monimoto-1000x500-1.png","contentUrl":"https:\/\/monimoto.com\/media\/monimoto-1000x500-1.png","width":1000,"height":500,"caption":"Monimoto"},"image":{"@id":"https:\/\/monimoto.com\/fr\/#\/schema\/logo\/image\/"}}]}},"_links":{"self":[{"href":"https:\/\/monimoto.com\/fr\/wp-json\/wp\/v2\/pages\/43","targetHints":{"allow":["GET"]}}],"collection":[{"href":"https:\/\/monimoto.com\/fr\/wp-json\/wp\/v2\/pages"}],"about":[{"href":"https:\/\/monimoto.com\/fr\/wp-json\/wp\/v2\/types\/page"}],"author":[{"embeddable":true,"href":"https:\/\/monimoto.com\/fr\/wp-json\/wp\/v2\/users\/1"}],"replies":[{"embeddable":true,"href":"https:\/\/monimoto.com\/fr\/wp-json\/wp\/v2\/comments?post=43"}],"version-history":[{"count":8,"href":"https:\/\/monimoto.com\/fr\/wp-json\/wp\/v2\/pages\/43\/revisions"}],"predecessor-version":[{"id":621411,"href":"https:\/\/monimoto.com\/fr\/wp-json\/wp\/v2\/pages\/43\/revisions\/621411"}],"wp:featuredmedia":[{"embeddable":true,"href":"https:\/\/monimoto.com\/fr\/wp-json\/"}],"wp:attachment":[{"href":"https:\/\/monimoto.com\/fr\/wp-json\/wp\/v2\/media?parent=43"}],"curies":[{"name":"wp","href":"https:\/\/api.w.org\/{rel}","templated":true}]}}