{"id":41,"date":"2019-09-19T06:01:50","date_gmt":"2019-09-19T03:01:50","guid":{"rendered":"https:\/\/monimoto.com\/fr\/shipping-and-returns\/"},"modified":"2022-11-24T11:57:50","modified_gmt":"2022-11-24T09:57:50","slug":"livraison-et-retours","status":"publish","type":"page","link":"https:\/\/monimoto.com\/fr\/livraison-et-retours\/","title":{"rendered":"Livraison et retours"},"content":{"rendered":"<h2>POLITIQUE DE LIVRAISON<\/h2>\n<p>Monimoto UAB (\u00ab\u00a0nous\u00a0\u00bb et \u00ab\u00a0notre\u00a0\u00bb) est l&rsquo;op\u00e9rateur de (<a href=\"https:\/\/monimoto.com\/\" target=\"_blank\" rel=\"noopener\">https:\/\/monimoto.com\/<\/a>) <span style=\"font-weight: 400;\">(\u00ab\u00a0Site web\u00a0\u00bb). En passant une commande sur ce site Web, vous acceptez les conditions ci-dessous. Celles-ci sont fournies afin de s&rsquo;assurer que les deux parties sont conscientes et acceptent cet arrangement afin de prot\u00e9ger mutuellement et de d\u00e9finir les attentes concernant notre service.<\/span><\/p>\n<p><strong>G\u00c9N\u00c9RALIT\u00c9S<\/strong><br \/>\n<span style=\"font-weight: 400;\">Sous r\u00e9serve de la disponibilit\u00e9 des stocks. Nous nous effor\u00e7ons de maintenir un inventaire pr\u00e9cis des stocks sur notre site Web, mais il peut arriver qu&rsquo;il y ait un \u00e9cart de stock et que nous ne puissions pas vous livrer tous les articles au moment de l&rsquo;achat. Dans ce cas, nous vous enverrons les produits disponibles et vous contacterons pour savoir si vous pr\u00e9f\u00e9rez attendre le r\u00e9approvisionnement de l&rsquo;article en rupture de stock ou si vous pr\u00e9f\u00e9rez que nous proc\u00e9dions \u00e0 un remboursement.<\/span><\/p>\n<p><strong>LIVRAISON GRATUITE<\/strong><br \/>\nNous offrons la livraison express gratuite pour toutes les commandes.<\/p>\n<p><strong>CONDITIONS DE LIVRAISON<\/strong><br \/>\n<span style=\"font-weight: 400;\">En g\u00e9n\u00e9ral, les commandes dans l&rsquo;Union europ\u00e9enne et au Royaume-Uni sont en transit pendant 1 \u00e0 4 jours, les commandes exp\u00e9di\u00e9es \u00e0 l&rsquo;international (hors Union europ\u00e9enne) sont en transit pendant 3 \u00e0 7 jours. Ce d\u00e9lai varie en fonction du pays ou de l&rsquo;\u00c9tat de destination finale.<\/span><\/p>\n<p><strong>TEMPS DE DISPATCH<\/strong><br \/>\n<span style=\"font-weight: 400;\">Les commandes sont g\u00e9n\u00e9ralement exp\u00e9di\u00e9es dans les 1 \u00e0 2 jours ouvrables suivant le paiement de la commande.<\/span><br \/>\n<span style=\"font-weight: 400;\">Notre entrep\u00f4t fonctionne du <\/span> <strong>lundi au vendredi <\/strong><span style=\"font-weight: 400;\">pendant les heures de bureau normales, \u00e0 l&rsquo;exception des jours f\u00e9ri\u00e9s nationaux, pendant lesquels l&rsquo;entrep\u00f4t est ferm\u00e9. Dans ces cas, nous prenons des mesures pour que les d\u00e9lais d&rsquo;exp\u00e9dition soient r\u00e9duits au minimum. Toutes les commandes sont exp\u00e9di\u00e9es depuis notre centre de distribution en Lituanie.\u00a0<\/span><\/p>\n<p><strong>CHANGEMENT D&rsquo;ADRESSE DE LIVRAISON<\/strong><br \/>\n<span style=\"font-weight: 400;\">Pour les demandes de changement d&rsquo;adresse de livraison, nous sommes en mesure de modifier l&rsquo;adresse \u00e0 tout moment avant l&rsquo;exp\u00e9dition de la commande. Dans ce cas, contactez-nous par e-mail &#8211; <a href=\"mailto:support@monimoto.com\" target=\"_blank\" rel=\"noopener\">support@monimoto.com<\/a><\/span><\/p>\n<p><strong>RESTRICTIONS D&rsquo;EXP\u00c9DITION<\/strong><br \/>\nLes commandes ne peuvent pas \u00eatre envoy\u00e9es \u00e0 des bo\u00eetes postales.<br \/>\nLes commandes ne peuvent pas \u00eatre envoy\u00e9es \u00e0 des adresses militaires<br \/>\nLes commandes ne sont exp\u00e9di\u00e9es que les jours ouvrables, c&rsquo;est-\u00e0-dire du lundi au vendredi.<\/p>\n<p><strong>D\u00c9LAI DE LIVRAISON D\u00c9PASS\u00c9<\/strong><br \/>\n<span style=\"font-weight: 400;\">Si le d\u00e9lai de livraison est d\u00e9pass\u00e9, veuillez nous contacter par e-mail <a href=\"mailto:support@monimoto.com\" target=\"_blank\" rel=\"noopener\">support@monimoto.com<\/a> afin que nous puissions mener une enqu\u00eate.<\/span><\/p>\n<p><strong>NOTIFICATIONS DE SUIVI<\/strong><br \/>\n<span style=\"font-weight: 400;\">D\u00e8s l&rsquo;exp\u00e9dition, vous recevrez un lien de suivi vous permettant de suivre la progression de votre envoi sur la base des derni\u00e8res mises \u00e0 jour mises \u00e0 disposition par le prestataire de services d&rsquo;exp\u00e9dition.<\/span><\/p>\n<p><strong>DROITS ET TAXES<\/strong><br \/>\n<span style=\"font-weight: 400;\">Les droits et taxes \u00e0 l&rsquo;importation pour les envois internationaux (hors Union europ\u00e9enne et Royaume-Uni) peuvent \u00eatre susceptibles d&rsquo;\u00eatre pay\u00e9s \u00e0 l&rsquo;arriv\u00e9e dans le pays de destination. Cela varie selon les pays, et nous vous encourageons \u00e0 \u00eatre conscient de ces co\u00fbts potentiels avant de passer une commande avec nous.<\/span><\/p>\n<p><span style=\"font-weight: 400;\">Si vous refusez de payer les droits et taxes \u00e0 l&rsquo;arriv\u00e9e dans votre pays de destination, les marchandises seront renvoy\u00e9es aux frais du client, et celui-ci recevra un remboursement pour la valeur des marchandises pay\u00e9es, moins le co\u00fbt de l&rsquo;exp\u00e9dition de retour. Le co\u00fbt de l&rsquo;exp\u00e9dition initiale ne sera pas rembours\u00e9.<\/span><\/p>\n<p><strong>ANNULATION<\/strong><br \/>\n<span style=\"font-weight: 400;\">Si vous changez d&rsquo;avis avant d&rsquo;avoir re\u00e7u votre commande, nous pouvons accepter les annulations \u00e0 tout moment avant l&rsquo;exp\u00e9dition de la commande. Si une commande a d\u00e9j\u00e0 \u00e9t\u00e9 exp\u00e9di\u00e9e, veuillez vous reporter \u00e0 notre politique de remboursement.<\/span><\/p>\n<h2>POLITIQUE DE RETOUR ET DE REMBOURSEMENT<\/h2>\n<p>Merci de faire vos achats sur le site de Monimoto UAB (<a href=\"https:\/\/monimoto.com\/\" target=\"_blank\" rel=\"noopener\">https:\/\/monimoto.com\/<\/a>). <span style=\"font-weight: 400;\">Nous voulons nous assurer que vous avez une exp\u00e9rience enrichissante pendant que vous explorez, \u00e9valuez et achetez nos produits. Pour un meilleur traitement de votre demande de retour, nous vous sugg\u00e9rons de contacter le support par email <a href=\"mailto:support@monimoto.com\" target=\"_blank\" rel=\"noopener\">support@monimoto.com<\/a>.<\/span><\/p>\n<p><strong>RETOUR POUR CAUSE DE CHANGEMENT D&rsquo;AVIS<\/strong><br \/>\n<span style=\"font-weight: 400;\">Monimoto UAB accepte volontiers les retours pour cause de changement d&rsquo;avis, \u00e0 condition que la demande de retour nous parvienne dans les 30 jours suivant la r\u00e9ception de l&rsquo;article et qu&rsquo;elle nous soit retourn\u00e9e dans l&#8217;emballage d&rsquo;origine. Notre garantie de remboursement de 30 jours s&rsquo;applique uniquement aux achats effectu\u00e9s sur ce site et directement aupr\u00e8s de Monimoto UAB.<\/span><\/p>\n<p><span style=\"font-weight: 400;\">Les frais de retour seront \u00e0 votre charge et vous devrez organiser votre propre exp\u00e9dition. Une fois les retours re\u00e7us et accept\u00e9s, le remboursement sera effectu\u00e9 sur votre m\u00e9thode de paiement originale. Nous vous informerons par e-mail de l&rsquo;issue de cette proc\u00e9dure.<\/span><\/p>\n<p><span style=\"font-weight: 400;\">Monimoto UAB remboursera la valeur des marchandises retourn\u00e9es mais ne remboursera PAS la valeur des frais d&rsquo;exp\u00e9dition.<\/span><\/p>\n<p><strong>RETOURS DE GARANTIE<\/strong><br \/>\n<span style=\"font-weight: 400;\">Monimoto UAB s&rsquo;engage \u00e0 honorer toute demande de garantie valide, \u00e0 condition que la demande soit soumise dans les 2 ans suivant la r\u00e9ception des articles.<\/span><\/p>\n<p><span style=\"font-weight: 400;\">Nous vous aiderons \u00e0 organiser l&rsquo;enl\u00e8vement de l&rsquo;achat aux frais de l&rsquo;entreprise lorsque cela est possible, sinon vous devrez payer d&rsquo;avance les frais de retour, mais nous vous rembourserons si la demande de garantie est accept\u00e9e.<\/span><\/p>\n<p><span style=\"font-weight: 400;\">D\u00e8s r\u00e9ception du retour des articles pour une demande de garantie, vous pouvez vous attendre \u00e0 ce que Monimoto UAB traite votre demande de garantie dans les 7 jours.<\/span><\/p>\n<p><strong>REMBOURSEMENT<\/strong><br \/>\n<span style=\"font-weight: 400;\">Une fois les retours re\u00e7us et accept\u00e9s, les remboursements seront trait\u00e9s sur votre m\u00e9thode de paiement. Nous vous informerons par e-mail de la fin de cette proc\u00e9dure. Le d\u00e9lai maximum pour que l&rsquo;argent arrive sur votre compte est de 14 jours, selon votre banque. Les remboursements effectu\u00e9s par Paypal sont vers\u00e9s sur votre compte imm\u00e9diatement apr\u00e8s que le remboursement a \u00e9t\u00e9 effectu\u00e9.<\/span><\/p>\n<p><strong>LIVRAISON<\/strong><br \/>\n<span style=\"font-weight: 400;\">Monimoto, UAB n&rsquo;est pas responsable des frais de retour. Tous les frais d&rsquo;exp\u00e9dition sont \u00e0 la charge du client, m\u00eame si l&rsquo;article b\u00e9n\u00e9ficie d&rsquo;une livraison gratuite, le client doit payer les frais de retour.<\/span><\/p>\n<p><strong>MODIFICATIONS DE NOTRE POLITIQUE DE RETOUR ET DE REMBOURSEMENT<\/strong><br \/>\n<span style=\"font-weight: 400;\">Si nous mettons \u00e0 jour, modifions ou apportons des changements \u00e0 ce document afin qu&rsquo;il refl\u00e8te fid\u00e8lement notre service et nos politiques. \u00c0 moins que la loi ne l&rsquo;exige autrement, ces modifications seront affich\u00e9es ici de mani\u00e8re bien visible. Ensuite, si vous continuez \u00e0 utiliser le Service, vous serez li\u00e9 par la Politique de retour et de remboursement mise \u00e0 jour. <\/span><\/p>\n<p><strong>CONTACTEZ-NOUS<\/strong><br \/>\n<span style=\"font-weight: 400;\">Si, pour une raison quelconque, vous n&rsquo;\u00eates pas enti\u00e8rement satisfait d&rsquo;un bien ou d&rsquo;un service que nous fournissons, n&rsquo;h\u00e9sitez pas \u00e0 nous contacter et nous discuterons des probl\u00e8mes que vous rencontrez avec notre produit. Courriel: <\/span><a href=\"mailto:support@monimoto.com\" target=\"_blank\" rel=\"noopener\">support@monimoto.com<\/a><\/p>\n","protected":false},"excerpt":{"rendered":"<p>POLITIQUE DE LIVRAISON Monimoto UAB (\u00ab\u00a0nous\u00a0\u00bb et \u00ab\u00a0notre\u00a0\u00bb) est l&rsquo;op\u00e9rateur de (https:\/\/monimoto.com\/) (\u00ab\u00a0Site web\u00a0\u00bb). En passant une commande sur ce site Web, vous acceptez les conditions ci-dessous. Celles-ci sont fournies afin de s&rsquo;assurer que les deux parties sont conscientes et acceptent cet arrangement afin de prot\u00e9ger mutuellement et de d\u00e9finir les attentes concernant notre service. <a href=\"https:\/\/monimoto.com\/fr\/livraison-et-retours\/\" class=\"more-link\">&#8230;<span class=\"screen-reader-text\">  Livraison et retours<\/span><\/a><\/p>\n","protected":false},"author":1,"featured_media":0,"parent":0,"menu_order":0,"comment_status":"closed","ping_status":"closed","template":"","meta":{"_acf_changed":false,"footnotes":""},"class_list":["post-41","page","type-page","status-publish","hentry"],"acf":[],"yoast_head":"<!-- This site is optimized with the Yoast SEO plugin v27.3 - https:\/\/yoast.com\/product\/yoast-seo-wordpress\/ -->\n<title>Livraison et retours - Monimoto France<\/title>\n<meta name=\"description\" content=\"La commande Monimoto sera exp\u00e9di\u00e9e le jour ouvrable suivant. Nous offrons une garantie de remboursement de 30 jours pour vos achats.\" \/>\n<meta name=\"robots\" content=\"index, follow, max-snippet:-1, max-image-preview:large, max-video-preview:-1\" \/>\n<link rel=\"canonical\" href=\"https:\/\/monimoto.com\/fr\/livraison-et-retours\/\" \/>\n<meta name=\"twitter:card\" content=\"summary_large_image\" \/>\n<meta name=\"twitter:title\" content=\"Livraison et retours - Monimoto France\" \/>\n<meta name=\"twitter:description\" content=\"La commande Monimoto sera exp\u00e9di\u00e9e le jour ouvrable suivant. Nous offrons une garantie de remboursement de 30 jours pour vos achats.\" \/>\n<meta name=\"twitter:label1\" content=\"Dur\u00e9e de lecture estim\u00e9e\" \/>\n\t<meta name=\"twitter:data1\" content=\"1 minute\" \/>\n<script type=\"application\/ld+json\" class=\"yoast-schema-graph\">{\"@context\":\"https:\\\/\\\/schema.org\",\"@graph\":[{\"@type\":\"WebPage\",\"@id\":\"https:\\\/\\\/monimoto.com\\\/fr\\\/livraison-et-retours\\\/\",\"url\":\"https:\\\/\\\/monimoto.com\\\/fr\\\/livraison-et-retours\\\/\",\"name\":\"Livraison et retours - Monimoto France\",\"isPartOf\":{\"@id\":\"https:\\\/\\\/monimoto.com\\\/fr\\\/#website\"},\"datePublished\":\"2019-09-19T03:01:50+00:00\",\"dateModified\":\"2022-11-24T09:57:50+00:00\",\"description\":\"La commande Monimoto sera exp\u00e9di\u00e9e le jour ouvrable suivant. Nous offrons une garantie de remboursement de 30 jours pour vos achats.\",\"breadcrumb\":{\"@id\":\"https:\\\/\\\/monimoto.com\\\/fr\\\/livraison-et-retours\\\/#breadcrumb\"},\"inLanguage\":\"fr-FR\",\"potentialAction\":[{\"@type\":\"ReadAction\",\"target\":[\"https:\\\/\\\/monimoto.com\\\/fr\\\/livraison-et-retours\\\/\"]}]},{\"@type\":\"BreadcrumbList\",\"@id\":\"https:\\\/\\\/monimoto.com\\\/fr\\\/livraison-et-retours\\\/#breadcrumb\",\"itemListElement\":[{\"@type\":\"ListItem\",\"position\":1,\"name\":\"Home\",\"item\":\"https:\\\/\\\/monimoto.com\\\/fr\\\/\"},{\"@type\":\"ListItem\",\"position\":2,\"name\":\"Livraison et retours\"}]},{\"@type\":\"WebSite\",\"@id\":\"https:\\\/\\\/monimoto.com\\\/fr\\\/#website\",\"url\":\"https:\\\/\\\/monimoto.com\\\/fr\\\/\",\"name\":\"Monimoto France\",\"description\":\"\",\"publisher\":{\"@id\":\"https:\\\/\\\/monimoto.com\\\/fr\\\/#organization\"},\"potentialAction\":[{\"@type\":\"SearchAction\",\"target\":{\"@type\":\"EntryPoint\",\"urlTemplate\":\"https:\\\/\\\/monimoto.com\\\/fr\\\/?s={search_term_string}\"},\"query-input\":{\"@type\":\"PropertyValueSpecification\",\"valueRequired\":true,\"valueName\":\"search_term_string\"}}],\"inLanguage\":\"fr-FR\"},{\"@type\":\"Organization\",\"@id\":\"https:\\\/\\\/monimoto.com\\\/fr\\\/#organization\",\"name\":\"Monimoto\",\"url\":\"https:\\\/\\\/monimoto.com\\\/fr\\\/\",\"logo\":{\"@type\":\"ImageObject\",\"inLanguage\":\"fr-FR\",\"@id\":\"https:\\\/\\\/monimoto.com\\\/fr\\\/#\\\/schema\\\/logo\\\/image\\\/\",\"url\":\"https:\\\/\\\/monimoto.com\\\/media\\\/monimoto-1000x500-1.png\",\"contentUrl\":\"https:\\\/\\\/monimoto.com\\\/media\\\/monimoto-1000x500-1.png\",\"width\":1000,\"height\":500,\"caption\":\"Monimoto\"},\"image\":{\"@id\":\"https:\\\/\\\/monimoto.com\\\/fr\\\/#\\\/schema\\\/logo\\\/image\\\/\"}}]}<\/script>\n<!-- \/ Yoast SEO plugin. -->","yoast_head_json":{"title":"Livraison et retours - Monimoto France","description":"La commande Monimoto sera exp\u00e9di\u00e9e le jour ouvrable suivant. Nous offrons une garantie de remboursement de 30 jours pour vos achats.","robots":{"index":"index","follow":"follow","max-snippet":"max-snippet:-1","max-image-preview":"max-image-preview:large","max-video-preview":"max-video-preview:-1"},"canonical":"https:\/\/monimoto.com\/fr\/livraison-et-retours\/","twitter_card":"summary_large_image","twitter_title":"Livraison et retours - Monimoto France","twitter_description":"La commande Monimoto sera exp\u00e9di\u00e9e le jour ouvrable suivant. Nous offrons une garantie de remboursement de 30 jours pour vos achats.","twitter_misc":{"Dur\u00e9e de lecture estim\u00e9e":"1 minute"},"schema":{"@context":"https:\/\/schema.org","@graph":[{"@type":"WebPage","@id":"https:\/\/monimoto.com\/fr\/livraison-et-retours\/","url":"https:\/\/monimoto.com\/fr\/livraison-et-retours\/","name":"Livraison et retours - Monimoto France","isPartOf":{"@id":"https:\/\/monimoto.com\/fr\/#website"},"datePublished":"2019-09-19T03:01:50+00:00","dateModified":"2022-11-24T09:57:50+00:00","description":"La commande Monimoto sera exp\u00e9di\u00e9e le jour ouvrable suivant. Nous offrons une garantie de remboursement de 30 jours pour vos achats.","breadcrumb":{"@id":"https:\/\/monimoto.com\/fr\/livraison-et-retours\/#breadcrumb"},"inLanguage":"fr-FR","potentialAction":[{"@type":"ReadAction","target":["https:\/\/monimoto.com\/fr\/livraison-et-retours\/"]}]},{"@type":"BreadcrumbList","@id":"https:\/\/monimoto.com\/fr\/livraison-et-retours\/#breadcrumb","itemListElement":[{"@type":"ListItem","position":1,"name":"Home","item":"https:\/\/monimoto.com\/fr\/"},{"@type":"ListItem","position":2,"name":"Livraison et retours"}]},{"@type":"WebSite","@id":"https:\/\/monimoto.com\/fr\/#website","url":"https:\/\/monimoto.com\/fr\/","name":"Monimoto France","description":"","publisher":{"@id":"https:\/\/monimoto.com\/fr\/#organization"},"potentialAction":[{"@type":"SearchAction","target":{"@type":"EntryPoint","urlTemplate":"https:\/\/monimoto.com\/fr\/?s={search_term_string}"},"query-input":{"@type":"PropertyValueSpecification","valueRequired":true,"valueName":"search_term_string"}}],"inLanguage":"fr-FR"},{"@type":"Organization","@id":"https:\/\/monimoto.com\/fr\/#organization","name":"Monimoto","url":"https:\/\/monimoto.com\/fr\/","logo":{"@type":"ImageObject","inLanguage":"fr-FR","@id":"https:\/\/monimoto.com\/fr\/#\/schema\/logo\/image\/","url":"https:\/\/monimoto.com\/media\/monimoto-1000x500-1.png","contentUrl":"https:\/\/monimoto.com\/media\/monimoto-1000x500-1.png","width":1000,"height":500,"caption":"Monimoto"},"image":{"@id":"https:\/\/monimoto.com\/fr\/#\/schema\/logo\/image\/"}}]}},"_links":{"self":[{"href":"https:\/\/monimoto.com\/fr\/wp-json\/wp\/v2\/pages\/41","targetHints":{"allow":["GET"]}}],"collection":[{"href":"https:\/\/monimoto.com\/fr\/wp-json\/wp\/v2\/pages"}],"about":[{"href":"https:\/\/monimoto.com\/fr\/wp-json\/wp\/v2\/types\/page"}],"author":[{"embeddable":true,"href":"https:\/\/monimoto.com\/fr\/wp-json\/wp\/v2\/users\/1"}],"replies":[{"embeddable":true,"href":"https:\/\/monimoto.com\/fr\/wp-json\/wp\/v2\/comments?post=41"}],"version-history":[{"count":11,"href":"https:\/\/monimoto.com\/fr\/wp-json\/wp\/v2\/pages\/41\/revisions"}],"predecessor-version":[{"id":617189,"href":"https:\/\/monimoto.com\/fr\/wp-json\/wp\/v2\/pages\/41\/revisions\/617189"}],"wp:attachment":[{"href":"https:\/\/monimoto.com\/fr\/wp-json\/wp\/v2\/media?parent=41"}],"curies":[{"name":"wp","href":"https:\/\/api.w.org\/{rel}","templated":true}]}}