{"id":7,"date":"2019-12-18T13:29:08","date_gmt":"2019-12-18T13:29:08","guid":{"rendered":"https:\/\/monimoto.com\/es\/shipping-and-returns\/"},"modified":"2022-11-24T10:24:01","modified_gmt":"2022-11-24T10:24:01","slug":"envios-y-devoluciones","status":"publish","type":"page","link":"https:\/\/monimoto.com\/es\/envios-y-devoluciones\/","title":{"rendered":"Env\u00edos y devoluciones"},"content":{"rendered":"<h2>POL\u00cdTICA DE ENV\u00cdOS<\/h2>\n<p>Monimoto UAB (\u00abnosotros\u00bb) es el operador de (<a href=\"https:\/\/monimoto.com\/\" target=\"_blank\" rel=\"noopener\">https:\/\/monimoto.com\/<\/a>) <span style=\"font-weight: 400;\">(\u00abP\u00e1gina web\u00bb). Al realizar un pedido a trav\u00e9s de este sitio web, usted estar\u00e1 aceptando los t\u00e9rminos que se indican a continuaci\u00f3n. Se proporcionan para asegurar que ambas partes son conscientes y est\u00e1n de acuerdo con este acuerdo para proteger mutuamente y establecer las expectativas de nuestro servicio.<\/span><\/p>\n<p><strong>GENERAL<\/strong><br \/>\n<span style=\"font-weight: 400;\">Sujeto a disponibilidad de stock. Intentamos mantener un recuento preciso de las existencias en nuestro sitio web, pero de vez en cuando puede haber una discrepancia en las existencias y no podremos cumplir con todos sus art\u00edculos en el momento de la compra. En este caso, le suministraremos los productos disponibles y nos pondremos en contacto con usted para preguntarle si prefiere esperar a que se reponga el art\u00edculo atrasado o si prefiere que le hagamos un reembolso.<\/span><\/p>\n<p><strong>ENV\u00cdO GRATUITO<\/strong><br \/>\nOfrecemos env\u00edo expr\u00e9s gratuito en todos los pedidos.<\/p>\n<p><strong>CONDICIONES DE ENTREGA<\/strong><br \/>\n<span style=\"font-weight: 400;\">Por lo general, los pedidos en la Uni\u00f3n Europea y el Reino Unido tardan entre 1 y 4 d\u00edas, los pedidos enviados al extranjero (fuera de la Uni\u00f3n Europea) tardan entre 3 y 7 d\u00edas. Esto var\u00eda en funci\u00f3n del pa\u00eds\/estado de destino final.<\/span><\/p>\n<p><strong>TIEMPO DE ENV\u00cdO<\/strong><br \/>\n<span style=\"font-weight: 400;\">Los pedidos se env\u00edan normalmente en un plazo de 1 a 2 d\u00edas laborables tras el pago del pedido.<\/span><span style=\"font-weight: 400;\">Nuestro almac\u00e9n opera de lunes a viernes durante el horario comercial est\u00e1ndar, excepto en los d\u00edas festivos nacionales, en los que el almac\u00e9n estar\u00e1 cerrado. Tomamos medidas para garantizar que los retrasos en los env\u00edos sean m\u00ednimos. Todos los pedidos se env\u00edan desde nuestro centro de distribuci\u00f3n en Lituania.\u00a0<\/span><\/p>\n<p><strong>CAMBIO DE DIRECCI\u00d3N DE ENTREGA<\/strong><br \/>\n<span style=\"font-weight: 400;\">Para las solicitudes de cambio de direcci\u00f3n de entrega, podemos cambiar la direcci\u00f3n en cualquier momento antes de que el pedido haya sido enviado. En ese caso, p\u00f3ngase en contacto con nosotros por correo electr\u00f3nico &#8211; <a href=\"mailto:support@monimoto.com\" target=\"_blank\" rel=\"noopener\">support@monimoto.com<\/a><\/span><\/p>\n<p><strong>RESTRICCIONES DE ENV\u00cdO<\/strong><br \/>\nLos pedidos no se pueden enviar a apartados de correos<br \/>\nLos pedidos no pueden ser enviados a direcciones militares<br \/>\nLos pedidos s\u00f3lo se env\u00edan en d\u00edas laborables, que son de lunes a viernes.<\/p>\n<p><strong>TIEMPO DE ENTREGA EXCEDIDO<\/strong><br \/>\n<span style=\"font-weight: 400;\">Si el plazo de entrega ha superado el tiempo previsto, p\u00f3ngase en contacto con nosotros por correo electr\u00f3nico <a href=\"mailto:support@monimoto.com\" target=\"_blank\" rel=\"noopener\">support@monimoto.com<\/a> para que podamos realizar una investigaci\u00f3n.<\/span><\/p>\n<p><strong>NOTIFICACIONES DE SEGUIMIENTO<\/strong><br \/>\n<span style=\"font-weight: 400;\">Tras el env\u00edo, recibir\u00e1 un enlace de seguimiento que le permitir\u00e1 seguir el progreso de su env\u00edo seg\u00fan las \u00faltimas actualizaciones puestas a disposici\u00f3n por el proveedor de transporte.<\/span><\/p>\n<p><strong>DERECHOS E IMPUESTOS<\/strong><br \/>\n<span style=\"font-weight: 400;\">Los derechos e impuestos de importaci\u00f3n para los env\u00edos internacionales (fuera de la Uni\u00f3n Europea y el Reino Unido) pueden tener que pagarse al llegar al pa\u00eds de destino. Esto var\u00eda seg\u00fan el pa\u00eds, y le animamos a que sea consciente de estos posibles costes antes de realizar un pedido con nosotros.<\/span><\/p>\n<p><span style=\"font-weight: 400;\">Si se niega a pagar los derechos e impuestos al llegar al pa\u00eds de destino, la mercanc\u00eda ser\u00e1 devuelta a cargo del cliente, que recibir\u00e1 un reembolso por el valor de la mercanc\u00eda pagada, menos el coste del env\u00edo de vuelta. El coste del env\u00edo inicial no se reembolsar\u00e1.<\/span><\/p>\n<p><strong>CANCELACI\u00d3N<\/strong><br \/>\n<span style=\"font-weight: 400;\">Si cambia de opini\u00f3n antes de recibir su pedido, podemos aceptar cancelaciones en cualquier momento antes de que el pedido haya sido enviado. Si el pedido ya ha sido enviado, consulte nuestra pol\u00edtica de reembolso.<\/span><\/p>\n<h2>POL\u00cdTICA DE DEVOLUCIONES Y REEMBOLSOS<\/h2>\n<p>Gracias por comprar en la web de Monimoto UAB (<a href=\"https:\/\/monimoto.com\/\" target=\"_blank\" rel=\"noopener\">https:\/\/monimoto.com\/<\/a>). <span style=\"font-weight: 400;\">Queremos asegurarnos de que tenga una experiencia gratificante mientras explora y compra nuestros productos. Para una mejor tramitaci\u00f3n de su solicitud de devoluci\u00f3n, le sugerimos que se ponga en contacto con el servicio de asistencia por correo electr\u00f3nico <a href=\"mailto:support@monimoto.com\" target=\"_blank\" rel=\"noopener\">support@monimoto.com<\/a>.<\/span><\/p>\n<p><strong>DEVOLUCI\u00d3N POR CAMBIO DE OPINI\u00d3N<\/strong><br \/>\n<span style=\"font-weight: 400;\">Monimoto UAB aceptar\u00e1 gustosamente las devoluciones por cambio de opini\u00f3n siempre y cuando la solicitud de devoluci\u00f3n sea recibida por nosotros dentro de los 30 d\u00edas siguientes a la recepci\u00f3n del art\u00edculo y se nos devuelva en el embalaje original. Nuestra garant\u00eda de devoluci\u00f3n de 30 d\u00edas s\u00f3lo es aplicable a las compras realizadas en este sitio y directamente con Monimoto UAB.<\/span><\/p>\n<p><span style=\"font-weight: 400;\">Los gastos de env\u00edo de las devoluciones correr\u00e1n a su cargo y deber\u00e1 organizar su propio env\u00edo. Una vez que las devoluciones sean recibidas y aceptadas, el reembolso ser\u00e1 procesado a su m\u00e9todo de pago original. Le notificaremos una vez que esto se haya completado a trav\u00e9s del correo electr\u00f3nico.<\/span><\/p>\n<p><span style=\"font-weight: 400;\">Monimoto UAB reembolsar\u00e1 el valor de los productos devueltos pero NO reembolsar\u00e1 el valor de los gastos de env\u00edo pagados.<\/span><\/p>\n<p><strong>DEVOLUCIONES EN GARANT\u00cdA<\/strong><br \/>\n<span style=\"font-weight: 400;\">Monimoto UAB atender\u00e1 gustosamente cualquier reclamaci\u00f3n de garant\u00eda v\u00e1lida, siempre y cuando se presente una reclamaci\u00f3n dentro de los 2 a\u00f1os siguientes a la recepci\u00f3n de los art\u00edculos.<\/span><\/p>\n<p><span style=\"font-weight: 400;\">Le ayudaremos a organizar la recogida de la compra a expensas de la empresa cuando sea posible, de lo contrario se le pedir\u00e1 que pague por adelantado el env\u00edo de la devoluci\u00f3n, sin embargo le reembolsaremos al reclamar la garant\u00eda con \u00e9xito.<\/span><\/p>\n<p><span style=\"font-weight: 400;\">Una vez recibidos los art\u00edculos para la reclamaci\u00f3n de la garant\u00eda, puede esperar que Monimoto UAB procese su reclamaci\u00f3n de la garant\u00eda en un plazo de 7 d\u00edas.<\/span><\/p>\n<p><strong>REEMBOLSO<\/strong><br \/>\n<span style=\"font-weight: 400;\">Una vez que se reciban y acepten las devoluciones, se procesar\u00e1n los reembolsos a su m\u00e9todo de pago. Le notificaremos una vez que esto se haya completado a trav\u00e9s del correo electr\u00f3nico. El dinero puede tardar hasta un m\u00e1ximo de 14 d\u00edas en llegar a su cuenta, seg\u00fan su banco. Los reembolsos de Paypal llegan a su cuenta inmediatamente despu\u00e9s de iniciarse el reembolso.<\/span><\/p>\n<p><strong>ENV\u00cdO<\/strong><br \/>\n<span style=\"font-weight: 400;\">Monimoto, UAB no se hace responsable de los gastos de env\u00edo de las devoluciones. Cada env\u00edo tiene que ser pagado por el cliente, incluso si el art\u00edculo ten\u00eda env\u00edo gratuito en primer lugar, el cliente tiene que pagar por el env\u00edo de vuelta.<\/span><\/p>\n<p><strong>CAMBIOS EN NUESTRA POL\u00cdTICA DE DEVOLUCI\u00d3N Y REEMBOLSO<\/strong><br \/>\n<span style=\"font-weight: 400;\">En caso de que actualicemos, modifiquemos o hagamos cualquier cambio en este documento para que refleje con exactitud nuestro Servicio y nuestras pol\u00edticas. A menos que la ley exija lo contrario, dichos cambios se publicar\u00e1n de forma destacada aqu\u00ed. Entonces, si usted contin\u00faa utilizando el Servicio, estar\u00e1 obligado a cumplir con la Pol\u00edtica de devoluciones y reembolsos actualizada. <\/span><\/p>\n<p><strong>CONTACTAR CON NOSOTROS<\/strong><br \/>\n<span style=\"font-weight: 400;\">Si, por alguna raz\u00f3n, usted no est\u00e1 completamente satisfecho con cualquier bien o servicio que proporcionamos, no dude en ponerse en contacto con nosotros y vamos a discutir cualquiera de los problemas que est\u00e1 pasando con nuestro producto. Correo electr\u00f3nico: <\/span><a href=\"mailto:support@monimoto.com\" target=\"_blank\" rel=\"noopener\">support@monimoto.com<\/a><\/p>\n","protected":false},"excerpt":{"rendered":"<p>POL\u00cdTICA DE ENV\u00cdOS Monimoto UAB (\u00abnosotros\u00bb) es el operador de (https:\/\/monimoto.com\/) (\u00abP\u00e1gina web\u00bb). Al realizar un pedido a trav\u00e9s de este sitio web, usted estar\u00e1 aceptando los t\u00e9rminos que se indican a continuaci\u00f3n. Se proporcionan para asegurar que ambas partes son conscientes y est\u00e1n de acuerdo con este acuerdo para proteger mutuamente y establecer las <a href=\"https:\/\/monimoto.com\/es\/envios-y-devoluciones\/\" class=\"more-link\">&#8230;<span class=\"screen-reader-text\">  Env\u00edos y devoluciones<\/span><\/a><\/p>\n","protected":false},"author":1,"featured_media":0,"parent":0,"menu_order":0,"comment_status":"closed","ping_status":"closed","template":"","meta":{"_acf_changed":false,"footnotes":""},"class_list":["post-7","page","type-page","status-publish","hentry"],"acf":[],"yoast_head":"<!-- This site is optimized with the Yoast SEO plugin v27.3 - https:\/\/yoast.com\/product\/yoast-seo-wordpress\/ -->\n<title>Env\u00edos y devoluciones - Monimoto Espa\u00f1a<\/title>\n<meta name=\"description\" content=\"Tu pedido de Monimoto se enviar\u00e1 ma\u00f1ana (si es laborable) por Express Shipping. Ofrecemos 30 d\u00edas devoluci\u00f3n garantizada.\" \/>\n<meta name=\"robots\" content=\"index, follow, max-snippet:-1, max-image-preview:large, max-video-preview:-1\" \/>\n<link rel=\"canonical\" href=\"https:\/\/monimoto.com\/es\/envios-y-devoluciones\/\" \/>\n<meta name=\"twitter:card\" content=\"summary_large_image\" \/>\n<meta name=\"twitter:title\" content=\"Env\u00edos y devoluciones - Monimoto Espa\u00f1a\" \/>\n<meta name=\"twitter:description\" content=\"Tu pedido de Monimoto se enviar\u00e1 ma\u00f1ana (si es laborable) por Express Shipping. Ofrecemos 30 d\u00edas devoluci\u00f3n garantizada.\" \/>\n<meta name=\"twitter:label1\" content=\"Tiempo de lectura\" \/>\n\t<meta name=\"twitter:data1\" content=\"1 minuto\" \/>\n<script type=\"application\/ld+json\" class=\"yoast-schema-graph\">{\"@context\":\"https:\\\/\\\/schema.org\",\"@graph\":[{\"@type\":\"WebPage\",\"@id\":\"https:\\\/\\\/monimoto.com\\\/es\\\/envios-y-devoluciones\\\/\",\"url\":\"https:\\\/\\\/monimoto.com\\\/es\\\/envios-y-devoluciones\\\/\",\"name\":\"Env\u00edos y devoluciones - Monimoto Espa\u00f1a\",\"isPartOf\":{\"@id\":\"https:\\\/\\\/monimoto.com\\\/es\\\/#website\"},\"datePublished\":\"2019-12-18T13:29:08+00:00\",\"dateModified\":\"2022-11-24T10:24:01+00:00\",\"description\":\"Tu pedido de Monimoto se enviar\u00e1 ma\u00f1ana (si es laborable) por Express Shipping. Ofrecemos 30 d\u00edas devoluci\u00f3n garantizada.\",\"breadcrumb\":{\"@id\":\"https:\\\/\\\/monimoto.com\\\/es\\\/envios-y-devoluciones\\\/#breadcrumb\"},\"inLanguage\":\"es\",\"potentialAction\":[{\"@type\":\"ReadAction\",\"target\":[\"https:\\\/\\\/monimoto.com\\\/es\\\/envios-y-devoluciones\\\/\"]}]},{\"@type\":\"BreadcrumbList\",\"@id\":\"https:\\\/\\\/monimoto.com\\\/es\\\/envios-y-devoluciones\\\/#breadcrumb\",\"itemListElement\":[{\"@type\":\"ListItem\",\"position\":1,\"name\":\"Home\",\"item\":\"https:\\\/\\\/monimoto.com\\\/es\\\/\"},{\"@type\":\"ListItem\",\"position\":2,\"name\":\"Env\u00edos y devoluciones\"}]},{\"@type\":\"WebSite\",\"@id\":\"https:\\\/\\\/monimoto.com\\\/es\\\/#website\",\"url\":\"https:\\\/\\\/monimoto.com\\\/es\\\/\",\"name\":\"Monimoto Espa\u00f1a\",\"description\":\"El localizador inteligente para motos\",\"publisher\":{\"@id\":\"https:\\\/\\\/monimoto.com\\\/es\\\/#organization\"},\"potentialAction\":[{\"@type\":\"SearchAction\",\"target\":{\"@type\":\"EntryPoint\",\"urlTemplate\":\"https:\\\/\\\/monimoto.com\\\/es\\\/?s={search_term_string}\"},\"query-input\":{\"@type\":\"PropertyValueSpecification\",\"valueRequired\":true,\"valueName\":\"search_term_string\"}}],\"inLanguage\":\"es\"},{\"@type\":\"Organization\",\"@id\":\"https:\\\/\\\/monimoto.com\\\/es\\\/#organization\",\"name\":\"Monimoto\",\"url\":\"https:\\\/\\\/monimoto.com\\\/es\\\/\",\"logo\":{\"@type\":\"ImageObject\",\"inLanguage\":\"es\",\"@id\":\"https:\\\/\\\/monimoto.com\\\/es\\\/#\\\/schema\\\/logo\\\/image\\\/\",\"url\":\"https:\\\/\\\/monimoto.com\\\/media\\\/monimoto-1000x500-1.png\",\"contentUrl\":\"https:\\\/\\\/monimoto.com\\\/media\\\/monimoto-1000x500-1.png\",\"width\":1000,\"height\":500,\"caption\":\"Monimoto\"},\"image\":{\"@id\":\"https:\\\/\\\/monimoto.com\\\/es\\\/#\\\/schema\\\/logo\\\/image\\\/\"},\"sameAs\":[\"https:\\\/\\\/www.facebook.com\\\/monimoto.tracker\",\"https:\\\/\\\/www.instagram.com\\\/monimoto.tracker\\\/\",\"https:\\\/\\\/www.linkedin.com\\\/company\\\/monimoto\\\/\",\"https:\\\/\\\/www.youtube.com\\\/channel\\\/UCx2ca9eImBdSi4slDKlbxEA\\\/videos\"]}]}<\/script>\n<!-- \/ Yoast SEO plugin. -->","yoast_head_json":{"title":"Env\u00edos y devoluciones - Monimoto Espa\u00f1a","description":"Tu pedido de Monimoto se enviar\u00e1 ma\u00f1ana (si es laborable) por Express Shipping. Ofrecemos 30 d\u00edas devoluci\u00f3n garantizada.","robots":{"index":"index","follow":"follow","max-snippet":"max-snippet:-1","max-image-preview":"max-image-preview:large","max-video-preview":"max-video-preview:-1"},"canonical":"https:\/\/monimoto.com\/es\/envios-y-devoluciones\/","twitter_card":"summary_large_image","twitter_title":"Env\u00edos y devoluciones - Monimoto Espa\u00f1a","twitter_description":"Tu pedido de Monimoto se enviar\u00e1 ma\u00f1ana (si es laborable) por Express Shipping. Ofrecemos 30 d\u00edas devoluci\u00f3n garantizada.","twitter_misc":{"Tiempo de lectura":"1 minuto"},"schema":{"@context":"https:\/\/schema.org","@graph":[{"@type":"WebPage","@id":"https:\/\/monimoto.com\/es\/envios-y-devoluciones\/","url":"https:\/\/monimoto.com\/es\/envios-y-devoluciones\/","name":"Env\u00edos y devoluciones - Monimoto Espa\u00f1a","isPartOf":{"@id":"https:\/\/monimoto.com\/es\/#website"},"datePublished":"2019-12-18T13:29:08+00:00","dateModified":"2022-11-24T10:24:01+00:00","description":"Tu pedido de Monimoto se enviar\u00e1 ma\u00f1ana (si es laborable) por Express Shipping. Ofrecemos 30 d\u00edas devoluci\u00f3n garantizada.","breadcrumb":{"@id":"https:\/\/monimoto.com\/es\/envios-y-devoluciones\/#breadcrumb"},"inLanguage":"es","potentialAction":[{"@type":"ReadAction","target":["https:\/\/monimoto.com\/es\/envios-y-devoluciones\/"]}]},{"@type":"BreadcrumbList","@id":"https:\/\/monimoto.com\/es\/envios-y-devoluciones\/#breadcrumb","itemListElement":[{"@type":"ListItem","position":1,"name":"Home","item":"https:\/\/monimoto.com\/es\/"},{"@type":"ListItem","position":2,"name":"Env\u00edos y devoluciones"}]},{"@type":"WebSite","@id":"https:\/\/monimoto.com\/es\/#website","url":"https:\/\/monimoto.com\/es\/","name":"Monimoto Espa\u00f1a","description":"El localizador inteligente para motos","publisher":{"@id":"https:\/\/monimoto.com\/es\/#organization"},"potentialAction":[{"@type":"SearchAction","target":{"@type":"EntryPoint","urlTemplate":"https:\/\/monimoto.com\/es\/?s={search_term_string}"},"query-input":{"@type":"PropertyValueSpecification","valueRequired":true,"valueName":"search_term_string"}}],"inLanguage":"es"},{"@type":"Organization","@id":"https:\/\/monimoto.com\/es\/#organization","name":"Monimoto","url":"https:\/\/monimoto.com\/es\/","logo":{"@type":"ImageObject","inLanguage":"es","@id":"https:\/\/monimoto.com\/es\/#\/schema\/logo\/image\/","url":"https:\/\/monimoto.com\/media\/monimoto-1000x500-1.png","contentUrl":"https:\/\/monimoto.com\/media\/monimoto-1000x500-1.png","width":1000,"height":500,"caption":"Monimoto"},"image":{"@id":"https:\/\/monimoto.com\/es\/#\/schema\/logo\/image\/"},"sameAs":["https:\/\/www.facebook.com\/monimoto.tracker","https:\/\/www.instagram.com\/monimoto.tracker\/","https:\/\/www.linkedin.com\/company\/monimoto\/","https:\/\/www.youtube.com\/channel\/UCx2ca9eImBdSi4slDKlbxEA\/videos"]}]}},"_links":{"self":[{"href":"https:\/\/monimoto.com\/es\/wp-json\/wp\/v2\/pages\/7","targetHints":{"allow":["GET"]}}],"collection":[{"href":"https:\/\/monimoto.com\/es\/wp-json\/wp\/v2\/pages"}],"about":[{"href":"https:\/\/monimoto.com\/es\/wp-json\/wp\/v2\/types\/page"}],"author":[{"embeddable":true,"href":"https:\/\/monimoto.com\/es\/wp-json\/wp\/v2\/users\/1"}],"replies":[{"embeddable":true,"href":"https:\/\/monimoto.com\/es\/wp-json\/wp\/v2\/comments?post=7"}],"version-history":[{"count":7,"href":"https:\/\/monimoto.com\/es\/wp-json\/wp\/v2\/pages\/7\/revisions"}],"predecessor-version":[{"id":2299,"href":"https:\/\/monimoto.com\/es\/wp-json\/wp\/v2\/pages\/7\/revisions\/2299"}],"wp:attachment":[{"href":"https:\/\/monimoto.com\/es\/wp-json\/wp\/v2\/media?parent=7"}],"curies":[{"name":"wp","href":"https:\/\/api.w.org\/{rel}","templated":true}]}}