{"id":586,"date":"2021-06-28T14:11:44","date_gmt":"2021-06-28T14:11:44","guid":{"rendered":"https:\/\/monimoto.com\/es\/?page_id=586"},"modified":"2024-04-02T10:49:54","modified_gmt":"2024-04-02T10:49:54","slug":"declaracion-de-conformidad","status":"publish","type":"page","link":"https:\/\/monimoto.com\/es\/declaracion-de-conformidad\/","title":{"rendered":"Declaraci\u00f3n de conformidad"},"content":{"rendered":"<p><a href=\"\/uploads\/mm5-ce-declaration.pdf\" target=\"\u201d_blank\u201d\" rel=\"noopener\">Declaration of Conformity (MM5)<\/a><br \/>\n<a href=\"\/uploads\/mm6-ce-declaration.pdf\" target=\"\u201d_blank\u201d\" rel=\"noopener\">Declaration of Conformity (MM6)<\/a><br \/>\n<a href=\"\/uploads\/RF_067_02_EC_Declaration_of_Conformity_(RED).pdf\" target=\"\u201d_blank\u201d\" rel=\"noopener\">Declaraci\u00f3n de conformidad (Monimoto 7)<\/a><br \/>\n<a href=\"\/uploads\/key4-doc.pdf\" target=\"\u201d_blank\u201d\" rel=\"noopener\">Declaraci\u00f3n de conformidad (Key Fob 4)<\/a><br \/>\n<a href=\"https:\/\/monimoto.com\/media\/Declaration-of-Conformity_Monimoto9.pdf\" target=\"_blank\" rel=\"noopener\">Declaraci\u00f3n de conformidad (Monimoto 9)<\/a><\/p>\n","protected":false},"excerpt":{"rendered":"<p>Declaration of Conformity (MM5) Declaration of Conformity (MM6) Declaraci\u00f3n de conformidad (Monimoto 7) Declaraci\u00f3n de conformidad (Key Fob 4) Declaraci\u00f3n de conformidad (Monimoto 9)<\/p>\n","protected":false},"author":1,"featured_media":0,"parent":0,"menu_order":0,"comment_status":"closed","ping_status":"closed","template":"","meta":{"_acf_changed":false,"footnotes":""},"class_list":["post-586","page","type-page","status-publish","hentry"],"acf":[],"yoast_head":"<!-- This site is optimized with the Yoast SEO plugin v27.3 - https:\/\/yoast.com\/product\/yoast-seo-wordpress\/ -->\n<title>Declaraci\u00f3n de conformidad - Monimoto Espa\u00f1a<\/title>\n<meta name=\"robots\" content=\"index, follow, max-snippet:-1, max-image-preview:large, max-video-preview:-1\" \/>\n<link rel=\"canonical\" href=\"https:\/\/monimoto.com\/es\/declaracion-de-conformidad\/\" \/>\n<meta name=\"twitter:card\" content=\"summary_large_image\" \/>\n<meta name=\"twitter:title\" content=\"Declaraci\u00f3n de conformidad - Monimoto Espa\u00f1a\" \/>\n<meta name=\"twitter:description\" content=\"Declaration of Conformity (MM5) Declaration of Conformity (MM6) Declaraci\u00f3n de conformidad (Monimoto 7) Declaraci\u00f3n de conformidad (Key Fob 4) Declaraci\u00f3n de conformidad (Monimoto 9)\" \/>\n<meta name=\"twitter:label1\" content=\"Tiempo de lectura\" \/>\n\t<meta name=\"twitter:data1\" content=\"1 minuto\" \/>\n<script type=\"application\/ld+json\" class=\"yoast-schema-graph\">{\"@context\":\"https:\\\/\\\/schema.org\",\"@graph\":[{\"@type\":\"WebPage\",\"@id\":\"https:\\\/\\\/monimoto.com\\\/es\\\/declaracion-de-conformidad\\\/\",\"url\":\"https:\\\/\\\/monimoto.com\\\/es\\\/declaracion-de-conformidad\\\/\",\"name\":\"Declaraci\u00f3n de conformidad - Monimoto Espa\u00f1a\",\"isPartOf\":{\"@id\":\"https:\\\/\\\/monimoto.com\\\/es\\\/#website\"},\"datePublished\":\"2021-06-28T14:11:44+00:00\",\"dateModified\":\"2024-04-02T10:49:54+00:00\",\"breadcrumb\":{\"@id\":\"https:\\\/\\\/monimoto.com\\\/es\\\/declaracion-de-conformidad\\\/#breadcrumb\"},\"inLanguage\":\"es\",\"potentialAction\":[{\"@type\":\"ReadAction\",\"target\":[\"https:\\\/\\\/monimoto.com\\\/es\\\/declaracion-de-conformidad\\\/\"]}]},{\"@type\":\"BreadcrumbList\",\"@id\":\"https:\\\/\\\/monimoto.com\\\/es\\\/declaracion-de-conformidad\\\/#breadcrumb\",\"itemListElement\":[{\"@type\":\"ListItem\",\"position\":1,\"name\":\"Home\",\"item\":\"https:\\\/\\\/monimoto.com\\\/es\\\/\"},{\"@type\":\"ListItem\",\"position\":2,\"name\":\"Declaraci\u00f3n de conformidad\"}]},{\"@type\":\"WebSite\",\"@id\":\"https:\\\/\\\/monimoto.com\\\/es\\\/#website\",\"url\":\"https:\\\/\\\/monimoto.com\\\/es\\\/\",\"name\":\"Monimoto Espa\u00f1a\",\"description\":\"El localizador inteligente para motos\",\"publisher\":{\"@id\":\"https:\\\/\\\/monimoto.com\\\/es\\\/#organization\"},\"potentialAction\":[{\"@type\":\"SearchAction\",\"target\":{\"@type\":\"EntryPoint\",\"urlTemplate\":\"https:\\\/\\\/monimoto.com\\\/es\\\/?s={search_term_string}\"},\"query-input\":{\"@type\":\"PropertyValueSpecification\",\"valueRequired\":true,\"valueName\":\"search_term_string\"}}],\"inLanguage\":\"es\"},{\"@type\":\"Organization\",\"@id\":\"https:\\\/\\\/monimoto.com\\\/es\\\/#organization\",\"name\":\"Monimoto\",\"url\":\"https:\\\/\\\/monimoto.com\\\/es\\\/\",\"logo\":{\"@type\":\"ImageObject\",\"inLanguage\":\"es\",\"@id\":\"https:\\\/\\\/monimoto.com\\\/es\\\/#\\\/schema\\\/logo\\\/image\\\/\",\"url\":\"https:\\\/\\\/monimoto.com\\\/media\\\/monimoto-1000x500-1.png\",\"contentUrl\":\"https:\\\/\\\/monimoto.com\\\/media\\\/monimoto-1000x500-1.png\",\"width\":1000,\"height\":500,\"caption\":\"Monimoto\"},\"image\":{\"@id\":\"https:\\\/\\\/monimoto.com\\\/es\\\/#\\\/schema\\\/logo\\\/image\\\/\"},\"sameAs\":[\"https:\\\/\\\/www.facebook.com\\\/monimoto.tracker\",\"https:\\\/\\\/www.instagram.com\\\/monimoto.tracker\\\/\",\"https:\\\/\\\/www.linkedin.com\\\/company\\\/monimoto\\\/\",\"https:\\\/\\\/www.youtube.com\\\/channel\\\/UCx2ca9eImBdSi4slDKlbxEA\\\/videos\"]}]}<\/script>\n<!-- \/ Yoast SEO plugin. -->","yoast_head_json":{"title":"Declaraci\u00f3n de conformidad - Monimoto Espa\u00f1a","robots":{"index":"index","follow":"follow","max-snippet":"max-snippet:-1","max-image-preview":"max-image-preview:large","max-video-preview":"max-video-preview:-1"},"canonical":"https:\/\/monimoto.com\/es\/declaracion-de-conformidad\/","twitter_card":"summary_large_image","twitter_title":"Declaraci\u00f3n de conformidad - Monimoto Espa\u00f1a","twitter_description":"Declaration of Conformity (MM5) Declaration of Conformity (MM6) Declaraci\u00f3n de conformidad (Monimoto 7) Declaraci\u00f3n de conformidad (Key Fob 4) Declaraci\u00f3n de conformidad (Monimoto 9)","twitter_misc":{"Tiempo de lectura":"1 minuto"},"schema":{"@context":"https:\/\/schema.org","@graph":[{"@type":"WebPage","@id":"https:\/\/monimoto.com\/es\/declaracion-de-conformidad\/","url":"https:\/\/monimoto.com\/es\/declaracion-de-conformidad\/","name":"Declaraci\u00f3n de conformidad - Monimoto Espa\u00f1a","isPartOf":{"@id":"https:\/\/monimoto.com\/es\/#website"},"datePublished":"2021-06-28T14:11:44+00:00","dateModified":"2024-04-02T10:49:54+00:00","breadcrumb":{"@id":"https:\/\/monimoto.com\/es\/declaracion-de-conformidad\/#breadcrumb"},"inLanguage":"es","potentialAction":[{"@type":"ReadAction","target":["https:\/\/monimoto.com\/es\/declaracion-de-conformidad\/"]}]},{"@type":"BreadcrumbList","@id":"https:\/\/monimoto.com\/es\/declaracion-de-conformidad\/#breadcrumb","itemListElement":[{"@type":"ListItem","position":1,"name":"Home","item":"https:\/\/monimoto.com\/es\/"},{"@type":"ListItem","position":2,"name":"Declaraci\u00f3n de conformidad"}]},{"@type":"WebSite","@id":"https:\/\/monimoto.com\/es\/#website","url":"https:\/\/monimoto.com\/es\/","name":"Monimoto Espa\u00f1a","description":"El localizador inteligente para motos","publisher":{"@id":"https:\/\/monimoto.com\/es\/#organization"},"potentialAction":[{"@type":"SearchAction","target":{"@type":"EntryPoint","urlTemplate":"https:\/\/monimoto.com\/es\/?s={search_term_string}"},"query-input":{"@type":"PropertyValueSpecification","valueRequired":true,"valueName":"search_term_string"}}],"inLanguage":"es"},{"@type":"Organization","@id":"https:\/\/monimoto.com\/es\/#organization","name":"Monimoto","url":"https:\/\/monimoto.com\/es\/","logo":{"@type":"ImageObject","inLanguage":"es","@id":"https:\/\/monimoto.com\/es\/#\/schema\/logo\/image\/","url":"https:\/\/monimoto.com\/media\/monimoto-1000x500-1.png","contentUrl":"https:\/\/monimoto.com\/media\/monimoto-1000x500-1.png","width":1000,"height":500,"caption":"Monimoto"},"image":{"@id":"https:\/\/monimoto.com\/es\/#\/schema\/logo\/image\/"},"sameAs":["https:\/\/www.facebook.com\/monimoto.tracker","https:\/\/www.instagram.com\/monimoto.tracker\/","https:\/\/www.linkedin.com\/company\/monimoto\/","https:\/\/www.youtube.com\/channel\/UCx2ca9eImBdSi4slDKlbxEA\/videos"]}]}},"_links":{"self":[{"href":"https:\/\/monimoto.com\/es\/wp-json\/wp\/v2\/pages\/586","targetHints":{"allow":["GET"]}}],"collection":[{"href":"https:\/\/monimoto.com\/es\/wp-json\/wp\/v2\/pages"}],"about":[{"href":"https:\/\/monimoto.com\/es\/wp-json\/wp\/v2\/types\/page"}],"author":[{"embeddable":true,"href":"https:\/\/monimoto.com\/es\/wp-json\/wp\/v2\/users\/1"}],"replies":[{"embeddable":true,"href":"https:\/\/monimoto.com\/es\/wp-json\/wp\/v2\/comments?post=586"}],"version-history":[{"count":6,"href":"https:\/\/monimoto.com\/es\/wp-json\/wp\/v2\/pages\/586\/revisions"}],"predecessor-version":[{"id":3237,"href":"https:\/\/monimoto.com\/es\/wp-json\/wp\/v2\/pages\/586\/revisions\/3237"}],"wp:attachment":[{"href":"https:\/\/monimoto.com\/es\/wp-json\/wp\/v2\/media?parent=586"}],"curies":[{"name":"wp","href":"https:\/\/api.w.org\/{rel}","templated":true}]}}