{"id":14,"date":"2019-12-17T12:40:24","date_gmt":"2019-12-17T12:40:24","guid":{"rendered":"https:\/\/monimoto.com\/es\/riguardo-a-noi\/"},"modified":"2024-02-14T16:05:19","modified_gmt":"2024-02-14T16:05:19","slug":"acerca-de-nosotros","status":"publish","type":"page","link":"https:\/\/monimoto.com\/es\/acerca-de-nosotros\/","title":{"rendered":"Acerca de nosotros"},"content":{"rendered":"<p>Desde 2013, nuestro equipo de formado por apasionados, parte de otra compa\u00f1\u00eda en ese momento, ha estado desarrollando e innovando nuestra visi\u00f3n personal de una soluci\u00f3n antirrobo de motocicletas.<\/p>\n<p>En 2016, nos convertimos en una empresa spin-off y dedicamos todos nuestros recursos para hacer realidad lo que ten\u00edamos en mente. Con tecnolog\u00eda y la experiencia de nuestro lado, hemos desarrollado como nuestro producto estrella un localizador GPS aut\u00f3nomo alimentado por bater\u00edas.<\/p>\n<p>Creemos que proteger del robo una moto debe ser simple y asequible para cualquier motorista. Por lo tanto, nos hemos esforzado por ofrecer una instalaci\u00f3n sencilla y un uso f\u00e1cil de nuestra alarma y el sistema de seguimiento de moto.<\/p>\n","protected":false},"excerpt":{"rendered":"<p>Desde 2013, nuestro equipo de formado por apasionados, parte de otra compa\u00f1\u00eda en ese momento, ha estado desarrollando e innovando nuestra visi\u00f3n personal de una soluci\u00f3n antirrobo de motocicletas. En 2016, nos convertimos en una empresa spin-off y dedicamos todos nuestros recursos para hacer realidad lo que ten\u00edamos en mente. Con tecnolog\u00eda y la experiencia <a href=\"https:\/\/monimoto.com\/es\/acerca-de-nosotros\/\" class=\"more-link\">&#8230;<span class=\"screen-reader-text\">  Acerca de nosotros<\/span><\/a><\/p>\n","protected":false},"author":1,"featured_media":0,"parent":0,"menu_order":0,"comment_status":"closed","ping_status":"closed","template":"","meta":{"_acf_changed":false,"footnotes":""},"class_list":["post-14","page","type-page","status-publish","hentry"],"acf":[],"yoast_head":"<!-- This site is optimized with the Yoast SEO plugin v27.3 - https:\/\/yoast.com\/product\/yoast-seo-wordpress\/ -->\n<title>Acerca de nosotros - Monimoto Espa\u00f1a<\/title>\n<meta name=\"description\" content=\"Desde 2013, nuestro equipo de apasionados motociclistas ha estado desarrollando e innovando nuestra versi\u00f3n personal de la soluci\u00f3n antirrobo para motocicletas: el localizador GPS inteligente Monimoto.\" \/>\n<meta name=\"robots\" content=\"index, follow, max-snippet:-1, max-image-preview:large, max-video-preview:-1\" \/>\n<link rel=\"canonical\" href=\"https:\/\/monimoto.com\/es\/acerca-de-nosotros\/\" \/>\n<meta name=\"twitter:card\" content=\"summary_large_image\" \/>\n<meta name=\"twitter:title\" content=\"Acerca de nosotros - Monimoto Espa\u00f1a\" \/>\n<meta name=\"twitter:description\" content=\"Desde 2013, nuestro equipo de apasionados motociclistas ha estado desarrollando e innovando nuestra versi\u00f3n personal de la soluci\u00f3n antirrobo para motocicletas: el localizador GPS inteligente Monimoto.\" \/>\n<meta name=\"twitter:label1\" content=\"Tiempo de lectura\" \/>\n\t<meta name=\"twitter:data1\" content=\"1 minuto\" \/>\n<script type=\"application\/ld+json\" class=\"yoast-schema-graph\">{\"@context\":\"https:\\\/\\\/schema.org\",\"@graph\":[{\"@type\":\"WebPage\",\"@id\":\"https:\\\/\\\/monimoto.com\\\/es\\\/acerca-de-nosotros\\\/\",\"url\":\"https:\\\/\\\/monimoto.com\\\/es\\\/acerca-de-nosotros\\\/\",\"name\":\"Acerca de nosotros - Monimoto Espa\u00f1a\",\"isPartOf\":{\"@id\":\"https:\\\/\\\/monimoto.com\\\/es\\\/#website\"},\"datePublished\":\"2019-12-17T12:40:24+00:00\",\"dateModified\":\"2024-02-14T16:05:19+00:00\",\"description\":\"Desde 2013, nuestro equipo de apasionados motociclistas ha estado desarrollando e innovando nuestra versi\u00f3n personal de la soluci\u00f3n antirrobo para motocicletas: el localizador GPS inteligente Monimoto.\",\"breadcrumb\":{\"@id\":\"https:\\\/\\\/monimoto.com\\\/es\\\/acerca-de-nosotros\\\/#breadcrumb\"},\"inLanguage\":\"es\",\"potentialAction\":[{\"@type\":\"ReadAction\",\"target\":[\"https:\\\/\\\/monimoto.com\\\/es\\\/acerca-de-nosotros\\\/\"]}]},{\"@type\":\"BreadcrumbList\",\"@id\":\"https:\\\/\\\/monimoto.com\\\/es\\\/acerca-de-nosotros\\\/#breadcrumb\",\"itemListElement\":[{\"@type\":\"ListItem\",\"position\":1,\"name\":\"Home\",\"item\":\"https:\\\/\\\/monimoto.com\\\/es\\\/\"},{\"@type\":\"ListItem\",\"position\":2,\"name\":\"Acerca de nosotros\"}]},{\"@type\":\"WebSite\",\"@id\":\"https:\\\/\\\/monimoto.com\\\/es\\\/#website\",\"url\":\"https:\\\/\\\/monimoto.com\\\/es\\\/\",\"name\":\"Monimoto Espa\u00f1a\",\"description\":\"El localizador inteligente para motos\",\"publisher\":{\"@id\":\"https:\\\/\\\/monimoto.com\\\/es\\\/#organization\"},\"potentialAction\":[{\"@type\":\"SearchAction\",\"target\":{\"@type\":\"EntryPoint\",\"urlTemplate\":\"https:\\\/\\\/monimoto.com\\\/es\\\/?s={search_term_string}\"},\"query-input\":{\"@type\":\"PropertyValueSpecification\",\"valueRequired\":true,\"valueName\":\"search_term_string\"}}],\"inLanguage\":\"es\"},{\"@type\":\"Organization\",\"@id\":\"https:\\\/\\\/monimoto.com\\\/es\\\/#organization\",\"name\":\"Monimoto\",\"url\":\"https:\\\/\\\/monimoto.com\\\/es\\\/\",\"logo\":{\"@type\":\"ImageObject\",\"inLanguage\":\"es\",\"@id\":\"https:\\\/\\\/monimoto.com\\\/es\\\/#\\\/schema\\\/logo\\\/image\\\/\",\"url\":\"https:\\\/\\\/monimoto.com\\\/media\\\/monimoto-1000x500-1.png\",\"contentUrl\":\"https:\\\/\\\/monimoto.com\\\/media\\\/monimoto-1000x500-1.png\",\"width\":1000,\"height\":500,\"caption\":\"Monimoto\"},\"image\":{\"@id\":\"https:\\\/\\\/monimoto.com\\\/es\\\/#\\\/schema\\\/logo\\\/image\\\/\"},\"sameAs\":[\"https:\\\/\\\/www.facebook.com\\\/monimoto.tracker\",\"https:\\\/\\\/www.instagram.com\\\/monimoto.tracker\\\/\",\"https:\\\/\\\/www.linkedin.com\\\/company\\\/monimoto\\\/\",\"https:\\\/\\\/www.youtube.com\\\/channel\\\/UCx2ca9eImBdSi4slDKlbxEA\\\/videos\"]}]}<\/script>\n<!-- \/ Yoast SEO plugin. -->","yoast_head_json":{"title":"Acerca de nosotros - Monimoto Espa\u00f1a","description":"Desde 2013, nuestro equipo de apasionados motociclistas ha estado desarrollando e innovando nuestra versi\u00f3n personal de la soluci\u00f3n antirrobo para motocicletas: el localizador GPS inteligente Monimoto.","robots":{"index":"index","follow":"follow","max-snippet":"max-snippet:-1","max-image-preview":"max-image-preview:large","max-video-preview":"max-video-preview:-1"},"canonical":"https:\/\/monimoto.com\/es\/acerca-de-nosotros\/","twitter_card":"summary_large_image","twitter_title":"Acerca de nosotros - Monimoto Espa\u00f1a","twitter_description":"Desde 2013, nuestro equipo de apasionados motociclistas ha estado desarrollando e innovando nuestra versi\u00f3n personal de la soluci\u00f3n antirrobo para motocicletas: el localizador GPS inteligente Monimoto.","twitter_misc":{"Tiempo de lectura":"1 minuto"},"schema":{"@context":"https:\/\/schema.org","@graph":[{"@type":"WebPage","@id":"https:\/\/monimoto.com\/es\/acerca-de-nosotros\/","url":"https:\/\/monimoto.com\/es\/acerca-de-nosotros\/","name":"Acerca de nosotros - Monimoto Espa\u00f1a","isPartOf":{"@id":"https:\/\/monimoto.com\/es\/#website"},"datePublished":"2019-12-17T12:40:24+00:00","dateModified":"2024-02-14T16:05:19+00:00","description":"Desde 2013, nuestro equipo de apasionados motociclistas ha estado desarrollando e innovando nuestra versi\u00f3n personal de la soluci\u00f3n antirrobo para motocicletas: el localizador GPS inteligente Monimoto.","breadcrumb":{"@id":"https:\/\/monimoto.com\/es\/acerca-de-nosotros\/#breadcrumb"},"inLanguage":"es","potentialAction":[{"@type":"ReadAction","target":["https:\/\/monimoto.com\/es\/acerca-de-nosotros\/"]}]},{"@type":"BreadcrumbList","@id":"https:\/\/monimoto.com\/es\/acerca-de-nosotros\/#breadcrumb","itemListElement":[{"@type":"ListItem","position":1,"name":"Home","item":"https:\/\/monimoto.com\/es\/"},{"@type":"ListItem","position":2,"name":"Acerca de nosotros"}]},{"@type":"WebSite","@id":"https:\/\/monimoto.com\/es\/#website","url":"https:\/\/monimoto.com\/es\/","name":"Monimoto Espa\u00f1a","description":"El localizador inteligente para motos","publisher":{"@id":"https:\/\/monimoto.com\/es\/#organization"},"potentialAction":[{"@type":"SearchAction","target":{"@type":"EntryPoint","urlTemplate":"https:\/\/monimoto.com\/es\/?s={search_term_string}"},"query-input":{"@type":"PropertyValueSpecification","valueRequired":true,"valueName":"search_term_string"}}],"inLanguage":"es"},{"@type":"Organization","@id":"https:\/\/monimoto.com\/es\/#organization","name":"Monimoto","url":"https:\/\/monimoto.com\/es\/","logo":{"@type":"ImageObject","inLanguage":"es","@id":"https:\/\/monimoto.com\/es\/#\/schema\/logo\/image\/","url":"https:\/\/monimoto.com\/media\/monimoto-1000x500-1.png","contentUrl":"https:\/\/monimoto.com\/media\/monimoto-1000x500-1.png","width":1000,"height":500,"caption":"Monimoto"},"image":{"@id":"https:\/\/monimoto.com\/es\/#\/schema\/logo\/image\/"},"sameAs":["https:\/\/www.facebook.com\/monimoto.tracker","https:\/\/www.instagram.com\/monimoto.tracker\/","https:\/\/www.linkedin.com\/company\/monimoto\/","https:\/\/www.youtube.com\/channel\/UCx2ca9eImBdSi4slDKlbxEA\/videos"]}]}},"_links":{"self":[{"href":"https:\/\/monimoto.com\/es\/wp-json\/wp\/v2\/pages\/14","targetHints":{"allow":["GET"]}}],"collection":[{"href":"https:\/\/monimoto.com\/es\/wp-json\/wp\/v2\/pages"}],"about":[{"href":"https:\/\/monimoto.com\/es\/wp-json\/wp\/v2\/types\/page"}],"author":[{"embeddable":true,"href":"https:\/\/monimoto.com\/es\/wp-json\/wp\/v2\/users\/1"}],"replies":[{"embeddable":true,"href":"https:\/\/monimoto.com\/es\/wp-json\/wp\/v2\/comments?post=14"}],"version-history":[{"count":2,"href":"https:\/\/monimoto.com\/es\/wp-json\/wp\/v2\/pages\/14\/revisions"}],"predecessor-version":[{"id":3156,"href":"https:\/\/monimoto.com\/es\/wp-json\/wp\/v2\/pages\/14\/revisions\/3156"}],"wp:attachment":[{"href":"https:\/\/monimoto.com\/es\/wp-json\/wp\/v2\/media?parent=14"}],"curies":[{"name":"wp","href":"https:\/\/api.w.org\/{rel}","templated":true}]}}