{"id":12,"date":"2019-12-17T13:13:38","date_gmt":"2019-12-17T13:13:38","guid":{"rendered":"https:\/\/monimoto.com\/es\/faq\/"},"modified":"2026-02-02T13:02:30","modified_gmt":"2026-02-02T13:02:30","slug":"preguntas-frecuentes","status":"publish","type":"page","link":"https:\/\/monimoto.com\/es\/preguntas-frecuentes\/","title":{"rendered":"Preguntas frecuentes"},"content":{"rendered":"","protected":false},"excerpt":{"rendered":"","protected":false},"author":1,"featured_media":37860,"parent":0,"menu_order":0,"comment_status":"closed","ping_status":"closed","template":"","meta":{"_acf_changed":false,"footnotes":""},"class_list":["post-12","page","type-page","status-publish","has-post-thumbnail","hentry"],"acf":[],"yoast_head":"<!-- This site is optimized with the Yoast SEO plugin v27.4 - https:\/\/yoast.com\/product\/yoast-seo-wordpress\/ -->\n<title>Preguntas frecuentes - Monimoto Espa\u00f1a<\/title>\n<meta name=\"description\" content=\"Descubra las respuestas a las preguntas m\u00e1s populares de nuestros clientes sobre el localizador GPS Monimoto, la llave de seguridad, la tarjeta SIM, las bater\u00edas y la app para Smartphone.\" \/>\n<meta name=\"robots\" content=\"index, follow, max-snippet:-1, max-image-preview:large, max-video-preview:-1\" \/>\n<link rel=\"canonical\" href=\"https:\/\/monimoto.com\/es\/preguntas-frecuentes\/\" \/>\n<meta name=\"twitter:card\" content=\"summary_large_image\" \/>\n<meta name=\"twitter:title\" content=\"Preguntas frecuentes - Monimoto Espa\u00f1a\" \/>\n<meta name=\"twitter:description\" content=\"Descubra las respuestas a las preguntas m\u00e1s populares de nuestros clientes sobre el localizador GPS Monimoto, la llave de seguridad, la tarjeta SIM, las bater\u00edas y la app para Smartphone.\" \/>\n<meta name=\"twitter:label1\" content=\"Tiempo de lectura\" \/>\n\t<meta name=\"twitter:data1\" content=\"1 minuto\" \/>\n<script type=\"application\/ld+json\" class=\"yoast-schema-graph\">{\"@context\":\"https:\\\/\\\/schema.org\",\"@graph\":[{\"@type\":\"WebPage\",\"@id\":\"https:\\\/\\\/monimoto.com\\\/es\\\/preguntas-frecuentes\\\/\",\"url\":\"https:\\\/\\\/monimoto.com\\\/es\\\/preguntas-frecuentes\\\/\",\"name\":\"Preguntas frecuentes - Monimoto Espa\u00f1a\",\"isPartOf\":{\"@id\":\"https:\\\/\\\/monimoto.com\\\/es\\\/#website\"},\"primaryImageOfPage\":{\"@id\":\"https:\\\/\\\/monimoto.com\\\/es\\\/preguntas-frecuentes\\\/#primaryimage\"},\"image\":{\"@id\":\"https:\\\/\\\/monimoto.com\\\/es\\\/preguntas-frecuentes\\\/#primaryimage\"},\"thumbnailUrl\":\"https:\\\/\\\/monimoto.com\\\/media\\\/Monimoto_7_share_ES.jpg\",\"datePublished\":\"2019-12-17T13:13:38+00:00\",\"dateModified\":\"2026-02-02T13:02:30+00:00\",\"description\":\"Descubra las respuestas a las preguntas m\u00e1s populares de nuestros clientes sobre el localizador GPS Monimoto, la llave de seguridad, la tarjeta SIM, las bater\u00edas y la app para Smartphone.\",\"breadcrumb\":{\"@id\":\"https:\\\/\\\/monimoto.com\\\/es\\\/preguntas-frecuentes\\\/#breadcrumb\"},\"inLanguage\":\"es\",\"potentialAction\":[{\"@type\":\"ReadAction\",\"target\":[\"https:\\\/\\\/monimoto.com\\\/es\\\/preguntas-frecuentes\\\/\"]}]},{\"@type\":\"ImageObject\",\"inLanguage\":\"es\",\"@id\":\"https:\\\/\\\/monimoto.com\\\/es\\\/preguntas-frecuentes\\\/#primaryimage\",\"url\":\"https:\\\/\\\/monimoto.com\\\/media\\\/Monimoto_7_share_ES.jpg\",\"contentUrl\":\"https:\\\/\\\/monimoto.com\\\/media\\\/Monimoto_7_share_ES.jpg\"},{\"@type\":\"BreadcrumbList\",\"@id\":\"https:\\\/\\\/monimoto.com\\\/es\\\/preguntas-frecuentes\\\/#breadcrumb\",\"itemListElement\":[{\"@type\":\"ListItem\",\"position\":1,\"name\":\"Home\",\"item\":\"https:\\\/\\\/monimoto.com\\\/es\\\/\"},{\"@type\":\"ListItem\",\"position\":2,\"name\":\"Preguntas frecuentes\"}]},{\"@type\":\"WebSite\",\"@id\":\"https:\\\/\\\/monimoto.com\\\/es\\\/#website\",\"url\":\"https:\\\/\\\/monimoto.com\\\/es\\\/\",\"name\":\"Monimoto Espa\u00f1a\",\"description\":\"El localizador inteligente para motos\",\"publisher\":{\"@id\":\"https:\\\/\\\/monimoto.com\\\/es\\\/#organization\"},\"potentialAction\":[{\"@type\":\"SearchAction\",\"target\":{\"@type\":\"EntryPoint\",\"urlTemplate\":\"https:\\\/\\\/monimoto.com\\\/es\\\/?s={search_term_string}\"},\"query-input\":{\"@type\":\"PropertyValueSpecification\",\"valueRequired\":true,\"valueName\":\"search_term_string\"}}],\"inLanguage\":\"es\"},{\"@type\":\"Organization\",\"@id\":\"https:\\\/\\\/monimoto.com\\\/es\\\/#organization\",\"name\":\"Monimoto\",\"url\":\"https:\\\/\\\/monimoto.com\\\/es\\\/\",\"logo\":{\"@type\":\"ImageObject\",\"inLanguage\":\"es\",\"@id\":\"https:\\\/\\\/monimoto.com\\\/es\\\/#\\\/schema\\\/logo\\\/image\\\/\",\"url\":\"https:\\\/\\\/monimoto.com\\\/media\\\/monimoto-1000x500-1.png\",\"contentUrl\":\"https:\\\/\\\/monimoto.com\\\/media\\\/monimoto-1000x500-1.png\",\"width\":1000,\"height\":500,\"caption\":\"Monimoto\"},\"image\":{\"@id\":\"https:\\\/\\\/monimoto.com\\\/es\\\/#\\\/schema\\\/logo\\\/image\\\/\"},\"sameAs\":[\"https:\\\/\\\/www.facebook.com\\\/monimoto.tracker\",\"https:\\\/\\\/www.instagram.com\\\/monimoto.tracker\\\/\",\"https:\\\/\\\/www.linkedin.com\\\/company\\\/monimoto\\\/\",\"https:\\\/\\\/www.youtube.com\\\/channel\\\/UCx2ca9eImBdSi4slDKlbxEA\\\/videos\"]}]}<\/script>\n<!-- \/ Yoast SEO plugin. -->","yoast_head_json":{"title":"Preguntas frecuentes - Monimoto Espa\u00f1a","description":"Descubra las respuestas a las preguntas m\u00e1s populares de nuestros clientes sobre el localizador GPS Monimoto, la llave de seguridad, la tarjeta SIM, las bater\u00edas y la app para Smartphone.","robots":{"index":"index","follow":"follow","max-snippet":"max-snippet:-1","max-image-preview":"max-image-preview:large","max-video-preview":"max-video-preview:-1"},"canonical":"https:\/\/monimoto.com\/es\/preguntas-frecuentes\/","twitter_card":"summary_large_image","twitter_title":"Preguntas frecuentes - Monimoto Espa\u00f1a","twitter_description":"Descubra las respuestas a las preguntas m\u00e1s populares de nuestros clientes sobre el localizador GPS Monimoto, la llave de seguridad, la tarjeta SIM, las bater\u00edas y la app para Smartphone.","twitter_misc":{"Tiempo de lectura":"1 minuto"},"schema":{"@context":"https:\/\/schema.org","@graph":[{"@type":"WebPage","@id":"https:\/\/monimoto.com\/es\/preguntas-frecuentes\/","url":"https:\/\/monimoto.com\/es\/preguntas-frecuentes\/","name":"Preguntas frecuentes - Monimoto Espa\u00f1a","isPartOf":{"@id":"https:\/\/monimoto.com\/es\/#website"},"primaryImageOfPage":{"@id":"https:\/\/monimoto.com\/es\/preguntas-frecuentes\/#primaryimage"},"image":{"@id":"https:\/\/monimoto.com\/es\/preguntas-frecuentes\/#primaryimage"},"thumbnailUrl":"https:\/\/monimoto.com\/media\/Monimoto_7_share_ES.jpg","datePublished":"2019-12-17T13:13:38+00:00","dateModified":"2026-02-02T13:02:30+00:00","description":"Descubra las respuestas a las preguntas m\u00e1s populares de nuestros clientes sobre el localizador GPS Monimoto, la llave de seguridad, la tarjeta SIM, las bater\u00edas y la app para Smartphone.","breadcrumb":{"@id":"https:\/\/monimoto.com\/es\/preguntas-frecuentes\/#breadcrumb"},"inLanguage":"es","potentialAction":[{"@type":"ReadAction","target":["https:\/\/monimoto.com\/es\/preguntas-frecuentes\/"]}]},{"@type":"ImageObject","inLanguage":"es","@id":"https:\/\/monimoto.com\/es\/preguntas-frecuentes\/#primaryimage","url":"https:\/\/monimoto.com\/media\/Monimoto_7_share_ES.jpg","contentUrl":"https:\/\/monimoto.com\/media\/Monimoto_7_share_ES.jpg"},{"@type":"BreadcrumbList","@id":"https:\/\/monimoto.com\/es\/preguntas-frecuentes\/#breadcrumb","itemListElement":[{"@type":"ListItem","position":1,"name":"Home","item":"https:\/\/monimoto.com\/es\/"},{"@type":"ListItem","position":2,"name":"Preguntas frecuentes"}]},{"@type":"WebSite","@id":"https:\/\/monimoto.com\/es\/#website","url":"https:\/\/monimoto.com\/es\/","name":"Monimoto Espa\u00f1a","description":"El localizador inteligente para motos","publisher":{"@id":"https:\/\/monimoto.com\/es\/#organization"},"potentialAction":[{"@type":"SearchAction","target":{"@type":"EntryPoint","urlTemplate":"https:\/\/monimoto.com\/es\/?s={search_term_string}"},"query-input":{"@type":"PropertyValueSpecification","valueRequired":true,"valueName":"search_term_string"}}],"inLanguage":"es"},{"@type":"Organization","@id":"https:\/\/monimoto.com\/es\/#organization","name":"Monimoto","url":"https:\/\/monimoto.com\/es\/","logo":{"@type":"ImageObject","inLanguage":"es","@id":"https:\/\/monimoto.com\/es\/#\/schema\/logo\/image\/","url":"https:\/\/monimoto.com\/media\/monimoto-1000x500-1.png","contentUrl":"https:\/\/monimoto.com\/media\/monimoto-1000x500-1.png","width":1000,"height":500,"caption":"Monimoto"},"image":{"@id":"https:\/\/monimoto.com\/es\/#\/schema\/logo\/image\/"},"sameAs":["https:\/\/www.facebook.com\/monimoto.tracker","https:\/\/www.instagram.com\/monimoto.tracker\/","https:\/\/www.linkedin.com\/company\/monimoto\/","https:\/\/www.youtube.com\/channel\/UCx2ca9eImBdSi4slDKlbxEA\/videos"]}]}},"_links":{"self":[{"href":"https:\/\/monimoto.com\/es\/wp-json\/wp\/v2\/pages\/12","targetHints":{"allow":["GET"]}}],"collection":[{"href":"https:\/\/monimoto.com\/es\/wp-json\/wp\/v2\/pages"}],"about":[{"href":"https:\/\/monimoto.com\/es\/wp-json\/wp\/v2\/types\/page"}],"author":[{"embeddable":true,"href":"https:\/\/monimoto.com\/es\/wp-json\/wp\/v2\/users\/1"}],"replies":[{"embeddable":true,"href":"https:\/\/monimoto.com\/es\/wp-json\/wp\/v2\/comments?post=12"}],"version-history":[{"count":21,"href":"https:\/\/monimoto.com\/es\/wp-json\/wp\/v2\/pages\/12\/revisions"}],"predecessor-version":[{"id":3616,"href":"https:\/\/monimoto.com\/es\/wp-json\/wp\/v2\/pages\/12\/revisions\/3616"}],"wp:featuredmedia":[{"embeddable":true,"href":"https:\/\/monimoto.com\/es\/wp-json\/"}],"wp:attachment":[{"href":"https:\/\/monimoto.com\/es\/wp-json\/wp\/v2\/media?parent=12"}],"curies":[{"name":"wp","href":"https:\/\/api.w.org\/{rel}","templated":true}]}}