{"id":11,"date":"2019-12-17T13:14:35","date_gmt":"2019-12-17T13:14:35","guid":{"rendered":"https:\/\/monimoto.com\/es\/caratteristiche\/"},"modified":"2026-03-26T08:22:17","modified_gmt":"2026-03-26T08:22:17","slug":"caracteristicas","status":"publish","type":"page","link":"https:\/\/monimoto.com\/es\/caracteristicas\/","title":{"rendered":"Caracter\u00edsticas"},"content":{"rendered":"","protected":false},"excerpt":{"rendered":"","protected":false},"author":1,"featured_media":37860,"parent":0,"menu_order":0,"comment_status":"closed","ping_status":"closed","template":"","meta":{"_acf_changed":false,"footnotes":""},"class_list":["post-11","page","type-page","status-publish","has-post-thumbnail","hentry"],"acf":[],"yoast_head":"<!-- This site is optimized with the Yoast SEO plugin v27.4 - https:\/\/yoast.com\/product\/yoast-seo-wordpress\/ -->\n<title>Caracter\u00edsticas - Monimoto Espa\u00f1a<\/title>\n<meta name=\"description\" content=\"Localizador GPS antirrobo alimentado por bater\u00eda y sin cables que llama a su tel\u00e9fono si su motocicleta es trasladada o robada. Lea m\u00e1s sobre sus caracter\u00edsticas.\" \/>\n<meta name=\"robots\" content=\"index, follow, max-snippet:-1, max-image-preview:large, max-video-preview:-1\" \/>\n<link rel=\"canonical\" href=\"https:\/\/monimoto.com\/es\/caracteristicas\/\" \/>\n<meta name=\"twitter:card\" content=\"summary_large_image\" \/>\n<meta name=\"twitter:title\" content=\"Caracter\u00edsticas - Monimoto Espa\u00f1a\" \/>\n<meta name=\"twitter:description\" content=\"Localizador GPS antirrobo alimentado por bater\u00eda y sin cables que llama a su tel\u00e9fono si su motocicleta es trasladada o robada. Lea m\u00e1s sobre sus caracter\u00edsticas.\" \/>\n<meta name=\"twitter:label1\" content=\"Tiempo de lectura\" \/>\n\t<meta name=\"twitter:data1\" content=\"1 minuto\" \/>\n<script type=\"application\/ld+json\" class=\"yoast-schema-graph\">{\"@context\":\"https:\\\/\\\/schema.org\",\"@graph\":[{\"@type\":\"WebPage\",\"@id\":\"https:\\\/\\\/monimoto.com\\\/es\\\/caracteristicas\\\/\",\"url\":\"https:\\\/\\\/monimoto.com\\\/es\\\/caracteristicas\\\/\",\"name\":\"Caracter\u00edsticas - Monimoto Espa\u00f1a\",\"isPartOf\":{\"@id\":\"https:\\\/\\\/monimoto.com\\\/es\\\/#website\"},\"primaryImageOfPage\":{\"@id\":\"https:\\\/\\\/monimoto.com\\\/es\\\/caracteristicas\\\/#primaryimage\"},\"image\":{\"@id\":\"https:\\\/\\\/monimoto.com\\\/es\\\/caracteristicas\\\/#primaryimage\"},\"thumbnailUrl\":\"https:\\\/\\\/monimoto.com\\\/media\\\/Monimoto_7_share_ES.jpg\",\"datePublished\":\"2019-12-17T13:14:35+00:00\",\"dateModified\":\"2026-03-26T08:22:17+00:00\",\"description\":\"Localizador GPS antirrobo alimentado por bater\u00eda y sin cables que llama a su tel\u00e9fono si su motocicleta es trasladada o robada. Lea m\u00e1s sobre sus caracter\u00edsticas.\",\"breadcrumb\":{\"@id\":\"https:\\\/\\\/monimoto.com\\\/es\\\/caracteristicas\\\/#breadcrumb\"},\"inLanguage\":\"es\",\"potentialAction\":[{\"@type\":\"ReadAction\",\"target\":[\"https:\\\/\\\/monimoto.com\\\/es\\\/caracteristicas\\\/\"]}]},{\"@type\":\"ImageObject\",\"inLanguage\":\"es\",\"@id\":\"https:\\\/\\\/monimoto.com\\\/es\\\/caracteristicas\\\/#primaryimage\",\"url\":\"https:\\\/\\\/monimoto.com\\\/media\\\/Monimoto_7_share_ES.jpg\",\"contentUrl\":\"https:\\\/\\\/monimoto.com\\\/media\\\/Monimoto_7_share_ES.jpg\"},{\"@type\":\"BreadcrumbList\",\"@id\":\"https:\\\/\\\/monimoto.com\\\/es\\\/caracteristicas\\\/#breadcrumb\",\"itemListElement\":[{\"@type\":\"ListItem\",\"position\":1,\"name\":\"Home\",\"item\":\"https:\\\/\\\/monimoto.com\\\/es\\\/\"},{\"@type\":\"ListItem\",\"position\":2,\"name\":\"Caracter\u00edsticas\"}]},{\"@type\":\"WebSite\",\"@id\":\"https:\\\/\\\/monimoto.com\\\/es\\\/#website\",\"url\":\"https:\\\/\\\/monimoto.com\\\/es\\\/\",\"name\":\"Monimoto Espa\u00f1a\",\"description\":\"El localizador inteligente para motos\",\"publisher\":{\"@id\":\"https:\\\/\\\/monimoto.com\\\/es\\\/#organization\"},\"potentialAction\":[{\"@type\":\"SearchAction\",\"target\":{\"@type\":\"EntryPoint\",\"urlTemplate\":\"https:\\\/\\\/monimoto.com\\\/es\\\/?s={search_term_string}\"},\"query-input\":{\"@type\":\"PropertyValueSpecification\",\"valueRequired\":true,\"valueName\":\"search_term_string\"}}],\"inLanguage\":\"es\"},{\"@type\":\"Organization\",\"@id\":\"https:\\\/\\\/monimoto.com\\\/es\\\/#organization\",\"name\":\"Monimoto\",\"url\":\"https:\\\/\\\/monimoto.com\\\/es\\\/\",\"logo\":{\"@type\":\"ImageObject\",\"inLanguage\":\"es\",\"@id\":\"https:\\\/\\\/monimoto.com\\\/es\\\/#\\\/schema\\\/logo\\\/image\\\/\",\"url\":\"https:\\\/\\\/monimoto.com\\\/media\\\/monimoto-1000x500-1.png\",\"contentUrl\":\"https:\\\/\\\/monimoto.com\\\/media\\\/monimoto-1000x500-1.png\",\"width\":1000,\"height\":500,\"caption\":\"Monimoto\"},\"image\":{\"@id\":\"https:\\\/\\\/monimoto.com\\\/es\\\/#\\\/schema\\\/logo\\\/image\\\/\"},\"sameAs\":[\"https:\\\/\\\/www.facebook.com\\\/monimoto.tracker\",\"https:\\\/\\\/www.instagram.com\\\/monimoto.tracker\\\/\",\"https:\\\/\\\/www.linkedin.com\\\/company\\\/monimoto\\\/\",\"https:\\\/\\\/www.youtube.com\\\/channel\\\/UCx2ca9eImBdSi4slDKlbxEA\\\/videos\"]}]}<\/script>\n<!-- \/ Yoast SEO plugin. -->","yoast_head_json":{"title":"Caracter\u00edsticas - Monimoto Espa\u00f1a","description":"Localizador GPS antirrobo alimentado por bater\u00eda y sin cables que llama a su tel\u00e9fono si su motocicleta es trasladada o robada. Lea m\u00e1s sobre sus caracter\u00edsticas.","robots":{"index":"index","follow":"follow","max-snippet":"max-snippet:-1","max-image-preview":"max-image-preview:large","max-video-preview":"max-video-preview:-1"},"canonical":"https:\/\/monimoto.com\/es\/caracteristicas\/","twitter_card":"summary_large_image","twitter_title":"Caracter\u00edsticas - Monimoto Espa\u00f1a","twitter_description":"Localizador GPS antirrobo alimentado por bater\u00eda y sin cables que llama a su tel\u00e9fono si su motocicleta es trasladada o robada. Lea m\u00e1s sobre sus caracter\u00edsticas.","twitter_misc":{"Tiempo de lectura":"1 minuto"},"schema":{"@context":"https:\/\/schema.org","@graph":[{"@type":"WebPage","@id":"https:\/\/monimoto.com\/es\/caracteristicas\/","url":"https:\/\/monimoto.com\/es\/caracteristicas\/","name":"Caracter\u00edsticas - Monimoto Espa\u00f1a","isPartOf":{"@id":"https:\/\/monimoto.com\/es\/#website"},"primaryImageOfPage":{"@id":"https:\/\/monimoto.com\/es\/caracteristicas\/#primaryimage"},"image":{"@id":"https:\/\/monimoto.com\/es\/caracteristicas\/#primaryimage"},"thumbnailUrl":"https:\/\/monimoto.com\/media\/Monimoto_7_share_ES.jpg","datePublished":"2019-12-17T13:14:35+00:00","dateModified":"2026-03-26T08:22:17+00:00","description":"Localizador GPS antirrobo alimentado por bater\u00eda y sin cables que llama a su tel\u00e9fono si su motocicleta es trasladada o robada. Lea m\u00e1s sobre sus caracter\u00edsticas.","breadcrumb":{"@id":"https:\/\/monimoto.com\/es\/caracteristicas\/#breadcrumb"},"inLanguage":"es","potentialAction":[{"@type":"ReadAction","target":["https:\/\/monimoto.com\/es\/caracteristicas\/"]}]},{"@type":"ImageObject","inLanguage":"es","@id":"https:\/\/monimoto.com\/es\/caracteristicas\/#primaryimage","url":"https:\/\/monimoto.com\/media\/Monimoto_7_share_ES.jpg","contentUrl":"https:\/\/monimoto.com\/media\/Monimoto_7_share_ES.jpg"},{"@type":"BreadcrumbList","@id":"https:\/\/monimoto.com\/es\/caracteristicas\/#breadcrumb","itemListElement":[{"@type":"ListItem","position":1,"name":"Home","item":"https:\/\/monimoto.com\/es\/"},{"@type":"ListItem","position":2,"name":"Caracter\u00edsticas"}]},{"@type":"WebSite","@id":"https:\/\/monimoto.com\/es\/#website","url":"https:\/\/monimoto.com\/es\/","name":"Monimoto Espa\u00f1a","description":"El localizador inteligente para motos","publisher":{"@id":"https:\/\/monimoto.com\/es\/#organization"},"potentialAction":[{"@type":"SearchAction","target":{"@type":"EntryPoint","urlTemplate":"https:\/\/monimoto.com\/es\/?s={search_term_string}"},"query-input":{"@type":"PropertyValueSpecification","valueRequired":true,"valueName":"search_term_string"}}],"inLanguage":"es"},{"@type":"Organization","@id":"https:\/\/monimoto.com\/es\/#organization","name":"Monimoto","url":"https:\/\/monimoto.com\/es\/","logo":{"@type":"ImageObject","inLanguage":"es","@id":"https:\/\/monimoto.com\/es\/#\/schema\/logo\/image\/","url":"https:\/\/monimoto.com\/media\/monimoto-1000x500-1.png","contentUrl":"https:\/\/monimoto.com\/media\/monimoto-1000x500-1.png","width":1000,"height":500,"caption":"Monimoto"},"image":{"@id":"https:\/\/monimoto.com\/es\/#\/schema\/logo\/image\/"},"sameAs":["https:\/\/www.facebook.com\/monimoto.tracker","https:\/\/www.instagram.com\/monimoto.tracker\/","https:\/\/www.linkedin.com\/company\/monimoto\/","https:\/\/www.youtube.com\/channel\/UCx2ca9eImBdSi4slDKlbxEA\/videos"]}]}},"_links":{"self":[{"href":"https:\/\/monimoto.com\/es\/wp-json\/wp\/v2\/pages\/11","targetHints":{"allow":["GET"]}}],"collection":[{"href":"https:\/\/monimoto.com\/es\/wp-json\/wp\/v2\/pages"}],"about":[{"href":"https:\/\/monimoto.com\/es\/wp-json\/wp\/v2\/types\/page"}],"author":[{"embeddable":true,"href":"https:\/\/monimoto.com\/es\/wp-json\/wp\/v2\/users\/1"}],"replies":[{"embeddable":true,"href":"https:\/\/monimoto.com\/es\/wp-json\/wp\/v2\/comments?post=11"}],"version-history":[{"count":10,"href":"https:\/\/monimoto.com\/es\/wp-json\/wp\/v2\/pages\/11\/revisions"}],"predecessor-version":[{"id":3651,"href":"https:\/\/monimoto.com\/es\/wp-json\/wp\/v2\/pages\/11\/revisions\/3651"}],"wp:featuredmedia":[{"embeddable":true,"href":"https:\/\/monimoto.com\/es\/wp-json\/"}],"wp:attachment":[{"href":"https:\/\/monimoto.com\/es\/wp-json\/wp\/v2\/media?parent=11"}],"curies":[{"name":"wp","href":"https:\/\/api.w.org\/{rel}","templated":true}]}}