{"id":4332,"date":"2023-02-06T14:23:33","date_gmt":"2023-02-06T12:23:33","guid":{"rendered":"https:\/\/monimoto.com\/de\/?post_type=product&#038;p=4332"},"modified":"2025-12-31T11:01:50","modified_gmt":"2025-12-31T09:01:50","slug":"monimoto-schluessel-2","status":"publish","type":"product","link":"https:\/\/monimoto.com\/de\/produkt\/monimoto-schluessel\/","title":{"rendered":"Monimoto Schl\u00fcssel"},"content":{"rendered":"<p>Ersatzschl\u00fcssel f\u00fcr Ihr Monimoto-Ger\u00e4t.<\/p>\n<ul>\n<li>1 x Monimoto schl\u00fcssel (key-fob) 43x29x9mm.<\/li>\n<li>1 x CR2032 Batterie f\u00fcr den Monimoto-Schl\u00fcssel.<\/li>\n<\/ul>\n","protected":false},"excerpt":{"rendered":"<p>Ersatzschl\u00fcssel f\u00fcr Ihr Monimoto-Ger\u00e4t.<\/p>\n<ul>\n<li>1 x Monimoto schl\u00fcssel (key-fob) 43x29x9mm.<\/li>\n<li>1 x CR2032 Batterie f\u00fcr den Monimoto-Schl\u00fcssel.<\/li>\n<\/ul>\n","protected":false},"featured_media":37697,"template":"","meta":{"_acf_changed":false},"product_brand":[],"product_cat":[20],"product_tag":[],"class_list":{"0":"post-4332","1":"product","2":"type-product","3":"status-publish","4":"has-post-thumbnail","6":"product_cat-trackers","8":"first","9":"instock","10":"taxable","11":"shipping-taxable","12":"purchasable","13":"product-type-simple"},"bundled_by":[],"bundle_stock_status":"instock","bundle_stock_quantity":null,"bundle_virtual":false,"bundle_layout":"","bundle_add_to_cart_form_location":"","bundle_editable_in_cart":false,"bundle_sold_individually_context":"","bundle_item_grouping":"","bundle_min_size":"","bundle_max_size":"","bundle_price":[],"bundled_items":[],"bundle_sell_ids":[],"acf":[],"yoast_head":"<!-- This site is optimized with the Yoast SEO plugin v27.4 - https:\/\/yoast.com\/product\/yoast-seo-wordpress\/ -->\n<title>Monimoto Schl\u00fcssel - Monimoto Deutschland<\/title>\n<meta name=\"robots\" content=\"index, follow, max-snippet:-1, max-image-preview:large, max-video-preview:-1\" \/>\n<link rel=\"canonical\" href=\"https:\/\/monimoto.com\/de\/produkt\/monimoto-schluessel\/\" \/>\n<meta name=\"twitter:card\" content=\"summary_large_image\" \/>\n<meta name=\"twitter:title\" content=\"Monimoto Schl\u00fcssel - Monimoto Deutschland\" \/>\n<meta name=\"twitter:description\" content=\"Ersatzschl\u00fcssel f\u00fcr Ihr Monimoto-Ger\u00e4t.   1 x Monimoto schl\u00fcssel (key-fob) 43x29x9mm.  1 x CR2032 Batterie f\u00fcr den Monimoto-Schl\u00fcssel.\" \/>\n<meta name=\"twitter:label1\" content=\"Preis\" \/>\n\t<meta name=\"twitter:data1\" content=\"&euro;33,00\" \/>\n\t<meta name=\"twitter:label2\" content=\"Availability\" \/>\n\t<meta name=\"twitter:data2\" content=\"In stock\" \/>\n<script type=\"application\/ld+json\" class=\"yoast-schema-graph\">{\"@context\":\"https:\\\/\\\/schema.org\",\"@graph\":[{\"@type\":[\"WebPage\",\"ItemPage\"],\"@id\":\"https:\\\/\\\/monimoto.com\\\/de\\\/produkt\\\/monimoto-schluessel\\\/\",\"url\":\"https:\\\/\\\/monimoto.com\\\/de\\\/produkt\\\/monimoto-schluessel\\\/\",\"name\":\"Monimoto Schl\u00fcssel - Monimoto Deutschland\",\"isPartOf\":{\"@id\":\"https:\\\/\\\/monimoto.com\\\/de\\\/#website\"},\"primaryImageOfPage\":{\"@id\":\"https:\\\/\\\/monimoto.com\\\/de\\\/produkt\\\/monimoto-schluessel\\\/#primaryimage\"},\"image\":{\"@id\":\"https:\\\/\\\/monimoto.com\\\/de\\\/produkt\\\/monimoto-schluessel\\\/#primaryimage\"},\"thumbnailUrl\":\"https:\\\/\\\/monimoto.com\\\/media\\\/Monimoto_Key_Fob_product_photo.jpg\",\"datePublished\":\"2023-02-06T12:23:33+00:00\",\"dateModified\":\"2025-12-31T09:01:50+00:00\",\"breadcrumb\":{\"@id\":\"https:\\\/\\\/monimoto.com\\\/de\\\/produkt\\\/monimoto-schluessel\\\/#breadcrumb\"},\"inLanguage\":\"de\",\"potentialAction\":[{\"@type\":\"ReadAction\",\"target\":[\"https:\\\/\\\/monimoto.com\\\/de\\\/produkt\\\/monimoto-schluessel\\\/\"]}]},{\"@type\":\"ImageObject\",\"inLanguage\":\"de\",\"@id\":\"https:\\\/\\\/monimoto.com\\\/de\\\/produkt\\\/monimoto-schluessel\\\/#primaryimage\",\"url\":\"https:\\\/\\\/monimoto.com\\\/media\\\/Monimoto_Key_Fob_product_photo.jpg\",\"contentUrl\":\"https:\\\/\\\/monimoto.com\\\/media\\\/Monimoto_Key_Fob_product_photo.jpg\"},{\"@type\":\"BreadcrumbList\",\"@id\":\"https:\\\/\\\/monimoto.com\\\/de\\\/produkt\\\/monimoto-schluessel\\\/#breadcrumb\",\"itemListElement\":[{\"@type\":\"ListItem\",\"position\":1,\"name\":\"Home\",\"item\":\"https:\\\/\\\/monimoto.com\\\/de\\\/\"},{\"@type\":\"ListItem\",\"position\":2,\"name\":\"Shop\",\"item\":\"https:\\\/\\\/monimoto.com\\\/de\\\/shop\\\/\"},{\"@type\":\"ListItem\",\"position\":3,\"name\":\"Monimoto Schl\u00fcssel\"}]},{\"@type\":\"WebSite\",\"@id\":\"https:\\\/\\\/monimoto.com\\\/de\\\/#website\",\"url\":\"https:\\\/\\\/monimoto.com\\\/de\\\/\",\"name\":\"Monimoto Deutschland\",\"description\":\"Intelligenter Gps Tracker F\u00fcr Motorr\u00e4der\",\"potentialAction\":[{\"@type\":\"SearchAction\",\"target\":{\"@type\":\"EntryPoint\",\"urlTemplate\":\"https:\\\/\\\/monimoto.com\\\/de\\\/?s={search_term_string}\"},\"query-input\":{\"@type\":\"PropertyValueSpecification\",\"valueRequired\":true,\"valueName\":\"search_term_string\"}}],\"inLanguage\":\"de\"}]}<\/script>\n<meta property=\"product:brand\" content=\"Monimoto\" \/>\n<meta property=\"product:price:amount\" content=\"33.00\" \/>\n<meta property=\"product:price:currency\" content=\"EUR\" \/>\n<meta property=\"og:availability\" content=\"instock\" \/>\n<meta property=\"product:availability\" content=\"instock\" \/>\n<meta property=\"product:retailer_item_id\" content=\"KEY4\" \/>\n<meta property=\"product:condition\" content=\"new\" \/>\n<!-- \/ Yoast SEO plugin. -->","yoast_head_json":{"title":"Monimoto Schl\u00fcssel - Monimoto Deutschland","robots":{"index":"index","follow":"follow","max-snippet":"max-snippet:-1","max-image-preview":"max-image-preview:large","max-video-preview":"max-video-preview:-1"},"canonical":"https:\/\/monimoto.com\/de\/produkt\/monimoto-schluessel\/","twitter_card":"summary_large_image","twitter_title":"Monimoto Schl\u00fcssel - Monimoto Deutschland","twitter_description":"Ersatzschl\u00fcssel f\u00fcr Ihr Monimoto-Ger\u00e4t.   1 x Monimoto schl\u00fcssel (key-fob) 43x29x9mm.  1 x CR2032 Batterie f\u00fcr den Monimoto-Schl\u00fcssel.","twitter_misc":{"Preis":"&euro;33,00","Availability":"In stock"},"schema":{"@context":"https:\/\/schema.org","@graph":[{"@type":["WebPage","ItemPage"],"@id":"https:\/\/monimoto.com\/de\/produkt\/monimoto-schluessel\/","url":"https:\/\/monimoto.com\/de\/produkt\/monimoto-schluessel\/","name":"Monimoto Schl\u00fcssel - Monimoto Deutschland","isPartOf":{"@id":"https:\/\/monimoto.com\/de\/#website"},"primaryImageOfPage":{"@id":"https:\/\/monimoto.com\/de\/produkt\/monimoto-schluessel\/#primaryimage"},"image":{"@id":"https:\/\/monimoto.com\/de\/produkt\/monimoto-schluessel\/#primaryimage"},"thumbnailUrl":"https:\/\/monimoto.com\/media\/Monimoto_Key_Fob_product_photo.jpg","datePublished":"2023-02-06T12:23:33+00:00","dateModified":"2025-12-31T09:01:50+00:00","breadcrumb":{"@id":"https:\/\/monimoto.com\/de\/produkt\/monimoto-schluessel\/#breadcrumb"},"inLanguage":"de","potentialAction":[{"@type":"ReadAction","target":["https:\/\/monimoto.com\/de\/produkt\/monimoto-schluessel\/"]}]},{"@type":"ImageObject","inLanguage":"de","@id":"https:\/\/monimoto.com\/de\/produkt\/monimoto-schluessel\/#primaryimage","url":"https:\/\/monimoto.com\/media\/Monimoto_Key_Fob_product_photo.jpg","contentUrl":"https:\/\/monimoto.com\/media\/Monimoto_Key_Fob_product_photo.jpg"},{"@type":"BreadcrumbList","@id":"https:\/\/monimoto.com\/de\/produkt\/monimoto-schluessel\/#breadcrumb","itemListElement":[{"@type":"ListItem","position":1,"name":"Home","item":"https:\/\/monimoto.com\/de\/"},{"@type":"ListItem","position":2,"name":"Shop","item":"https:\/\/monimoto.com\/de\/shop\/"},{"@type":"ListItem","position":3,"name":"Monimoto Schl\u00fcssel"}]},{"@type":"WebSite","@id":"https:\/\/monimoto.com\/de\/#website","url":"https:\/\/monimoto.com\/de\/","name":"Monimoto Deutschland","description":"Intelligenter Gps Tracker F\u00fcr Motorr\u00e4der","potentialAction":[{"@type":"SearchAction","target":{"@type":"EntryPoint","urlTemplate":"https:\/\/monimoto.com\/de\/?s={search_term_string}"},"query-input":{"@type":"PropertyValueSpecification","valueRequired":true,"valueName":"search_term_string"}}],"inLanguage":"de"}]},"product_brand":"Monimoto","product_price_amount":"33.00","product_price_currency":"EUR","og_availability":"instock","product_availability":"instock","product_retailer_item_id":"KEY4","product_condition":"new"},"_links":{"self":[{"href":"https:\/\/monimoto.com\/de\/wp-json\/wp\/v2\/product\/4332","targetHints":{"allow":["GET"]}}],"collection":[{"href":"https:\/\/monimoto.com\/de\/wp-json\/wp\/v2\/product"}],"about":[{"href":"https:\/\/monimoto.com\/de\/wp-json\/wp\/v2\/types\/product"}],"wp:featuredmedia":[{"embeddable":true,"href":"https:\/\/monimoto.com\/de\/wp-json\/"}],"wp:attachment":[{"href":"https:\/\/monimoto.com\/de\/wp-json\/wp\/v2\/media?parent=4332"}],"wp:term":[{"taxonomy":"product_brand","embeddable":true,"href":"https:\/\/monimoto.com\/de\/wp-json\/wp\/v2\/product_brand?post=4332"},{"taxonomy":"product_cat","embeddable":true,"href":"https:\/\/monimoto.com\/de\/wp-json\/wp\/v2\/product_cat?post=4332"},{"taxonomy":"product_tag","embeddable":true,"href":"https:\/\/monimoto.com\/de\/wp-json\/wp\/v2\/product_tag?post=4332"}],"curies":[{"name":"wp","href":"https:\/\/api.w.org\/{rel}","templated":true}]}}