{"id":6037,"date":"2025-02-18T11:44:26","date_gmt":"2025-02-18T09:44:26","guid":{"rendered":"https:\/\/monimoto.com\/de\/?page_id=6037"},"modified":"2026-02-02T14:42:26","modified_gmt":"2026-02-02T12:42:26","slug":"gps-tracker-wohnmobil","status":"publish","type":"page","link":"https:\/\/monimoto.com\/de\/gps-tracker-wohnmobil\/","title":{"rendered":"GPS-Tracking-System f\u00fcr Wohnmobile"},"content":{"rendered":"","protected":false},"excerpt":{"rendered":"","protected":false},"author":48,"featured_media":0,"parent":0,"menu_order":0,"comment_status":"closed","ping_status":"closed","template":"","meta":{"_acf_changed":false,"footnotes":""},"class_list":["post-6037","page","type-page","status-publish","hentry"],"acf":[],"yoast_head":"<!-- This site is optimized with the Yoast SEO plugin v27.3 - https:\/\/yoast.com\/product\/yoast-seo-wordpress\/ -->\n<title>GPS-Tracking-System f\u00fcr Wohnmobile - Monimoto Deutschland<\/title>\n<meta name=\"description\" content=\"Sch\u00fctzen Sie Ihr Wohnmobil mit einem Monimoto GPS f\u00fcr die Wohnmobilortung. Ein GPS Tracker wohnmobil hilft, den Diebstahl Ihres Fahrzeugs zu verhindern.\" \/>\n<meta name=\"robots\" content=\"index, follow, max-snippet:-1, max-image-preview:large, max-video-preview:-1\" \/>\n<link rel=\"canonical\" href=\"https:\/\/monimoto.com\/de\/gps-tracker-wohnmobil\/\" \/>\n<meta name=\"twitter:card\" content=\"summary_large_image\" \/>\n<meta name=\"twitter:title\" content=\"GPS-Tracking-System f\u00fcr Wohnmobile - Monimoto Deutschland\" \/>\n<meta name=\"twitter:description\" content=\"Sch\u00fctzen Sie Ihr Wohnmobil mit einem Monimoto GPS f\u00fcr die Wohnmobilortung. Ein GPS Tracker wohnmobil hilft, den Diebstahl Ihres Fahrzeugs zu verhindern.\" \/>\n<script type=\"application\/ld+json\" class=\"yoast-schema-graph\">{\"@context\":\"https:\\\/\\\/schema.org\",\"@graph\":[{\"@type\":\"WebPage\",\"@id\":\"https:\\\/\\\/monimoto.com\\\/de\\\/gps-tracker-wohnmobil\\\/\",\"url\":\"https:\\\/\\\/monimoto.com\\\/de\\\/gps-tracker-wohnmobil\\\/\",\"name\":\"GPS-Tracking-System f\u00fcr Wohnmobile - Monimoto Deutschland\",\"isPartOf\":{\"@id\":\"https:\\\/\\\/monimoto.com\\\/de\\\/#website\"},\"datePublished\":\"2025-02-18T09:44:26+00:00\",\"dateModified\":\"2026-02-02T12:42:26+00:00\",\"description\":\"Sch\u00fctzen Sie Ihr Wohnmobil mit einem Monimoto GPS f\u00fcr die Wohnmobilortung. Ein GPS Tracker wohnmobil hilft, den Diebstahl Ihres Fahrzeugs zu verhindern.\",\"breadcrumb\":{\"@id\":\"https:\\\/\\\/monimoto.com\\\/de\\\/gps-tracker-wohnmobil\\\/#breadcrumb\"},\"inLanguage\":\"de\",\"potentialAction\":[{\"@type\":\"ReadAction\",\"target\":[\"https:\\\/\\\/monimoto.com\\\/de\\\/gps-tracker-wohnmobil\\\/\"]}]},{\"@type\":\"BreadcrumbList\",\"@id\":\"https:\\\/\\\/monimoto.com\\\/de\\\/gps-tracker-wohnmobil\\\/#breadcrumb\",\"itemListElement\":[{\"@type\":\"ListItem\",\"position\":1,\"name\":\"Home\",\"item\":\"https:\\\/\\\/monimoto.com\\\/de\\\/\"},{\"@type\":\"ListItem\",\"position\":2,\"name\":\"GPS-Tracking-System f\u00fcr Wohnmobile\"}]},{\"@type\":\"WebSite\",\"@id\":\"https:\\\/\\\/monimoto.com\\\/de\\\/#website\",\"url\":\"https:\\\/\\\/monimoto.com\\\/de\\\/\",\"name\":\"Monimoto Deutschland\",\"description\":\"Intelligenter Gps Tracker F\u00fcr Motorr\u00e4der\",\"potentialAction\":[{\"@type\":\"SearchAction\",\"target\":{\"@type\":\"EntryPoint\",\"urlTemplate\":\"https:\\\/\\\/monimoto.com\\\/de\\\/?s={search_term_string}\"},\"query-input\":{\"@type\":\"PropertyValueSpecification\",\"valueRequired\":true,\"valueName\":\"search_term_string\"}}],\"inLanguage\":\"de\"}]}<\/script>\n<!-- \/ Yoast SEO plugin. -->","yoast_head_json":{"title":"GPS-Tracking-System f\u00fcr Wohnmobile - Monimoto Deutschland","description":"Sch\u00fctzen Sie Ihr Wohnmobil mit einem Monimoto GPS f\u00fcr die Wohnmobilortung. Ein GPS Tracker wohnmobil hilft, den Diebstahl Ihres Fahrzeugs zu verhindern.","robots":{"index":"index","follow":"follow","max-snippet":"max-snippet:-1","max-image-preview":"max-image-preview:large","max-video-preview":"max-video-preview:-1"},"canonical":"https:\/\/monimoto.com\/de\/gps-tracker-wohnmobil\/","twitter_card":"summary_large_image","twitter_title":"GPS-Tracking-System f\u00fcr Wohnmobile - Monimoto Deutschland","twitter_description":"Sch\u00fctzen Sie Ihr Wohnmobil mit einem Monimoto GPS f\u00fcr die Wohnmobilortung. Ein GPS Tracker wohnmobil hilft, den Diebstahl Ihres Fahrzeugs zu verhindern.","schema":{"@context":"https:\/\/schema.org","@graph":[{"@type":"WebPage","@id":"https:\/\/monimoto.com\/de\/gps-tracker-wohnmobil\/","url":"https:\/\/monimoto.com\/de\/gps-tracker-wohnmobil\/","name":"GPS-Tracking-System f\u00fcr Wohnmobile - Monimoto Deutschland","isPartOf":{"@id":"https:\/\/monimoto.com\/de\/#website"},"datePublished":"2025-02-18T09:44:26+00:00","dateModified":"2026-02-02T12:42:26+00:00","description":"Sch\u00fctzen Sie Ihr Wohnmobil mit einem Monimoto GPS f\u00fcr die Wohnmobilortung. Ein GPS Tracker wohnmobil hilft, den Diebstahl Ihres Fahrzeugs zu verhindern.","breadcrumb":{"@id":"https:\/\/monimoto.com\/de\/gps-tracker-wohnmobil\/#breadcrumb"},"inLanguage":"de","potentialAction":[{"@type":"ReadAction","target":["https:\/\/monimoto.com\/de\/gps-tracker-wohnmobil\/"]}]},{"@type":"BreadcrumbList","@id":"https:\/\/monimoto.com\/de\/gps-tracker-wohnmobil\/#breadcrumb","itemListElement":[{"@type":"ListItem","position":1,"name":"Home","item":"https:\/\/monimoto.com\/de\/"},{"@type":"ListItem","position":2,"name":"GPS-Tracking-System f\u00fcr Wohnmobile"}]},{"@type":"WebSite","@id":"https:\/\/monimoto.com\/de\/#website","url":"https:\/\/monimoto.com\/de\/","name":"Monimoto Deutschland","description":"Intelligenter Gps Tracker F\u00fcr Motorr\u00e4der","potentialAction":[{"@type":"SearchAction","target":{"@type":"EntryPoint","urlTemplate":"https:\/\/monimoto.com\/de\/?s={search_term_string}"},"query-input":{"@type":"PropertyValueSpecification","valueRequired":true,"valueName":"search_term_string"}}],"inLanguage":"de"}]}},"_links":{"self":[{"href":"https:\/\/monimoto.com\/de\/wp-json\/wp\/v2\/pages\/6037","targetHints":{"allow":["GET"]}}],"collection":[{"href":"https:\/\/monimoto.com\/de\/wp-json\/wp\/v2\/pages"}],"about":[{"href":"https:\/\/monimoto.com\/de\/wp-json\/wp\/v2\/types\/page"}],"author":[{"embeddable":true,"href":"https:\/\/monimoto.com\/de\/wp-json\/wp\/v2\/users\/48"}],"replies":[{"embeddable":true,"href":"https:\/\/monimoto.com\/de\/wp-json\/wp\/v2\/comments?post=6037"}],"version-history":[{"count":31,"href":"https:\/\/monimoto.com\/de\/wp-json\/wp\/v2\/pages\/6037\/revisions"}],"predecessor-version":[{"id":6444,"href":"https:\/\/monimoto.com\/de\/wp-json\/wp\/v2\/pages\/6037\/revisions\/6444"}],"wp:attachment":[{"href":"https:\/\/monimoto.com\/de\/wp-json\/wp\/v2\/media?parent=6037"}],"curies":[{"name":"wp","href":"https:\/\/api.w.org\/{rel}","templated":true}]}}