{"id":24,"date":"2019-12-17T09:42:59","date_gmt":"2019-12-17T07:42:59","guid":{"rendered":"https:\/\/monimoto.com\/de\/affiliate-faq\/"},"modified":"2020-03-03T07:23:03","modified_gmt":"2020-03-03T05:23:03","slug":"partaner-faq","status":"publish","type":"page","link":"https:\/\/monimoto.com\/de\/partaner-faq\/","title":{"rendered":"Partner FAQ"},"content":{"rendered":"<h2>Partner FAQ<\/h2>\n<ul>\n<li>Wann werde ich f\u00fcr meine erfolgreichen Empfehlungen bezahlt?<br \/>\nZahlungen werden einmal pro Monat gegen Endes des Monats verarbeitet. Zahlungen erfolgen f\u00fcr alle Empfehlungen, die bis zu diesem Zeitpunkt erfolgt sind.<\/li>\n<li>Wie hoch ist die Provision und wie wird sie berechnet?<br \/>\nSie betr\u00e4gt 10 % des Gesamtwerts der Bestellung.<\/li>\n<li>Wie funktioniert dieses Partnersystem?<br \/>\nAffiliateWP verwendet Cookies, um Partner und Besuche nachzuverfolgen, damit Empfehlungen generiert werden k\u00f6nnen. Wenn ein Kunde auf Ihren Partnerlink klickt und diese Cookies erfolgreich erstellt werden, wird auf dem Bildschirm \u201eBesuche\u201c in AffiliateWP ein Besuch angezeigt. Die Cookies bleiben dann w\u00e4hrend des Kaufs oder Umwandlungsprozesses im Browser, um den korrekten Partner nachzuverfolgen, damit f\u00fcr diesen Partner eine Empfehlung generiert werden kann. Die Cookies bleiben auch f\u00fcr einen Zeitraum von 30 Tagen im Browser des Kunden. Sollten Sie weitere Fragen zu AffiliateWP haben, sehen Sie sich deren FAQ-Seite an.<\/li>\n<\/ul>\n<p>Z\u00f6gern Sich nicht, sich bei weiteren Fragen oder f\u00fcr Unterst\u00fctzung an das <a href=\"https:\/\/monimoto.com\/de\/kontakt\/\">Monimoto-Team<\/a> zu wenden.<\/p>\n","protected":false},"excerpt":{"rendered":"<p>Partner FAQ Wann werde ich f\u00fcr meine erfolgreichen Empfehlungen bezahlt? Zahlungen werden einmal pro Monat gegen Endes des Monats verarbeitet. Zahlungen erfolgen f\u00fcr alle Empfehlungen, die bis zu diesem Zeitpunkt erfolgt sind. Wie hoch ist die Provision und wie wird sie berechnet? Sie betr\u00e4gt 10 % des Gesamtwerts der Bestellung. Wie funktioniert dieses Partnersystem? AffiliateWP <a href=\"https:\/\/monimoto.com\/de\/partaner-faq\/\" class=\"more-link\">&#8230;<span class=\"screen-reader-text\">  Partner FAQ<\/span><\/a><\/p>\n","protected":false},"author":1,"featured_media":0,"parent":0,"menu_order":0,"comment_status":"closed","ping_status":"closed","template":"","meta":{"_acf_changed":false,"footnotes":""},"class_list":["post-24","page","type-page","status-publish","hentry"],"acf":[],"yoast_head":"<!-- This site is optimized with the Yoast SEO plugin v27.5 - https:\/\/yoast.com\/product\/yoast-seo-wordpress\/ -->\n<title>Partner FAQ - Monimoto Deutschland<\/title>\n<meta name=\"robots\" content=\"index, follow, max-snippet:-1, max-image-preview:large, max-video-preview:-1\" \/>\n<link rel=\"canonical\" href=\"https:\/\/monimoto.com\/de\/partaner-faq\/\" \/>\n<meta name=\"twitter:card\" content=\"summary_large_image\" \/>\n<meta name=\"twitter:title\" content=\"Partner FAQ - Monimoto Deutschland\" \/>\n<meta name=\"twitter:description\" content=\"Partner FAQ Wann werde ich f\u00fcr meine erfolgreichen Empfehlungen bezahlt? Zahlungen werden einmal pro Monat gegen Endes des Monats verarbeitet. Zahlungen erfolgen f\u00fcr alle Empfehlungen, die bis zu diesem Zeitpunkt erfolgt sind. Wie hoch ist die Provision und wie wird sie berechnet? Sie betr\u00e4gt 10 % des Gesamtwerts der Bestellung. Wie funktioniert dieses Partnersystem? AffiliateWP ... Partner FAQ\" \/>\n<meta name=\"twitter:label1\" content=\"Gesch\u00e4tzte Lesezeit\" \/>\n\t<meta name=\"twitter:data1\" content=\"1\u00a0Minute\" \/>\n<script type=\"application\/ld+json\" class=\"yoast-schema-graph\">{\"@context\":\"https:\\\/\\\/schema.org\",\"@graph\":[{\"@type\":\"WebPage\",\"@id\":\"https:\\\/\\\/monimoto.com\\\/de\\\/partaner-faq\\\/\",\"url\":\"https:\\\/\\\/monimoto.com\\\/de\\\/partaner-faq\\\/\",\"name\":\"Partner FAQ - Monimoto Deutschland\",\"isPartOf\":{\"@id\":\"https:\\\/\\\/monimoto.com\\\/de\\\/#website\"},\"datePublished\":\"2019-12-17T07:42:59+00:00\",\"dateModified\":\"2020-03-03T05:23:03+00:00\",\"breadcrumb\":{\"@id\":\"https:\\\/\\\/monimoto.com\\\/de\\\/partaner-faq\\\/#breadcrumb\"},\"inLanguage\":\"de\",\"potentialAction\":[{\"@type\":\"ReadAction\",\"target\":[\"https:\\\/\\\/monimoto.com\\\/de\\\/partaner-faq\\\/\"]}]},{\"@type\":\"BreadcrumbList\",\"@id\":\"https:\\\/\\\/monimoto.com\\\/de\\\/partaner-faq\\\/#breadcrumb\",\"itemListElement\":[{\"@type\":\"ListItem\",\"position\":1,\"name\":\"Home\",\"item\":\"https:\\\/\\\/monimoto.com\\\/de\\\/\"},{\"@type\":\"ListItem\",\"position\":2,\"name\":\"Partner FAQ\"}]},{\"@type\":\"WebSite\",\"@id\":\"https:\\\/\\\/monimoto.com\\\/de\\\/#website\",\"url\":\"https:\\\/\\\/monimoto.com\\\/de\\\/\",\"name\":\"Monimoto Deutschland\",\"description\":\"Intelligenter Gps Tracker F\u00fcr Motorr\u00e4der\",\"potentialAction\":[{\"@type\":\"SearchAction\",\"target\":{\"@type\":\"EntryPoint\",\"urlTemplate\":\"https:\\\/\\\/monimoto.com\\\/de\\\/?s={search_term_string}\"},\"query-input\":{\"@type\":\"PropertyValueSpecification\",\"valueRequired\":true,\"valueName\":\"search_term_string\"}}],\"inLanguage\":\"de\"}]}<\/script>\n<!-- \/ Yoast SEO plugin. -->","yoast_head_json":{"title":"Partner FAQ - Monimoto Deutschland","robots":{"index":"index","follow":"follow","max-snippet":"max-snippet:-1","max-image-preview":"max-image-preview:large","max-video-preview":"max-video-preview:-1"},"canonical":"https:\/\/monimoto.com\/de\/partaner-faq\/","twitter_card":"summary_large_image","twitter_title":"Partner FAQ - Monimoto Deutschland","twitter_description":"Partner FAQ Wann werde ich f\u00fcr meine erfolgreichen Empfehlungen bezahlt? Zahlungen werden einmal pro Monat gegen Endes des Monats verarbeitet. Zahlungen erfolgen f\u00fcr alle Empfehlungen, die bis zu diesem Zeitpunkt erfolgt sind. Wie hoch ist die Provision und wie wird sie berechnet? Sie betr\u00e4gt 10 % des Gesamtwerts der Bestellung. Wie funktioniert dieses Partnersystem? AffiliateWP ... Partner FAQ","twitter_misc":{"Gesch\u00e4tzte Lesezeit":"1\u00a0Minute"},"schema":{"@context":"https:\/\/schema.org","@graph":[{"@type":"WebPage","@id":"https:\/\/monimoto.com\/de\/partaner-faq\/","url":"https:\/\/monimoto.com\/de\/partaner-faq\/","name":"Partner FAQ - Monimoto Deutschland","isPartOf":{"@id":"https:\/\/monimoto.com\/de\/#website"},"datePublished":"2019-12-17T07:42:59+00:00","dateModified":"2020-03-03T05:23:03+00:00","breadcrumb":{"@id":"https:\/\/monimoto.com\/de\/partaner-faq\/#breadcrumb"},"inLanguage":"de","potentialAction":[{"@type":"ReadAction","target":["https:\/\/monimoto.com\/de\/partaner-faq\/"]}]},{"@type":"BreadcrumbList","@id":"https:\/\/monimoto.com\/de\/partaner-faq\/#breadcrumb","itemListElement":[{"@type":"ListItem","position":1,"name":"Home","item":"https:\/\/monimoto.com\/de\/"},{"@type":"ListItem","position":2,"name":"Partner FAQ"}]},{"@type":"WebSite","@id":"https:\/\/monimoto.com\/de\/#website","url":"https:\/\/monimoto.com\/de\/","name":"Monimoto Deutschland","description":"Intelligenter Gps Tracker F\u00fcr Motorr\u00e4der","potentialAction":[{"@type":"SearchAction","target":{"@type":"EntryPoint","urlTemplate":"https:\/\/monimoto.com\/de\/?s={search_term_string}"},"query-input":{"@type":"PropertyValueSpecification","valueRequired":true,"valueName":"search_term_string"}}],"inLanguage":"de"}]}},"_links":{"self":[{"href":"https:\/\/monimoto.com\/de\/wp-json\/wp\/v2\/pages\/24","targetHints":{"allow":["GET"]}}],"collection":[{"href":"https:\/\/monimoto.com\/de\/wp-json\/wp\/v2\/pages"}],"about":[{"href":"https:\/\/monimoto.com\/de\/wp-json\/wp\/v2\/types\/page"}],"author":[{"embeddable":true,"href":"https:\/\/monimoto.com\/de\/wp-json\/wp\/v2\/users\/1"}],"replies":[{"embeddable":true,"href":"https:\/\/monimoto.com\/de\/wp-json\/wp\/v2\/comments?post=24"}],"version-history":[{"count":2,"href":"https:\/\/monimoto.com\/de\/wp-json\/wp\/v2\/pages\/24\/revisions"}],"predecessor-version":[{"id":517,"href":"https:\/\/monimoto.com\/de\/wp-json\/wp\/v2\/pages\/24\/revisions\/517"}],"wp:attachment":[{"href":"https:\/\/monimoto.com\/de\/wp-json\/wp\/v2\/media?parent=24"}],"curies":[{"name":"wp","href":"https:\/\/api.w.org\/{rel}","templated":true}]}}