{"id":23,"date":"2019-12-17T12:40:24","date_gmt":"2019-12-17T10:40:24","guid":{"rendered":"https:\/\/monimoto.com\/de\/about-us\/"},"modified":"2025-02-18T14:54:27","modified_gmt":"2025-02-18T12:54:27","slug":"uber-uns","status":"publish","type":"page","link":"https:\/\/monimoto.com\/de\/uber-uns\/","title":{"rendered":"\u00dcber uns"},"content":{"rendered":"<p>Seit 2013 entwickelt und erfindet unser Team an passionierten Motorradfahrern, damals Teil eines anderen Unternehmens, unsere pers\u00f6nliche Version von L\u00f6sungen zur Diebstahlsicherung f\u00fcr Motorr\u00e4der.<\/p>\n<p>2016 entwickelten wir uns zu einem eigenst\u00e4ndigen Unternehmen und haben unsere Ressourcen der Realisierung unserer Vision gewidmet. Mit unserer eigenen Technologie haben wir autonome akkubetriebene GPS-Ger\u00e4te als unser charakteristisches Produkt entwickelt.<\/p>\n<p>Wir sind der Meinung, dass der Schutz des Motorrads f\u00fcr jeden Fahrer einfach und erschwinglich sein muss. Daher m\u00f6chten wir eine bequeme M\u00f6glichkeit zum Installieren und Verwenden von Alarm- und Ortungssystemen f\u00fcr Motorr\u00e4der anbieten.<\/p>\n","protected":false},"excerpt":{"rendered":"<p>Seit 2013 entwickelt und erfindet unser Team an passionierten Motorradfahrern, damals Teil eines anderen Unternehmens, unsere pers\u00f6nliche Version von L\u00f6sungen zur Diebstahlsicherung f\u00fcr Motorr\u00e4der. 2016 entwickelten wir uns zu einem eigenst\u00e4ndigen Unternehmen und haben unsere Ressourcen der Realisierung unserer Vision gewidmet. Mit unserer eigenen Technologie haben wir autonome akkubetriebene GPS-Ger\u00e4te als unser charakteristisches Produkt entwickelt. <a href=\"https:\/\/monimoto.com\/de\/uber-uns\/\" class=\"more-link\">&#8230;<span class=\"screen-reader-text\">  \u00dcber uns<\/span><\/a><\/p>\n","protected":false},"author":1,"featured_media":0,"parent":0,"menu_order":0,"comment_status":"closed","ping_status":"closed","template":"","meta":{"_acf_changed":false,"footnotes":""},"class_list":["post-23","page","type-page","status-publish","hentry"],"acf":[],"yoast_head":"<!-- This site is optimized with the Yoast SEO plugin v27.4 - https:\/\/yoast.com\/product\/yoast-seo-wordpress\/ -->\n<title>\u00dcber uns - Monimoto Deutschland<\/title>\n<meta name=\"description\" content=\"Seit 2013 entwickelt und erfindet unser Team an passionierten Motorradfahrern unsere pers\u00f6nliche Version von L\u00f6sungen zur Diebstahlsicherung f\u00fcr Motorr\u00e4der.\" \/>\n<meta name=\"robots\" content=\"index, follow, max-snippet:-1, max-image-preview:large, max-video-preview:-1\" \/>\n<link rel=\"canonical\" href=\"https:\/\/monimoto.com\/de\/uber-uns\/\" \/>\n<meta name=\"twitter:card\" content=\"summary_large_image\" \/>\n<meta name=\"twitter:title\" content=\"\u00dcber uns - Monimoto Deutschland\" \/>\n<meta name=\"twitter:description\" content=\"Seit 2013 entwickelt und erfindet unser Team an passionierten Motorradfahrern unsere pers\u00f6nliche Version von L\u00f6sungen zur Diebstahlsicherung f\u00fcr Motorr\u00e4der.\" \/>\n<meta name=\"twitter:label1\" content=\"Gesch\u00e4tzte Lesezeit\" \/>\n\t<meta name=\"twitter:data1\" content=\"1\u00a0Minute\" \/>\n<script type=\"application\/ld+json\" class=\"yoast-schema-graph\">{\"@context\":\"https:\\\/\\\/schema.org\",\"@graph\":[{\"@type\":\"WebPage\",\"@id\":\"https:\\\/\\\/monimoto.com\\\/de\\\/uber-uns\\\/\",\"url\":\"https:\\\/\\\/monimoto.com\\\/de\\\/uber-uns\\\/\",\"name\":\"\u00dcber uns - Monimoto Deutschland\",\"isPartOf\":{\"@id\":\"https:\\\/\\\/monimoto.com\\\/de\\\/#website\"},\"datePublished\":\"2019-12-17T10:40:24+00:00\",\"dateModified\":\"2025-02-18T12:54:27+00:00\",\"description\":\"Seit 2013 entwickelt und erfindet unser Team an passionierten Motorradfahrern unsere pers\u00f6nliche Version von L\u00f6sungen zur Diebstahlsicherung f\u00fcr Motorr\u00e4der.\",\"breadcrumb\":{\"@id\":\"https:\\\/\\\/monimoto.com\\\/de\\\/uber-uns\\\/#breadcrumb\"},\"inLanguage\":\"de\",\"potentialAction\":[{\"@type\":\"ReadAction\",\"target\":[\"https:\\\/\\\/monimoto.com\\\/de\\\/uber-uns\\\/\"]}]},{\"@type\":\"BreadcrumbList\",\"@id\":\"https:\\\/\\\/monimoto.com\\\/de\\\/uber-uns\\\/#breadcrumb\",\"itemListElement\":[{\"@type\":\"ListItem\",\"position\":1,\"name\":\"Home\",\"item\":\"https:\\\/\\\/monimoto.com\\\/de\\\/\"},{\"@type\":\"ListItem\",\"position\":2,\"name\":\"\u00dcber uns\"}]},{\"@type\":\"WebSite\",\"@id\":\"https:\\\/\\\/monimoto.com\\\/de\\\/#website\",\"url\":\"https:\\\/\\\/monimoto.com\\\/de\\\/\",\"name\":\"Monimoto Deutschland\",\"description\":\"Intelligenter Gps Tracker F\u00fcr Motorr\u00e4der\",\"potentialAction\":[{\"@type\":\"SearchAction\",\"target\":{\"@type\":\"EntryPoint\",\"urlTemplate\":\"https:\\\/\\\/monimoto.com\\\/de\\\/?s={search_term_string}\"},\"query-input\":{\"@type\":\"PropertyValueSpecification\",\"valueRequired\":true,\"valueName\":\"search_term_string\"}}],\"inLanguage\":\"de\"}]}<\/script>\n<!-- \/ Yoast SEO plugin. -->","yoast_head_json":{"title":"\u00dcber uns - Monimoto Deutschland","description":"Seit 2013 entwickelt und erfindet unser Team an passionierten Motorradfahrern unsere pers\u00f6nliche Version von L\u00f6sungen zur Diebstahlsicherung f\u00fcr Motorr\u00e4der.","robots":{"index":"index","follow":"follow","max-snippet":"max-snippet:-1","max-image-preview":"max-image-preview:large","max-video-preview":"max-video-preview:-1"},"canonical":"https:\/\/monimoto.com\/de\/uber-uns\/","twitter_card":"summary_large_image","twitter_title":"\u00dcber uns - Monimoto Deutschland","twitter_description":"Seit 2013 entwickelt und erfindet unser Team an passionierten Motorradfahrern unsere pers\u00f6nliche Version von L\u00f6sungen zur Diebstahlsicherung f\u00fcr Motorr\u00e4der.","twitter_misc":{"Gesch\u00e4tzte Lesezeit":"1\u00a0Minute"},"schema":{"@context":"https:\/\/schema.org","@graph":[{"@type":"WebPage","@id":"https:\/\/monimoto.com\/de\/uber-uns\/","url":"https:\/\/monimoto.com\/de\/uber-uns\/","name":"\u00dcber uns - Monimoto Deutschland","isPartOf":{"@id":"https:\/\/monimoto.com\/de\/#website"},"datePublished":"2019-12-17T10:40:24+00:00","dateModified":"2025-02-18T12:54:27+00:00","description":"Seit 2013 entwickelt und erfindet unser Team an passionierten Motorradfahrern unsere pers\u00f6nliche Version von L\u00f6sungen zur Diebstahlsicherung f\u00fcr Motorr\u00e4der.","breadcrumb":{"@id":"https:\/\/monimoto.com\/de\/uber-uns\/#breadcrumb"},"inLanguage":"de","potentialAction":[{"@type":"ReadAction","target":["https:\/\/monimoto.com\/de\/uber-uns\/"]}]},{"@type":"BreadcrumbList","@id":"https:\/\/monimoto.com\/de\/uber-uns\/#breadcrumb","itemListElement":[{"@type":"ListItem","position":1,"name":"Home","item":"https:\/\/monimoto.com\/de\/"},{"@type":"ListItem","position":2,"name":"\u00dcber uns"}]},{"@type":"WebSite","@id":"https:\/\/monimoto.com\/de\/#website","url":"https:\/\/monimoto.com\/de\/","name":"Monimoto Deutschland","description":"Intelligenter Gps Tracker F\u00fcr Motorr\u00e4der","potentialAction":[{"@type":"SearchAction","target":{"@type":"EntryPoint","urlTemplate":"https:\/\/monimoto.com\/de\/?s={search_term_string}"},"query-input":{"@type":"PropertyValueSpecification","valueRequired":true,"valueName":"search_term_string"}}],"inLanguage":"de"}]}},"_links":{"self":[{"href":"https:\/\/monimoto.com\/de\/wp-json\/wp\/v2\/pages\/23","targetHints":{"allow":["GET"]}}],"collection":[{"href":"https:\/\/monimoto.com\/de\/wp-json\/wp\/v2\/pages"}],"about":[{"href":"https:\/\/monimoto.com\/de\/wp-json\/wp\/v2\/types\/page"}],"author":[{"embeddable":true,"href":"https:\/\/monimoto.com\/de\/wp-json\/wp\/v2\/users\/1"}],"replies":[{"embeddable":true,"href":"https:\/\/monimoto.com\/de\/wp-json\/wp\/v2\/comments?post=23"}],"version-history":[{"count":6,"href":"https:\/\/monimoto.com\/de\/wp-json\/wp\/v2\/pages\/23\/revisions"}],"predecessor-version":[{"id":6092,"href":"https:\/\/monimoto.com\/de\/wp-json\/wp\/v2\/pages\/23\/revisions\/6092"}],"wp:attachment":[{"href":"https:\/\/monimoto.com\/de\/wp-json\/wp\/v2\/media?parent=23"}],"curies":[{"name":"wp","href":"https:\/\/api.w.org\/{rel}","templated":true}]}}