{"id":19,"date":"2019-12-17T19:21:12","date_gmt":"2019-12-17T17:21:12","guid":{"rendered":"https:\/\/monimoto.com\/de\/how-it-works\/"},"modified":"2024-03-08T09:51:44","modified_gmt":"2024-03-08T07:51:44","slug":"funktionsweise","status":"publish","type":"page","link":"https:\/\/monimoto.com\/de\/funktionsweise\/","title":{"rendered":"Funktionsweise"},"content":{"rendered":"","protected":false},"excerpt":{"rendered":"","protected":false},"author":1,"featured_media":37858,"parent":0,"menu_order":0,"comment_status":"closed","ping_status":"closed","template":"","meta":{"_acf_changed":false,"footnotes":""},"class_list":["post-19","page","type-page","status-publish","has-post-thumbnail","hentry"],"acf":[],"yoast_head":"<!-- This site is optimized with the Yoast SEO plugin v27.3 - https:\/\/yoast.com\/product\/yoast-seo-wordpress\/ -->\n<title>Funktionsweise - Monimoto Deutschland<\/title>\n<meta name=\"description\" content=\"Finden Sie heraus, wie Monimoto-Ger\u00e4t, Schl\u00fcssel und mobile App nahtlos zusammenarbeiten und Ihr Motorrad an jedem Ort gegen Diebstahl sch\u00fctzen.\" \/>\n<meta name=\"robots\" content=\"index, follow, max-snippet:-1, max-image-preview:large, max-video-preview:-1\" \/>\n<link rel=\"canonical\" href=\"https:\/\/monimoto.com\/de\/funktionsweise\/\" \/>\n<meta name=\"twitter:card\" content=\"summary_large_image\" \/>\n<meta name=\"twitter:title\" content=\"Funktionsweise - Monimoto Deutschland\" \/>\n<meta name=\"twitter:description\" content=\"Finden Sie heraus, wie Monimoto-Ger\u00e4t, Schl\u00fcssel und mobile App nahtlos zusammenarbeiten und Ihr Motorrad an jedem Ort gegen Diebstahl sch\u00fctzen.\" \/>\n<meta name=\"twitter:label1\" content=\"Gesch\u00e4tzte Lesezeit\" \/>\n\t<meta name=\"twitter:data1\" content=\"1\u00a0Minute\" \/>\n<script type=\"application\/ld+json\" class=\"yoast-schema-graph\">{\"@context\":\"https:\\\/\\\/schema.org\",\"@graph\":[{\"@type\":\"WebPage\",\"@id\":\"https:\\\/\\\/monimoto.com\\\/de\\\/funktionsweise\\\/\",\"url\":\"https:\\\/\\\/monimoto.com\\\/de\\\/funktionsweise\\\/\",\"name\":\"Funktionsweise - Monimoto Deutschland\",\"isPartOf\":{\"@id\":\"https:\\\/\\\/monimoto.com\\\/de\\\/#website\"},\"primaryImageOfPage\":{\"@id\":\"https:\\\/\\\/monimoto.com\\\/de\\\/funktionsweise\\\/#primaryimage\"},\"image\":{\"@id\":\"https:\\\/\\\/monimoto.com\\\/de\\\/funktionsweise\\\/#primaryimage\"},\"thumbnailUrl\":\"https:\\\/\\\/monimoto.com\\\/media\\\/Monimoto_7_share_DE.jpg\",\"datePublished\":\"2019-12-17T17:21:12+00:00\",\"dateModified\":\"2024-03-08T07:51:44+00:00\",\"description\":\"Finden Sie heraus, wie Monimoto-Ger\u00e4t, Schl\u00fcssel und mobile App nahtlos zusammenarbeiten und Ihr Motorrad an jedem Ort gegen Diebstahl sch\u00fctzen.\",\"breadcrumb\":{\"@id\":\"https:\\\/\\\/monimoto.com\\\/de\\\/funktionsweise\\\/#breadcrumb\"},\"inLanguage\":\"de\",\"potentialAction\":[{\"@type\":\"ReadAction\",\"target\":[\"https:\\\/\\\/monimoto.com\\\/de\\\/funktionsweise\\\/\"]}]},{\"@type\":\"ImageObject\",\"inLanguage\":\"de\",\"@id\":\"https:\\\/\\\/monimoto.com\\\/de\\\/funktionsweise\\\/#primaryimage\",\"url\":\"https:\\\/\\\/monimoto.com\\\/media\\\/Monimoto_7_share_DE.jpg\",\"contentUrl\":\"https:\\\/\\\/monimoto.com\\\/media\\\/Monimoto_7_share_DE.jpg\"},{\"@type\":\"BreadcrumbList\",\"@id\":\"https:\\\/\\\/monimoto.com\\\/de\\\/funktionsweise\\\/#breadcrumb\",\"itemListElement\":[{\"@type\":\"ListItem\",\"position\":1,\"name\":\"Home\",\"item\":\"https:\\\/\\\/monimoto.com\\\/de\\\/\"},{\"@type\":\"ListItem\",\"position\":2,\"name\":\"Funktionsweise\"}]},{\"@type\":\"WebSite\",\"@id\":\"https:\\\/\\\/monimoto.com\\\/de\\\/#website\",\"url\":\"https:\\\/\\\/monimoto.com\\\/de\\\/\",\"name\":\"Monimoto Deutschland\",\"description\":\"Intelligenter Gps Tracker F\u00fcr Motorr\u00e4der\",\"potentialAction\":[{\"@type\":\"SearchAction\",\"target\":{\"@type\":\"EntryPoint\",\"urlTemplate\":\"https:\\\/\\\/monimoto.com\\\/de\\\/?s={search_term_string}\"},\"query-input\":{\"@type\":\"PropertyValueSpecification\",\"valueRequired\":true,\"valueName\":\"search_term_string\"}}],\"inLanguage\":\"de\"}]}<\/script>\n<!-- \/ Yoast SEO plugin. -->","yoast_head_json":{"title":"Funktionsweise - Monimoto Deutschland","description":"Finden Sie heraus, wie Monimoto-Ger\u00e4t, Schl\u00fcssel und mobile App nahtlos zusammenarbeiten und Ihr Motorrad an jedem Ort gegen Diebstahl sch\u00fctzen.","robots":{"index":"index","follow":"follow","max-snippet":"max-snippet:-1","max-image-preview":"max-image-preview:large","max-video-preview":"max-video-preview:-1"},"canonical":"https:\/\/monimoto.com\/de\/funktionsweise\/","twitter_card":"summary_large_image","twitter_title":"Funktionsweise - Monimoto Deutschland","twitter_description":"Finden Sie heraus, wie Monimoto-Ger\u00e4t, Schl\u00fcssel und mobile App nahtlos zusammenarbeiten und Ihr Motorrad an jedem Ort gegen Diebstahl sch\u00fctzen.","twitter_misc":{"Gesch\u00e4tzte Lesezeit":"1\u00a0Minute"},"schema":{"@context":"https:\/\/schema.org","@graph":[{"@type":"WebPage","@id":"https:\/\/monimoto.com\/de\/funktionsweise\/","url":"https:\/\/monimoto.com\/de\/funktionsweise\/","name":"Funktionsweise - Monimoto Deutschland","isPartOf":{"@id":"https:\/\/monimoto.com\/de\/#website"},"primaryImageOfPage":{"@id":"https:\/\/monimoto.com\/de\/funktionsweise\/#primaryimage"},"image":{"@id":"https:\/\/monimoto.com\/de\/funktionsweise\/#primaryimage"},"thumbnailUrl":"https:\/\/monimoto.com\/media\/Monimoto_7_share_DE.jpg","datePublished":"2019-12-17T17:21:12+00:00","dateModified":"2024-03-08T07:51:44+00:00","description":"Finden Sie heraus, wie Monimoto-Ger\u00e4t, Schl\u00fcssel und mobile App nahtlos zusammenarbeiten und Ihr Motorrad an jedem Ort gegen Diebstahl sch\u00fctzen.","breadcrumb":{"@id":"https:\/\/monimoto.com\/de\/funktionsweise\/#breadcrumb"},"inLanguage":"de","potentialAction":[{"@type":"ReadAction","target":["https:\/\/monimoto.com\/de\/funktionsweise\/"]}]},{"@type":"ImageObject","inLanguage":"de","@id":"https:\/\/monimoto.com\/de\/funktionsweise\/#primaryimage","url":"https:\/\/monimoto.com\/media\/Monimoto_7_share_DE.jpg","contentUrl":"https:\/\/monimoto.com\/media\/Monimoto_7_share_DE.jpg"},{"@type":"BreadcrumbList","@id":"https:\/\/monimoto.com\/de\/funktionsweise\/#breadcrumb","itemListElement":[{"@type":"ListItem","position":1,"name":"Home","item":"https:\/\/monimoto.com\/de\/"},{"@type":"ListItem","position":2,"name":"Funktionsweise"}]},{"@type":"WebSite","@id":"https:\/\/monimoto.com\/de\/#website","url":"https:\/\/monimoto.com\/de\/","name":"Monimoto Deutschland","description":"Intelligenter Gps Tracker F\u00fcr Motorr\u00e4der","potentialAction":[{"@type":"SearchAction","target":{"@type":"EntryPoint","urlTemplate":"https:\/\/monimoto.com\/de\/?s={search_term_string}"},"query-input":{"@type":"PropertyValueSpecification","valueRequired":true,"valueName":"search_term_string"}}],"inLanguage":"de"}]}},"_links":{"self":[{"href":"https:\/\/monimoto.com\/de\/wp-json\/wp\/v2\/pages\/19","targetHints":{"allow":["GET"]}}],"collection":[{"href":"https:\/\/monimoto.com\/de\/wp-json\/wp\/v2\/pages"}],"about":[{"href":"https:\/\/monimoto.com\/de\/wp-json\/wp\/v2\/types\/page"}],"author":[{"embeddable":true,"href":"https:\/\/monimoto.com\/de\/wp-json\/wp\/v2\/users\/1"}],"replies":[{"embeddable":true,"href":"https:\/\/monimoto.com\/de\/wp-json\/wp\/v2\/comments?post=19"}],"version-history":[{"count":10,"href":"https:\/\/monimoto.com\/de\/wp-json\/wp\/v2\/pages\/19\/revisions"}],"predecessor-version":[{"id":5741,"href":"https:\/\/monimoto.com\/de\/wp-json\/wp\/v2\/pages\/19\/revisions\/5741"}],"wp:featuredmedia":[{"embeddable":true,"href":"https:\/\/monimoto.com\/de\/wp-json\/"}],"wp:attachment":[{"href":"https:\/\/monimoto.com\/de\/wp-json\/wp\/v2\/media?parent=19"}],"curies":[{"name":"wp","href":"https:\/\/api.w.org\/{rel}","templated":true}]}}