{"id":16,"date":"2019-12-18T13:29:08","date_gmt":"2019-12-18T11:29:08","guid":{"rendered":"https:\/\/monimoto.com\/de\/shipping-and-returns\/"},"modified":"2022-11-24T11:40:09","modified_gmt":"2022-11-24T09:40:09","slug":"shipping-and-returns","status":"publish","type":"page","link":"https:\/\/monimoto.com\/de\/shipping-and-returns\/","title":{"rendered":"VERSAND UND R\u00dcCKGABE"},"content":{"rendered":"<h2>VERSANDPOLITIK<\/h2>\n<p>Monimoto UAB (&#8222;wir&#8220; und &#8222;uns&#8220;) ist der Betreiber von (<a href=\"https:\/\/monimoto.com\/\" target=\"_blank\" rel=\"noopener\">https:\/\/monimoto.com\/<\/a>) <span style=\"font-weight: 400;\">(&#8222;Webseite&#8220;). Wenn Sie eine Bestellung \u00fcber diese Website aufgeben, erkl\u00e4ren Sie sich mit den nachstehenden Bedingungen einverstanden. Diese werden bereitgestellt, um sicherzustellen, dass beide Parteien sich dieser Vereinbarung bewusst sind und ihr zustimmen, um sich gegenseitig zu sch\u00fctzen und die Erwartungen an unseren Service zu erf\u00fcllen.<\/span><\/p>\n<p><strong>ALLGEMEINES<\/strong><br \/>\n<span style=\"font-weight: 400;\">Vorbehaltlich der Verf\u00fcgbarkeit auf Lager. Wir bem\u00fchen uns um eine genaue Bestandsaufnahme auf unserer Website, aber von Zeit zu Zeit kann es zu Unstimmigkeiten im Lagerbestand kommen und wir k\u00f6nnen nicht alle Artikel zum Zeitpunkt des Kaufs liefern. In diesem Fall werden wir Ihnen die verf\u00fcgbaren Produkte liefern und uns mit Ihnen in Verbindung setzen, um zu kl\u00e4ren, ob Sie die Wiederauff\u00fcllung der Lagerbest\u00e4nde abwarten m\u00f6chten oder ob Sie eine R\u00fcckerstattung w\u00fcnschen.<\/span><\/p>\n<p><strong>KOSTENLOSER VERSAND<\/strong><br \/>\nWir bieten kostenlosen Expressversand f\u00fcr alle Bestellungen.<\/p>\n<p><strong>LIEFERBEDINGUNGEN<\/strong><br \/>\n<span style=\"font-weight: 400;\">In der Regel sind Bestellungen innerhalb der Europ\u00e4ischen Union und des Vereinigten K\u00f6nigreichs 1-4 Tage unterwegs, internationale Bestellungen (au\u00dferhalb der Europ\u00e4ischen Union) 3 &#8211; 7 Tage. Dies variiert je nach Zielland\/-staat.<\/span><\/p>\n<p><strong>LIEFERZEIT<\/strong><br \/>\n<span style=\"font-weight: 400;\">Die Bestellungen werden in der Regel innerhalb von 1-2 Werktagen nach Eingang der Zahlung versandt.<\/span><br \/>\n<span style=\"font-weight: 400;\">Unser Lager ist in Betrieb von <\/span> <strong>Montag &#8211; Freitag <\/strong><span style=\"font-weight: 400;\">w\u00e4hrend der \u00fcblichen Gesch\u00e4ftszeiten, au\u00dfer an nationalen Feiertagen, an denen das Lager geschlossen ist. In diesen F\u00e4llen ergreifen wir Ma\u00dfnahmen, um die Verz\u00f6gerungen beim Versand auf ein Minimum zu beschr\u00e4nken. Alle Bestellungen werden von unserem Vertriebszentrum in Litauen aus versandt.\u00a0<\/span><\/p>\n<p><strong>\u00c4NDERUNG DER LIEFERADRESSE<\/strong><br \/>\n<span style=\"font-weight: 400;\">Wenn Sie eine \u00c4nderung der Lieferadresse w\u00fcnschen, k\u00f6nnen wir die Adresse jederzeit \u00e4ndern, bevor die Bestellung versandt wird. In diesem Fall, kontaktieren Sie uns per E-Mail &#8211; <\/span><a href=\"mailto:support@monimoto.com\" target=\"_blank\" rel=\"noopener\">support@monimoto.com<\/a><\/p>\n<p><strong>VERSANDBESCHR\u00c4NKUNGEN<\/strong><br \/>\nBestellungen k\u00f6nnen nicht an P.O. Boxes versandt werden<br \/>\nBestellungen k\u00f6nnen nicht an Milit\u00e4radressen versandt werden.<br \/>\nBestellungen werden nur an Werktagen (Montag bis Freitag) versandt.<\/p>\n<p><strong>LIEFERFRIST \u00dcBERSCHRITTEN<\/strong><br \/>\n<span style=\"font-weight: 400;\">Wenn die Lieferzeit die prognostizierte Zeit \u00fcberschritten hat, kontaktieren Sie uns bitte per E-Mail <\/span><a href=\"mailto:support@monimoto.com\" target=\"_blank\" rel=\"noopener\">support@monimoto.com<\/a> damit wir eine Untersuchung durchf\u00fchren k\u00f6nnen.<\/p>\n<p><strong>TRACKING-BENACHRICHTIGUNGEN<\/strong><br \/>\n<span style=\"font-weight: 400;\">Nach dem Versand erhalten Sie einen Link zur Sendungsverfolgung, \u00fcber den Sie den Fortschritt Ihrer Sendung anhand der neuesten Informationen des Versanddienstleisters verfolgen k\u00f6nnen.<\/span><\/p>\n<p><strong>ABGABEN &amp; STEUERN<\/strong><br \/>\n<span style=\"font-weight: 400;\">Einfuhrz\u00f6lle und Steuern f\u00fcr internationale Sendungen (au\u00dferhalb der Europ\u00e4ischen Union und des Vereinigten K\u00f6nigreichs) k\u00f6nnen bei der Ankunft im Zielland f\u00e4llig werden. Dies ist von Land zu Land unterschiedlich. Wir empfehlen Ihnen, sich \u00fcber diese m\u00f6glichen Kosten zu informieren, bevor Sie eine Bestellung bei uns aufgeben.<\/span><\/p>\n<p><span style=\"font-weight: 400;\">Wenn Sie sich weigern, bei der Ankunft in Ihrem Bestimmungsland Z\u00f6lle und Steuern zu zahlen, werden die Waren auf Kosten des Kunden zur\u00fcckgeschickt, und der Kunde erh\u00e4lt eine R\u00fcckerstattung des gezahlten Warenwertes abz\u00fcglich der Kosten f\u00fcr den R\u00fcckversand. Die Kosten f\u00fcr den urspr\u00fcnglichen Versand werden nicht zur\u00fcckerstattet.<\/span><\/p>\n<p><strong>ANNULLIERUNG<\/strong><br \/>\n<span style=\"font-weight: 400;\">Wenn Sie Ihre Meinung \u00e4ndern, bevor Sie Ihre Bestellung erhalten haben, k\u00f6nnen wir Stornierungen jederzeit akzeptieren, bevor die Bestellung versandt wurde. Wenn eine Bestellung bereits versandt wurde, beachten Sie bitte unsere R\u00fcckerstattungsrichtlinie.<\/span><\/p>\n<h2>R\u00dcCKGABE &amp; ERSTATTUNGSPOLITIK<\/h2>\n<p>Danke f\u00fcr Ihren Einkauf auf der Monimoto UAB Website (<a href=\"https:\/\/monimoto.com\/\" target=\"_blank\" rel=\"noopener\">https:\/\/monimoto.com\/<\/a>). <span style=\"font-weight: 400;\">Wir m\u00f6chten sicherstellen, dass Sie bei der Erkundung, Bewertung und dem Kauf unserer Produkte ein positives Erlebnis haben. F\u00fcr eine bessere Bearbeitung Ihrer R\u00fcckgabeanfrage empfehlen wir Ihnen, den Support per E-Mail zu kontaktieren <a href=\"mailto:support@monimoto.com\" target=\"_blank\" rel=\"noopener\">support@monimoto.com<\/a>. <\/span><\/p>\n<p><strong>R\u00dcCKGABE AUFGRUND VON MEINUNGS\u00c4NDERUNGEN<\/strong><br \/>\n<span style=\"font-weight: 400;\">Monimoto UAB akzeptiert gerne R\u00fccksendungen aufgrund von Meinungs\u00e4nderungen, solange ein R\u00fcckgabeantrag innerhalb von 30 Tagen nach Erhalt des Artikels bei uns eingeht und in der Originalverpackung an uns zur\u00fcckgeschickt wird. Unsere 30-Tage-Geld-zur\u00fcck-Garantie gilt nur f\u00fcr Eink\u00e4ufe, die auf dieser Website und direkt bei Monimoto UAB get\u00e4tigt wurden.<\/span><\/p>\n<p><span style=\"font-weight: 400;\">Die Kosten f\u00fcr die R\u00fccksendung gehen zu Ihren Lasten und Sie m\u00fcssen selbst f\u00fcr den Versand sorgen. Sobald wir die R\u00fccksendung erhalten und akzeptiert haben, wird die R\u00fcckerstattung auf Ihre urspr\u00fcngliche Zahlungsmethode erfolgen. Wir werden Sie per E-Mail benachrichtigen, sobald dies abgeschlossen ist.<\/span><\/p>\n<p><span style=\"font-weight: 400;\">Monimoto UAB erstattet den Wert der zur\u00fcckgesandten Waren, jedoch NICHT den Wert der bezahlten Versandkosten.<\/span><span style=\"font-weight: 400;\">.<\/span><\/p>\n<p><strong>GARANTIE-R\u00dcCKGABEN<\/strong><br \/>\n<span style=\"font-weight: 400;\">Monimoto UAB wird alle g\u00fcltigen Garantieanspr\u00fcche anerkennen, vorausgesetzt, dass ein Anspruch innerhalb von 2 Jahren nach Erhalt der Artikel eingereicht wird.<\/span><\/p>\n<p><span style=\"font-weight: 400;\">Wir helfen Ihnen, die Abholung auf Firmenkosten zu arrangieren, wenn dies m\u00f6glich ist. Andernfalls m\u00fcssen Sie die Kosten f\u00fcr die R\u00fccksendung selbst tragen, die wir Ihnen jedoch bei erfolgreicher Inanspruchnahme der Garantie erstatten.<\/span><\/p>\n<p><span style=\"font-weight: 400;\">Nach R\u00fccksendung der Ware im Garantiefall k\u00f6nnen Sie davon ausgehen, dass Monimoto UAB Ihren Garantieanspruch innerhalb von 7 Tagen bearbeitet.<\/span><\/p>\n<p><strong>ERSTATTUNG<\/strong><br \/>\n<span style=\"font-weight: 400;\">Sobald die R\u00fccksendung eingegangen ist und akzeptiert wurde, wird die R\u00fcckerstattung auf Ihre Zahlungsmethode \u00fcberwiesen. Wir werden Sie per E-Mail benachrichtigen, sobald dies abgeschlossen ist. Je nach Ihrer Bank kann es bis zu 14 Tage dauern, bis das Geld auf Ihrem Konto eingeht. Paypal-R\u00fcckerstattungen erreichen Ihr Konto sofort, nachdem die R\u00fcckerstattung eingeleitet wurde.<\/span><\/p>\n<p><strong>VERSAND<\/strong><br \/>\n<span style=\"font-weight: 400;\">Monimoto, UAB ist nicht verantwortlich f\u00fcr die R\u00fccksendekosten. Jeder Versand muss vom Kunden bezahlt werden, auch wenn der Artikel in erster Linie kostenlosen Versand hatte, muss der Kunde f\u00fcr die R\u00fccksendung bezahlen.<br \/>\n<\/span><\/p>\n<p><strong>\u00c4NDERUNGEN UNSERER R\u00dcCKERSTATTUNGSPOLITIK<\/strong><br \/>\n<span style=\"font-weight: 400;\">Sollten wir dieses Dokument aktualisieren, erg\u00e4nzen oder \u00e4ndern, damit es unseren Service und unsere Richtlinien korrekt wiedergibt. Sofern nicht anderweitig gesetzlich vorgeschrieben, werden diese \u00c4nderungen an dieser Stelle deutlich sichtbar ver\u00f6ffentlicht. Wenn Sie den Service dann weiterhin nutzen, sind Sie an die aktualisierte R\u00fcckgabe- und Erstattungsrichtlinie gebunden. <\/span><\/p>\n<p><strong>KONTAKT US<\/strong><br \/>\n<span style=\"font-weight: 400;\">Wenn Sie aus irgendeinem Grund mit einer Ware oder einem Service, den wir anbieten, nicht zufrieden sind, z\u00f6gern Sie nicht, uns zu kontaktieren und wir werden alle Probleme, die Sie mit unserem Produkt haben, besprechen. E-Mail: <\/span><a href=\"mailto:support@monimoto.com\" target=\"_blank\" rel=\"noopener\">support@monimoto.com<\/a><\/p>\n","protected":false},"excerpt":{"rendered":"<p>VERSANDPOLITIK Monimoto UAB (&#8222;wir&#8220; und &#8222;uns&#8220;) ist der Betreiber von (https:\/\/monimoto.com\/) (&#8222;Webseite&#8220;). Wenn Sie eine Bestellung \u00fcber diese Website aufgeben, erkl\u00e4ren Sie sich mit den nachstehenden Bedingungen einverstanden. Diese werden bereitgestellt, um sicherzustellen, dass beide Parteien sich dieser Vereinbarung bewusst sind und ihr zustimmen, um sich gegenseitig zu sch\u00fctzen und die Erwartungen an unseren Service <a href=\"https:\/\/monimoto.com\/de\/shipping-and-returns\/\" class=\"more-link\">&#8230;<span class=\"screen-reader-text\">  VERSAND UND R\u00dcCKGABE<\/span><\/a><\/p>\n","protected":false},"author":1,"featured_media":0,"parent":0,"menu_order":0,"comment_status":"closed","ping_status":"closed","template":"","meta":{"_acf_changed":false,"footnotes":""},"class_list":["post-16","page","type-page","status-publish","hentry"],"acf":[],"yoast_head":"<!-- This site is optimized with the Yoast SEO plugin v27.4 - https:\/\/yoast.com\/product\/yoast-seo-wordpress\/ -->\n<title>VERSAND UND R\u00dcCKGABE - Monimoto Deutschland<\/title>\n<meta name=\"description\" content=\"Die Monimoto-Bestellung wird am n\u00e4chsten Werktag per Expressversand versandt. Wir bieten 30 Tage Geld-zur\u00fcck-Garantie f\u00fcr Ihre Eink\u00e4ufe.\" \/>\n<meta name=\"robots\" content=\"index, follow, max-snippet:-1, max-image-preview:large, max-video-preview:-1\" \/>\n<link rel=\"canonical\" href=\"https:\/\/monimoto.com\/de\/shipping-and-returns\/\" \/>\n<meta name=\"twitter:card\" content=\"summary_large_image\" \/>\n<meta name=\"twitter:title\" content=\"VERSAND UND R\u00dcCKGABE - Monimoto Deutschland\" \/>\n<meta name=\"twitter:description\" content=\"Die Monimoto-Bestellung wird am n\u00e4chsten Werktag per Expressversand versandt. Wir bieten 30 Tage Geld-zur\u00fcck-Garantie f\u00fcr Ihre Eink\u00e4ufe.\" \/>\n<meta name=\"twitter:label1\" content=\"Gesch\u00e4tzte Lesezeit\" \/>\n\t<meta name=\"twitter:data1\" content=\"1\u00a0Minute\" \/>\n<script type=\"application\/ld+json\" class=\"yoast-schema-graph\">{\"@context\":\"https:\\\/\\\/schema.org\",\"@graph\":[{\"@type\":\"WebPage\",\"@id\":\"https:\\\/\\\/monimoto.com\\\/de\\\/shipping-and-returns\\\/\",\"url\":\"https:\\\/\\\/monimoto.com\\\/de\\\/shipping-and-returns\\\/\",\"name\":\"VERSAND UND R\u00dcCKGABE - Monimoto Deutschland\",\"isPartOf\":{\"@id\":\"https:\\\/\\\/monimoto.com\\\/de\\\/#website\"},\"datePublished\":\"2019-12-18T11:29:08+00:00\",\"dateModified\":\"2022-11-24T09:40:09+00:00\",\"description\":\"Die Monimoto-Bestellung wird am n\u00e4chsten Werktag per Expressversand versandt. Wir bieten 30 Tage Geld-zur\u00fcck-Garantie f\u00fcr Ihre Eink\u00e4ufe.\",\"breadcrumb\":{\"@id\":\"https:\\\/\\\/monimoto.com\\\/de\\\/shipping-and-returns\\\/#breadcrumb\"},\"inLanguage\":\"de\",\"potentialAction\":[{\"@type\":\"ReadAction\",\"target\":[\"https:\\\/\\\/monimoto.com\\\/de\\\/shipping-and-returns\\\/\"]}]},{\"@type\":\"BreadcrumbList\",\"@id\":\"https:\\\/\\\/monimoto.com\\\/de\\\/shipping-and-returns\\\/#breadcrumb\",\"itemListElement\":[{\"@type\":\"ListItem\",\"position\":1,\"name\":\"Home\",\"item\":\"https:\\\/\\\/monimoto.com\\\/de\\\/\"},{\"@type\":\"ListItem\",\"position\":2,\"name\":\"VERSAND UND R\u00dcCKGABE\"}]},{\"@type\":\"WebSite\",\"@id\":\"https:\\\/\\\/monimoto.com\\\/de\\\/#website\",\"url\":\"https:\\\/\\\/monimoto.com\\\/de\\\/\",\"name\":\"Monimoto Deutschland\",\"description\":\"Intelligenter Gps Tracker F\u00fcr Motorr\u00e4der\",\"potentialAction\":[{\"@type\":\"SearchAction\",\"target\":{\"@type\":\"EntryPoint\",\"urlTemplate\":\"https:\\\/\\\/monimoto.com\\\/de\\\/?s={search_term_string}\"},\"query-input\":{\"@type\":\"PropertyValueSpecification\",\"valueRequired\":true,\"valueName\":\"search_term_string\"}}],\"inLanguage\":\"de\"}]}<\/script>\n<!-- \/ Yoast SEO plugin. -->","yoast_head_json":{"title":"VERSAND UND R\u00dcCKGABE - Monimoto Deutschland","description":"Die Monimoto-Bestellung wird am n\u00e4chsten Werktag per Expressversand versandt. Wir bieten 30 Tage Geld-zur\u00fcck-Garantie f\u00fcr Ihre Eink\u00e4ufe.","robots":{"index":"index","follow":"follow","max-snippet":"max-snippet:-1","max-image-preview":"max-image-preview:large","max-video-preview":"max-video-preview:-1"},"canonical":"https:\/\/monimoto.com\/de\/shipping-and-returns\/","twitter_card":"summary_large_image","twitter_title":"VERSAND UND R\u00dcCKGABE - Monimoto Deutschland","twitter_description":"Die Monimoto-Bestellung wird am n\u00e4chsten Werktag per Expressversand versandt. Wir bieten 30 Tage Geld-zur\u00fcck-Garantie f\u00fcr Ihre Eink\u00e4ufe.","twitter_misc":{"Gesch\u00e4tzte Lesezeit":"1\u00a0Minute"},"schema":{"@context":"https:\/\/schema.org","@graph":[{"@type":"WebPage","@id":"https:\/\/monimoto.com\/de\/shipping-and-returns\/","url":"https:\/\/monimoto.com\/de\/shipping-and-returns\/","name":"VERSAND UND R\u00dcCKGABE - Monimoto Deutschland","isPartOf":{"@id":"https:\/\/monimoto.com\/de\/#website"},"datePublished":"2019-12-18T11:29:08+00:00","dateModified":"2022-11-24T09:40:09+00:00","description":"Die Monimoto-Bestellung wird am n\u00e4chsten Werktag per Expressversand versandt. Wir bieten 30 Tage Geld-zur\u00fcck-Garantie f\u00fcr Ihre Eink\u00e4ufe.","breadcrumb":{"@id":"https:\/\/monimoto.com\/de\/shipping-and-returns\/#breadcrumb"},"inLanguage":"de","potentialAction":[{"@type":"ReadAction","target":["https:\/\/monimoto.com\/de\/shipping-and-returns\/"]}]},{"@type":"BreadcrumbList","@id":"https:\/\/monimoto.com\/de\/shipping-and-returns\/#breadcrumb","itemListElement":[{"@type":"ListItem","position":1,"name":"Home","item":"https:\/\/monimoto.com\/de\/"},{"@type":"ListItem","position":2,"name":"VERSAND UND R\u00dcCKGABE"}]},{"@type":"WebSite","@id":"https:\/\/monimoto.com\/de\/#website","url":"https:\/\/monimoto.com\/de\/","name":"Monimoto Deutschland","description":"Intelligenter Gps Tracker F\u00fcr Motorr\u00e4der","potentialAction":[{"@type":"SearchAction","target":{"@type":"EntryPoint","urlTemplate":"https:\/\/monimoto.com\/de\/?s={search_term_string}"},"query-input":{"@type":"PropertyValueSpecification","valueRequired":true,"valueName":"search_term_string"}}],"inLanguage":"de"}]}},"_links":{"self":[{"href":"https:\/\/monimoto.com\/de\/wp-json\/wp\/v2\/pages\/16","targetHints":{"allow":["GET"]}}],"collection":[{"href":"https:\/\/monimoto.com\/de\/wp-json\/wp\/v2\/pages"}],"about":[{"href":"https:\/\/monimoto.com\/de\/wp-json\/wp\/v2\/types\/page"}],"author":[{"embeddable":true,"href":"https:\/\/monimoto.com\/de\/wp-json\/wp\/v2\/users\/1"}],"replies":[{"embeddable":true,"href":"https:\/\/monimoto.com\/de\/wp-json\/wp\/v2\/comments?post=16"}],"version-history":[{"count":7,"href":"https:\/\/monimoto.com\/de\/wp-json\/wp\/v2\/pages\/16\/revisions"}],"predecessor-version":[{"id":4158,"href":"https:\/\/monimoto.com\/de\/wp-json\/wp\/v2\/pages\/16\/revisions\/4158"}],"wp:attachment":[{"href":"https:\/\/monimoto.com\/de\/wp-json\/wp\/v2\/media?parent=16"}],"curies":[{"name":"wp","href":"https:\/\/api.w.org\/{rel}","templated":true}]}}