{"id":1588,"date":"2021-02-15T11:55:35","date_gmt":"2021-02-15T09:55:35","guid":{"rendered":"https:\/\/monimoto.com\/de\/?page_id=1588"},"modified":"2024-03-07T14:16:00","modified_gmt":"2024-03-07T12:16:00","slug":"motorrad-diebstahlsicherung-loesung","status":"publish","type":"page","link":"https:\/\/monimoto.com\/de\/motorrad-diebstahlsicherung-loesung\/","title":{"rendered":"Premium Qualit\u00e4t Diebstahlsicherungsl\u00f6sung f\u00fcr Motorrad"},"content":{"rendered":"","protected":false},"excerpt":{"rendered":"","protected":false},"author":1,"featured_media":4999,"parent":0,"menu_order":0,"comment_status":"closed","ping_status":"closed","template":"","meta":{"_acf_changed":false,"footnotes":""},"class_list":["post-1588","page","type-page","status-publish","has-post-thumbnail","hentry"],"acf":[],"yoast_head":"<!-- This site is optimized with the Yoast SEO plugin v27.4 - https:\/\/yoast.com\/product\/yoast-seo-wordpress\/ -->\n<title>Premium Qualit\u00e4t Diebstahlsicherungsl\u00f6sung f\u00fcr Motorrad - Monimoto Deutschland<\/title>\n<meta name=\"description\" content=\"Kabelloser GPS Tracker gegen Diebstahl f\u00fcr Motorr\u00e4der, der Ihr Handy anruft und GPS Standort and die App sendet, wenn Ihr Motorrad gestohlen wird.\" \/>\n<meta name=\"robots\" content=\"index, follow, max-snippet:-1, max-image-preview:large, max-video-preview:-1\" \/>\n<link rel=\"canonical\" href=\"https:\/\/monimoto.com\/de\/motorrad-diebstahlsicherung-loesung\/\" \/>\n<meta name=\"twitter:card\" content=\"summary_large_image\" \/>\n<meta name=\"twitter:title\" content=\"Premium Qualit\u00e4t Diebstahlsicherungsl\u00f6sung f\u00fcr Motorrad - Monimoto Deutschland\" \/>\n<meta name=\"twitter:description\" content=\"Kabelloser GPS Tracker gegen Diebstahl f\u00fcr Motorr\u00e4der, der Ihr Handy anruft und GPS Standort and die App sendet, wenn Ihr Motorrad gestohlen wird.\" \/>\n<meta name=\"twitter:label1\" content=\"Gesch\u00e4tzte Lesezeit\" \/>\n\t<meta name=\"twitter:data1\" content=\"1\u00a0Minute\" \/>\n<script type=\"application\/ld+json\" class=\"yoast-schema-graph\">{\"@context\":\"https:\\\/\\\/schema.org\",\"@graph\":[{\"@type\":\"WebPage\",\"@id\":\"https:\\\/\\\/monimoto.com\\\/de\\\/motorrad-diebstahlsicherung-loesung\\\/\",\"url\":\"https:\\\/\\\/monimoto.com\\\/de\\\/motorrad-diebstahlsicherung-loesung\\\/\",\"name\":\"Premium Qualit\u00e4t Diebstahlsicherungsl\u00f6sung f\u00fcr Motorrad - Monimoto Deutschland\",\"isPartOf\":{\"@id\":\"https:\\\/\\\/monimoto.com\\\/de\\\/#website\"},\"primaryImageOfPage\":{\"@id\":\"https:\\\/\\\/monimoto.com\\\/de\\\/motorrad-diebstahlsicherung-loesung\\\/#primaryimage\"},\"image\":{\"@id\":\"https:\\\/\\\/monimoto.com\\\/de\\\/motorrad-diebstahlsicherung-loesung\\\/#primaryimage\"},\"thumbnailUrl\":\"https:\\\/\\\/monimoto.com\\\/media\\\/monimoto-fb-share-image-de.jpg\",\"datePublished\":\"2021-02-15T09:55:35+00:00\",\"dateModified\":\"2024-03-07T12:16:00+00:00\",\"description\":\"Kabelloser GPS Tracker gegen Diebstahl f\u00fcr Motorr\u00e4der, der Ihr Handy anruft und GPS Standort and die App sendet, wenn Ihr Motorrad gestohlen wird.\",\"breadcrumb\":{\"@id\":\"https:\\\/\\\/monimoto.com\\\/de\\\/motorrad-diebstahlsicherung-loesung\\\/#breadcrumb\"},\"inLanguage\":\"de\",\"potentialAction\":[{\"@type\":\"ReadAction\",\"target\":[\"https:\\\/\\\/monimoto.com\\\/de\\\/motorrad-diebstahlsicherung-loesung\\\/\"]}]},{\"@type\":\"ImageObject\",\"inLanguage\":\"de\",\"@id\":\"https:\\\/\\\/monimoto.com\\\/de\\\/motorrad-diebstahlsicherung-loesung\\\/#primaryimage\",\"url\":\"https:\\\/\\\/monimoto.com\\\/media\\\/monimoto-fb-share-image-de.jpg\",\"contentUrl\":\"https:\\\/\\\/monimoto.com\\\/media\\\/monimoto-fb-share-image-de.jpg\"},{\"@type\":\"BreadcrumbList\",\"@id\":\"https:\\\/\\\/monimoto.com\\\/de\\\/motorrad-diebstahlsicherung-loesung\\\/#breadcrumb\",\"itemListElement\":[{\"@type\":\"ListItem\",\"position\":1,\"name\":\"Home\",\"item\":\"https:\\\/\\\/monimoto.com\\\/de\\\/\"},{\"@type\":\"ListItem\",\"position\":2,\"name\":\"Premium Qualit\u00e4t Diebstahlsicherungsl\u00f6sung f\u00fcr Motorrad\"}]},{\"@type\":\"WebSite\",\"@id\":\"https:\\\/\\\/monimoto.com\\\/de\\\/#website\",\"url\":\"https:\\\/\\\/monimoto.com\\\/de\\\/\",\"name\":\"Monimoto Deutschland\",\"description\":\"Intelligenter Gps Tracker F\u00fcr Motorr\u00e4der\",\"potentialAction\":[{\"@type\":\"SearchAction\",\"target\":{\"@type\":\"EntryPoint\",\"urlTemplate\":\"https:\\\/\\\/monimoto.com\\\/de\\\/?s={search_term_string}\"},\"query-input\":{\"@type\":\"PropertyValueSpecification\",\"valueRequired\":true,\"valueName\":\"search_term_string\"}}],\"inLanguage\":\"de\"}]}<\/script>\n<!-- \/ Yoast SEO plugin. -->","yoast_head_json":{"title":"Premium Qualit\u00e4t Diebstahlsicherungsl\u00f6sung f\u00fcr Motorrad - Monimoto Deutschland","description":"Kabelloser GPS Tracker gegen Diebstahl f\u00fcr Motorr\u00e4der, der Ihr Handy anruft und GPS Standort and die App sendet, wenn Ihr Motorrad gestohlen wird.","robots":{"index":"index","follow":"follow","max-snippet":"max-snippet:-1","max-image-preview":"max-image-preview:large","max-video-preview":"max-video-preview:-1"},"canonical":"https:\/\/monimoto.com\/de\/motorrad-diebstahlsicherung-loesung\/","twitter_card":"summary_large_image","twitter_title":"Premium Qualit\u00e4t Diebstahlsicherungsl\u00f6sung f\u00fcr Motorrad - Monimoto Deutschland","twitter_description":"Kabelloser GPS Tracker gegen Diebstahl f\u00fcr Motorr\u00e4der, der Ihr Handy anruft und GPS Standort and die App sendet, wenn Ihr Motorrad gestohlen wird.","twitter_misc":{"Gesch\u00e4tzte Lesezeit":"1\u00a0Minute"},"schema":{"@context":"https:\/\/schema.org","@graph":[{"@type":"WebPage","@id":"https:\/\/monimoto.com\/de\/motorrad-diebstahlsicherung-loesung\/","url":"https:\/\/monimoto.com\/de\/motorrad-diebstahlsicherung-loesung\/","name":"Premium Qualit\u00e4t Diebstahlsicherungsl\u00f6sung f\u00fcr Motorrad - Monimoto Deutschland","isPartOf":{"@id":"https:\/\/monimoto.com\/de\/#website"},"primaryImageOfPage":{"@id":"https:\/\/monimoto.com\/de\/motorrad-diebstahlsicherung-loesung\/#primaryimage"},"image":{"@id":"https:\/\/monimoto.com\/de\/motorrad-diebstahlsicherung-loesung\/#primaryimage"},"thumbnailUrl":"https:\/\/monimoto.com\/media\/monimoto-fb-share-image-de.jpg","datePublished":"2021-02-15T09:55:35+00:00","dateModified":"2024-03-07T12:16:00+00:00","description":"Kabelloser GPS Tracker gegen Diebstahl f\u00fcr Motorr\u00e4der, der Ihr Handy anruft und GPS Standort and die App sendet, wenn Ihr Motorrad gestohlen wird.","breadcrumb":{"@id":"https:\/\/monimoto.com\/de\/motorrad-diebstahlsicherung-loesung\/#breadcrumb"},"inLanguage":"de","potentialAction":[{"@type":"ReadAction","target":["https:\/\/monimoto.com\/de\/motorrad-diebstahlsicherung-loesung\/"]}]},{"@type":"ImageObject","inLanguage":"de","@id":"https:\/\/monimoto.com\/de\/motorrad-diebstahlsicherung-loesung\/#primaryimage","url":"https:\/\/monimoto.com\/media\/monimoto-fb-share-image-de.jpg","contentUrl":"https:\/\/monimoto.com\/media\/monimoto-fb-share-image-de.jpg"},{"@type":"BreadcrumbList","@id":"https:\/\/monimoto.com\/de\/motorrad-diebstahlsicherung-loesung\/#breadcrumb","itemListElement":[{"@type":"ListItem","position":1,"name":"Home","item":"https:\/\/monimoto.com\/de\/"},{"@type":"ListItem","position":2,"name":"Premium Qualit\u00e4t Diebstahlsicherungsl\u00f6sung f\u00fcr Motorrad"}]},{"@type":"WebSite","@id":"https:\/\/monimoto.com\/de\/#website","url":"https:\/\/monimoto.com\/de\/","name":"Monimoto Deutschland","description":"Intelligenter Gps Tracker F\u00fcr Motorr\u00e4der","potentialAction":[{"@type":"SearchAction","target":{"@type":"EntryPoint","urlTemplate":"https:\/\/monimoto.com\/de\/?s={search_term_string}"},"query-input":{"@type":"PropertyValueSpecification","valueRequired":true,"valueName":"search_term_string"}}],"inLanguage":"de"}]}},"_links":{"self":[{"href":"https:\/\/monimoto.com\/de\/wp-json\/wp\/v2\/pages\/1588","targetHints":{"allow":["GET"]}}],"collection":[{"href":"https:\/\/monimoto.com\/de\/wp-json\/wp\/v2\/pages"}],"about":[{"href":"https:\/\/monimoto.com\/de\/wp-json\/wp\/v2\/types\/page"}],"author":[{"embeddable":true,"href":"https:\/\/monimoto.com\/de\/wp-json\/wp\/v2\/users\/1"}],"replies":[{"embeddable":true,"href":"https:\/\/monimoto.com\/de\/wp-json\/wp\/v2\/comments?post=1588"}],"version-history":[{"count":16,"href":"https:\/\/monimoto.com\/de\/wp-json\/wp\/v2\/pages\/1588\/revisions"}],"predecessor-version":[{"id":5738,"href":"https:\/\/monimoto.com\/de\/wp-json\/wp\/v2\/pages\/1588\/revisions\/5738"}],"wp:featuredmedia":[{"embeddable":true,"href":"https:\/\/monimoto.com\/de\/wp-json\/"}],"wp:attachment":[{"href":"https:\/\/monimoto.com\/de\/wp-json\/wp\/v2\/media?parent=1588"}],"curies":[{"name":"wp","href":"https:\/\/api.w.org\/{rel}","templated":true}]}}