{"id":13,"date":"2019-12-18T15:12:33","date_gmt":"2019-12-18T13:12:33","guid":{"rendered":"https:\/\/monimoto.com\/de\/the-smart-tracker-for-motorcycles\/"},"modified":"2026-02-27T10:30:31","modified_gmt":"2026-02-27T08:30:31","slug":"the-smart-tracker-for-motorcycles","status":"publish","type":"page","link":"https:\/\/monimoto.com\/de\/","title":{"rendered":"Der intelligente Tracker f\u00fcr Motorr\u00e4der"},"content":{"rendered":"","protected":false},"excerpt":{"rendered":"","protected":false},"author":1,"featured_media":37858,"parent":0,"menu_order":0,"comment_status":"closed","ping_status":"closed","template":"","meta":{"_acf_changed":false,"footnotes":""},"class_list":["post-13","page","type-page","status-publish","has-post-thumbnail","hentry"],"acf":[],"yoast_head":"<!-- This site is optimized with the Yoast SEO plugin v27.3 - https:\/\/yoast.com\/product\/yoast-seo-wordpress\/ -->\n<title>Der intelligente Tracker f\u00fcr Motorr\u00e4der - Monimoto Deutschland<\/title>\n<meta name=\"description\" content=\"Kabelloser, GPS-Tracker zur Diebstahlsicherung f\u00fcr Motorr\u00e4der, der Ihr Smartphone anruft und GPS-Standortkoordinaten sendet, wenn Ihr Motorrad gestohlen wird.\" \/>\n<meta name=\"robots\" content=\"index, follow, max-snippet:-1, max-image-preview:large, max-video-preview:-1\" \/>\n<link rel=\"canonical\" href=\"https:\/\/monimoto.com\/de\/\" \/>\n<meta name=\"twitter:card\" content=\"summary_large_image\" \/>\n<meta name=\"twitter:title\" content=\"Der intelligente Tracker f\u00fcr Motorr\u00e4der - Monimoto Deutschland\" \/>\n<meta name=\"twitter:description\" content=\"Kabelloser, GPS-Tracker zur Diebstahlsicherung f\u00fcr Motorr\u00e4der, der Ihr Smartphone anruft und GPS-Standortkoordinaten sendet, wenn Ihr Motorrad gestohlen wird.\" \/>\n<meta name=\"twitter:label1\" content=\"Gesch\u00e4tzte Lesezeit\" \/>\n\t<meta name=\"twitter:data1\" content=\"1\u00a0Minute\" \/>\n<script type=\"application\/ld+json\" class=\"yoast-schema-graph\">{\"@context\":\"https:\\\/\\\/schema.org\",\"@graph\":[{\"@type\":\"WebPage\",\"@id\":\"https:\\\/\\\/monimoto.com\\\/de\\\/\",\"url\":\"https:\\\/\\\/monimoto.com\\\/de\\\/\",\"name\":\"Der intelligente Tracker f\u00fcr Motorr\u00e4der - Monimoto Deutschland\",\"isPartOf\":{\"@id\":\"https:\\\/\\\/monimoto.com\\\/de\\\/#website\"},\"primaryImageOfPage\":{\"@id\":\"https:\\\/\\\/monimoto.com\\\/de\\\/#primaryimage\"},\"image\":{\"@id\":\"https:\\\/\\\/monimoto.com\\\/de\\\/#primaryimage\"},\"thumbnailUrl\":\"https:\\\/\\\/monimoto.com\\\/media\\\/Monimoto_7_share_DE.jpg\",\"datePublished\":\"2019-12-18T13:12:33+00:00\",\"dateModified\":\"2026-02-27T08:30:31+00:00\",\"description\":\"Kabelloser, GPS-Tracker zur Diebstahlsicherung f\u00fcr Motorr\u00e4der, der Ihr Smartphone anruft und GPS-Standortkoordinaten sendet, wenn Ihr Motorrad gestohlen wird.\",\"breadcrumb\":{\"@id\":\"https:\\\/\\\/monimoto.com\\\/de\\\/#breadcrumb\"},\"inLanguage\":\"de\",\"potentialAction\":[{\"@type\":\"ReadAction\",\"target\":[\"https:\\\/\\\/monimoto.com\\\/de\\\/\"]}]},{\"@type\":\"ImageObject\",\"inLanguage\":\"de\",\"@id\":\"https:\\\/\\\/monimoto.com\\\/de\\\/#primaryimage\",\"url\":\"https:\\\/\\\/monimoto.com\\\/media\\\/Monimoto_7_share_DE.jpg\",\"contentUrl\":\"https:\\\/\\\/monimoto.com\\\/media\\\/Monimoto_7_share_DE.jpg\"},{\"@type\":\"BreadcrumbList\",\"@id\":\"https:\\\/\\\/monimoto.com\\\/de\\\/#breadcrumb\",\"itemListElement\":[{\"@type\":\"ListItem\",\"position\":1,\"name\":\"Home\",\"item\":\"https:\\\/\\\/monimoto.com\\\/de\\\/\"},{\"@type\":\"ListItem\",\"position\":2,\"name\":\"Der intelligente Tracker f\u00fcr Motorr\u00e4der\"}]},{\"@type\":\"WebSite\",\"@id\":\"https:\\\/\\\/monimoto.com\\\/de\\\/#website\",\"url\":\"https:\\\/\\\/monimoto.com\\\/de\\\/\",\"name\":\"Monimoto Deutschland\",\"description\":\"Intelligenter Gps Tracker F\u00fcr Motorr\u00e4der\",\"potentialAction\":[{\"@type\":\"SearchAction\",\"target\":{\"@type\":\"EntryPoint\",\"urlTemplate\":\"https:\\\/\\\/monimoto.com\\\/de\\\/?s={search_term_string}\"},\"query-input\":{\"@type\":\"PropertyValueSpecification\",\"valueRequired\":true,\"valueName\":\"search_term_string\"}}],\"inLanguage\":\"de\"}]}<\/script>\n<!-- \/ Yoast SEO plugin. -->","yoast_head_json":{"title":"Der intelligente Tracker f\u00fcr Motorr\u00e4der - Monimoto Deutschland","description":"Kabelloser, GPS-Tracker zur Diebstahlsicherung f\u00fcr Motorr\u00e4der, der Ihr Smartphone anruft und GPS-Standortkoordinaten sendet, wenn Ihr Motorrad gestohlen wird.","robots":{"index":"index","follow":"follow","max-snippet":"max-snippet:-1","max-image-preview":"max-image-preview:large","max-video-preview":"max-video-preview:-1"},"canonical":"https:\/\/monimoto.com\/de\/","twitter_card":"summary_large_image","twitter_title":"Der intelligente Tracker f\u00fcr Motorr\u00e4der - Monimoto Deutschland","twitter_description":"Kabelloser, GPS-Tracker zur Diebstahlsicherung f\u00fcr Motorr\u00e4der, der Ihr Smartphone anruft und GPS-Standortkoordinaten sendet, wenn Ihr Motorrad gestohlen wird.","twitter_misc":{"Gesch\u00e4tzte Lesezeit":"1\u00a0Minute"},"schema":{"@context":"https:\/\/schema.org","@graph":[{"@type":"WebPage","@id":"https:\/\/monimoto.com\/de\/","url":"https:\/\/monimoto.com\/de\/","name":"Der intelligente Tracker f\u00fcr Motorr\u00e4der - Monimoto Deutschland","isPartOf":{"@id":"https:\/\/monimoto.com\/de\/#website"},"primaryImageOfPage":{"@id":"https:\/\/monimoto.com\/de\/#primaryimage"},"image":{"@id":"https:\/\/monimoto.com\/de\/#primaryimage"},"thumbnailUrl":"https:\/\/monimoto.com\/media\/Monimoto_7_share_DE.jpg","datePublished":"2019-12-18T13:12:33+00:00","dateModified":"2026-02-27T08:30:31+00:00","description":"Kabelloser, GPS-Tracker zur Diebstahlsicherung f\u00fcr Motorr\u00e4der, der Ihr Smartphone anruft und GPS-Standortkoordinaten sendet, wenn Ihr Motorrad gestohlen wird.","breadcrumb":{"@id":"https:\/\/monimoto.com\/de\/#breadcrumb"},"inLanguage":"de","potentialAction":[{"@type":"ReadAction","target":["https:\/\/monimoto.com\/de\/"]}]},{"@type":"ImageObject","inLanguage":"de","@id":"https:\/\/monimoto.com\/de\/#primaryimage","url":"https:\/\/monimoto.com\/media\/Monimoto_7_share_DE.jpg","contentUrl":"https:\/\/monimoto.com\/media\/Monimoto_7_share_DE.jpg"},{"@type":"BreadcrumbList","@id":"https:\/\/monimoto.com\/de\/#breadcrumb","itemListElement":[{"@type":"ListItem","position":1,"name":"Home","item":"https:\/\/monimoto.com\/de\/"},{"@type":"ListItem","position":2,"name":"Der intelligente Tracker f\u00fcr Motorr\u00e4der"}]},{"@type":"WebSite","@id":"https:\/\/monimoto.com\/de\/#website","url":"https:\/\/monimoto.com\/de\/","name":"Monimoto Deutschland","description":"Intelligenter Gps Tracker F\u00fcr Motorr\u00e4der","potentialAction":[{"@type":"SearchAction","target":{"@type":"EntryPoint","urlTemplate":"https:\/\/monimoto.com\/de\/?s={search_term_string}"},"query-input":{"@type":"PropertyValueSpecification","valueRequired":true,"valueName":"search_term_string"}}],"inLanguage":"de"}]}},"_links":{"self":[{"href":"https:\/\/monimoto.com\/de\/wp-json\/wp\/v2\/pages\/13","targetHints":{"allow":["GET"]}}],"collection":[{"href":"https:\/\/monimoto.com\/de\/wp-json\/wp\/v2\/pages"}],"about":[{"href":"https:\/\/monimoto.com\/de\/wp-json\/wp\/v2\/types\/page"}],"author":[{"embeddable":true,"href":"https:\/\/monimoto.com\/de\/wp-json\/wp\/v2\/users\/1"}],"replies":[{"embeddable":true,"href":"https:\/\/monimoto.com\/de\/wp-json\/wp\/v2\/comments?post=13"}],"version-history":[{"count":101,"href":"https:\/\/monimoto.com\/de\/wp-json\/wp\/v2\/pages\/13\/revisions"}],"predecessor-version":[{"id":6461,"href":"https:\/\/monimoto.com\/de\/wp-json\/wp\/v2\/pages\/13\/revisions\/6461"}],"wp:featuredmedia":[{"embeddable":true,"href":"https:\/\/monimoto.com\/de\/wp-json\/"}],"wp:attachment":[{"href":"https:\/\/monimoto.com\/de\/wp-json\/wp\/v2\/media?parent=13"}],"curies":[{"name":"wp","href":"https:\/\/api.w.org\/{rel}","templated":true}]}}